{"id":879,"date":"2022-12-09T18:44:39","date_gmt":"2022-12-09T17:44:39","guid":{"rendered":"https:\/\/www.tvgrebin.de\/?page_id=879"},"modified":"2026-03-27T15:24:38","modified_gmt":"2026-03-27T14:24:38","slug":"neuen-bandenflaeche-fuer-die-sponsoren","status":"publish","type":"page","link":"https:\/\/www.tvgrebin.de\/index.php\/unterstuetzer\/neuen-bandenflaeche-fuer-die-sponsoren\/","title":{"rendered":"Neue Bandenfl\u00e4che auf dem A-Platz"},"content":{"rendered":"\n<div class=\"wp-block-columns is-layout-flex wp-container-core-columns-is-layout-9d6595d7 wp-block-columns-is-layout-flex\">\n<div class=\"wp-block-column is-layout-flow wp-block-column-is-layout-flow\">\n<p>Bereits im vergangenen Sommer 2022 war es so weit, dass der TVG eine neue Bandenfl\u00e4che erhielt. Den zahlreichen und gro\u00dfz\u00fcgigen Sponsoren, die den Fu\u00dfball und dadurch den gesamten Verein mit ihren finanziellen Mitteln unterst\u00fctzen sei DANKE gesagt!<\/p>\n<blockquote>\n<p>Nun sind die schicken neuen Banden an ihrem Platz und jedem*r Besucher*in wird klar wieviel starken Support wir hier im Verein eigentlich haben!<\/p>\n<\/blockquote>\n<\/div>\n<\/div>\n\n\n\n<div class=\"wp-block-columns is-layout-flex wp-container-core-columns-is-layout-9d6595d7 wp-block-columns-is-layout-flex\">\n<div class=\"wp-block-column is-layout-flow wp-block-column-is-layout-flow\"><div class=\"wp-block-image\">\n<figure class=\"aligncenter size-full\"><img loading=\"lazy\" decoding=\"async\" width=\"1200\" height=\"900\" src=\"https:\/\/www.tvgrebin.de\/wp-content\/uploads\/2022\/12\/IMG_20220703_140235-1.jpg\" alt=\"\" class=\"wp-image-963\"\/><\/figure>\n<\/div><\/div>\n\n\n\n<div class=\"wp-block-column is-layout-flow wp-block-column-is-layout-flow\"><div class=\"wp-block-image\">\n<figure class=\"aligncenter size-full\"><img loading=\"lazy\" decoding=\"async\" width=\"1200\" height=\"900\" src=\"https:\/\/www.tvgrebin.de\/wp-content\/uploads\/2022\/12\/IMG_20220703_140250.jpg\" alt=\"\" class=\"wp-image-964\"\/><\/figure>\n<\/div><\/div>\n\n\n\n<div class=\"wp-block-column is-layout-flow wp-block-column-is-layout-flow\">\n<figure class=\"wp-block-image size-full\"><img loading=\"lazy\" decoding=\"async\" width=\"1200\" height=\"900\" src=\"https:\/\/www.tvgrebin.de\/wp-content\/uploads\/2022\/12\/IMG_20220703_140301.jpg\" alt=\"\" class=\"wp-image-965\"\/><\/figure>\n<\/div>\n<\/div>\n\n\n\n<div class=\"wp-block-columns is-layout-flex wp-container-core-columns-is-layout-9d6595d7 wp-block-columns-is-layout-flex\">\n<div class=\"wp-block-column is-layout-flow wp-block-column-is-layout-flow\">\n<p style=\"text-align: left;\"><span style=\"color: #ff0000;\"><strong>Achtung! &#8211; &#8211; &#8211; <\/strong><\/span>Weitere 36m lange Bandenfl\u00e4che ist in Planung und wird im Fr\u00fchjahr 2023 gebaut. <br \/>Die gute Nachricht: <strong>Es ist noch Platz f\u00fcr dein Unternehmen \/ deine Bande \/ deine Werbung<\/strong>. <br \/>Gr\u00f6\u00dfe der Bandenfl\u00e4che betr\u00e4gt 1x3m, sie werden aus langlebigen Aluverbundplatten gefertigt, UV-best\u00e4ndig bedruckt und sind somit f\u00fcr lange Zeit ein echter Hingucker auf unserem Platz! <br \/>Die professionelle Fertigung erfolgt hier durch den <a href=\"https:\/\/foliencenter-eutin.de\/\">Foliencenter Eutin<\/a> &#8211; DANKE auch nochmal dahin!<\/p>\n<\/div>\n<\/div>\n\n\n\n<div class=\"wp-block-columns is-layout-flex wp-container-core-columns-is-layout-9d6595d7 wp-block-columns-is-layout-flex\">\n<div class=\"wp-block-column is-layout-flow wp-block-column-is-layout-flow\">\n<figure class=\"wp-block-image size-full\"><img loading=\"lazy\" decoding=\"async\" width=\"1200\" height=\"900\" src=\"https:\/\/www.tvgrebin.de\/wp-content\/uploads\/2022\/12\/IMG_20220701_134002.jpg\" alt=\"\" class=\"wp-image-967\"\/><\/figure>\n<\/div>\n\n\n\n<div class=\"wp-block-column is-layout-flow wp-block-column-is-layout-flow\">\n<figure class=\"wp-block-image size-full is-resized\"><img loading=\"lazy\" decoding=\"async\" width=\"900\" height=\"1200\" src=\"https:\/\/www.tvgrebin.de\/wp-content\/uploads\/2022\/12\/IMG_20220701_134524.jpg\" alt=\"\" class=\"wp-image-968\" style=\"width:139px;height:104px\"\/><\/figure>\n<\/div>\n\n\n\n<div class=\"wp-block-column is-layout-flow wp-block-column-is-layout-flow\"><div class=\"wp-block-image\">\n<figure class=\"aligncenter size-full is-resized\"><img loading=\"lazy\" decoding=\"async\" width=\"900\" height=\"1200\" src=\"https:\/\/www.tvgrebin.de\/wp-content\/uploads\/2022\/12\/IMG_20220703_122228.jpg\" alt=\"\" class=\"wp-image-969\" style=\"width:141px;height:187px\"\/><\/figure>\n<\/div><\/div>\n\n\n\n<div class=\"wp-block-column is-layout-flow wp-block-column-is-layout-flow\"><div class=\"wp-block-image\">\n<figure class=\"aligncenter size-full is-resized\"><img loading=\"lazy\" decoding=\"async\" width=\"900\" height=\"1200\" src=\"https:\/\/www.tvgrebin.de\/wp-content\/uploads\/2022\/12\/IMG_20220703_122239.jpg\" alt=\"\" class=\"wp-image-970\" style=\"width:140px;height:186px\"\/><\/figure>\n<\/div><\/div>\n\n\n\n<div class=\"wp-block-column is-layout-flow wp-block-column-is-layout-flow\">\n<figure class=\"wp-block-image size-full\"><img loading=\"lazy\" decoding=\"async\" width=\"900\" height=\"1200\" src=\"https:\/\/www.tvgrebin.de\/wp-content\/uploads\/2022\/12\/Banden-paul-weg.jpg\" alt=\"\" class=\"wp-image-982\"\/><\/figure>\n<\/div>\n<\/div>\n\n\n\n<div class=\"wp-block-cover aligncenter has-custom-content-position is-position-bottom-center wp-duotone-unset-1\"><img loading=\"lazy\" decoding=\"async\" width=\"1200\" height=\"900\" class=\"wp-block-cover__image-background wp-image-966\" alt=\"\" src=\"https:\/\/www.tvgrebin.de\/wp-content\/uploads\/2022\/12\/IMG_20220703_140118.jpg\" data-object-fit=\"cover\"\/><span aria-hidden=\"true\" class=\"wp-block-cover__background has-background-dim-0 has-background-dim\"><\/span><div class=\"wp-block-cover__inner-container is-layout-flow wp-block-cover-is-layout-flow\">\n<p class=\"has-text-align-center has-large-font-size\"><mark style=\"background-color:rgba(0, 0, 0, 0)\" class=\"has-inline-color has-luminous-vivid-amber-color\">NEUE SPONSOREN GESUCHT!<\/mark><\/p>\n<\/div><\/div>\n\n\n\n<div class=\"wp-block-columns is-layout-flex wp-container-core-columns-is-layout-9d6595d7 wp-block-columns-is-layout-flex\">\n<div class=\"wp-block-column is-layout-flow wp-block-column-is-layout-flow\">\n<hr \/>\n<h2 style=\"text-align: center;\"><span style=\"color: #ff0000;\">Interessiert an einer Bandenfl\u00e4che?<\/span><\/h2>\n<p style=\"text-align: center;\">Dann nehmen Sie gerne Kontakt mit uns auf:<\/p>\n<p style=\"text-align: center;\"><a href=\"mailto:info@tvgrebin.de\">info@tvgrebin.de<\/a><\/p>\n<\/div>\n<\/div>\n\n\n\n<p><\/p>\n","protected":false},"excerpt":{"rendered":"<p>Bereits im vergangenen Sommer 2022 war es so weit, dass der TVG eine neue Bandenfl\u00e4che erhielt. Den zahlreichen und gro\u00dfz\u00fcgigen Sponsoren, die den Fu\u00dfball und dadurch den gesamten Verein mit ihren finanziellen Mitteln unterst\u00fctzen sei DANKE gesagt! Nun sind die schicken neuen Banden an ihrem Platz und jedem*r Besucher*in wird klar wieviel starken Support wir<\/p>\n<div class=\"read-more\"><a href=\"https:\/\/www.tvgrebin.de\/index.php\/unterstuetzer\/neuen-bandenflaeche-fuer-die-sponsoren\/\" title=\"Read More\">Weiterlesen<i class=\"icon icon-angle-right\"><\/i><\/a><\/div>\n","protected":false},"author":2,"featured_media":977,"parent":26,"menu_order":0,"comment_status":"open","ping_status":"closed","template":"","meta":{"footnotes":""},"class_list":["post-879","page","type-page","status-publish","has-post-thumbnail"],"yoast_head":"<!-- This site is optimized with the Yoast SEO plugin v27.5 - https:\/\/yoast.com\/product\/yoast-seo-wordpress\/ -->\n<title>Neue Bandenfl\u00e4che auf dem A-Platz - TV Grebin<\/title>\n<meta name=\"robots\" content=\"index, follow, max-snippet:-1, max-image-preview:large, max-video-preview:-1\" \/>\n<link rel=\"canonical\" href=\"https:\/\/www.tvgrebin.de\/index.php\/unterstuetzer\/neuen-bandenflaeche-fuer-die-sponsoren\/\" \/>\n<meta property=\"og:locale\" content=\"de_DE\" \/>\n<meta property=\"og:type\" content=\"article\" \/>\n<meta property=\"og:title\" content=\"Neue Bandenfl\u00e4che auf dem A-Platz - TV Grebin\" \/>\n<meta property=\"og:description\" content=\"Bereits im vergangenen Sommer 2022 war es so weit, dass der TVG eine neue Bandenfl\u00e4che erhielt. Den zahlreichen und gro\u00dfz\u00fcgigen Sponsoren, die den Fu\u00dfball und dadurch den gesamten Verein mit ihren finanziellen Mitteln unterst\u00fctzen sei DANKE gesagt! Nun sind die schicken neuen Banden an ihrem Platz und jedem*r Besucher*in wird klar wieviel starken Support wirWeiterlesen\" \/>\n<meta property=\"og:url\" content=\"https:\/\/www.tvgrebin.de\/index.php\/unterstuetzer\/neuen-bandenflaeche-fuer-die-sponsoren\/\" \/>\n<meta property=\"og:site_name\" content=\"TV Grebin\" \/>\n<meta property=\"article:modified_time\" content=\"2026-03-27T14:24:38+00:00\" \/>\n<meta property=\"og:image\" content=\"https:\/\/www.tvgrebin.de\/wp-content\/uploads\/2022\/12\/IMG_20220709_150235.jpg\" \/>\n\t<meta property=\"og:image:width\" content=\"1200\" \/>\n\t<meta property=\"og:image:height\" content=\"900\" \/>\n\t<meta property=\"og:image:type\" content=\"image\/jpeg\" \/>\n<meta name=\"twitter:card\" content=\"summary_large_image\" \/>\n<meta name=\"twitter:label1\" content=\"Gesch\u00e4tzte Lesezeit\" \/>\n\t<meta name=\"twitter:data1\" content=\"3\u00a0Minuten\" \/>\n<script type=\"application\/ld+json\" class=\"yoast-schema-graph\">{\"@context\":\"https:\\\/\\\/schema.org\",\"@graph\":[{\"@type\":\"WebPage\",\"@id\":\"https:\\\/\\\/www.tvgrebin.de\\\/index.php\\\/unterstuetzer\\\/neuen-bandenflaeche-fuer-die-sponsoren\\\/\",\"url\":\"https:\\\/\\\/www.tvgrebin.de\\\/index.php\\\/unterstuetzer\\\/neuen-bandenflaeche-fuer-die-sponsoren\\\/\",\"name\":\"Neue Bandenfl\u00e4che auf dem A-Platz - TV Grebin\",\"isPartOf\":{\"@id\":\"https:\\\/\\\/www.tvgrebin.de\\\/#website\"},\"primaryImageOfPage\":{\"@id\":\"https:\\\/\\\/www.tvgrebin.de\\\/index.php\\\/unterstuetzer\\\/neuen-bandenflaeche-fuer-die-sponsoren\\\/#primaryimage\"},\"image\":{\"@id\":\"https:\\\/\\\/www.tvgrebin.de\\\/index.php\\\/unterstuetzer\\\/neuen-bandenflaeche-fuer-die-sponsoren\\\/#primaryimage\"},\"thumbnailUrl\":\"https:\\\/\\\/www.tvgrebin.de\\\/wp-content\\\/uploads\\\/2022\\\/12\\\/IMG_20220709_150235.jpg\",\"datePublished\":\"2022-12-09T17:44:39+00:00\",\"dateModified\":\"2026-03-27T14:24:38+00:00\",\"breadcrumb\":{\"@id\":\"https:\\\/\\\/www.tvgrebin.de\\\/index.php\\\/unterstuetzer\\\/neuen-bandenflaeche-fuer-die-sponsoren\\\/#breadcrumb\"},\"inLanguage\":\"de\",\"potentialAction\":[{\"@type\":\"ReadAction\",\"target\":[\"https:\\\/\\\/www.tvgrebin.de\\\/index.php\\\/unterstuetzer\\\/neuen-bandenflaeche-fuer-die-sponsoren\\\/\"]}]},{\"@type\":\"ImageObject\",\"inLanguage\":\"de\",\"@id\":\"https:\\\/\\\/www.tvgrebin.de\\\/index.php\\\/unterstuetzer\\\/neuen-bandenflaeche-fuer-die-sponsoren\\\/#primaryimage\",\"url\":\"https:\\\/\\\/www.tvgrebin.de\\\/wp-content\\\/uploads\\\/2022\\\/12\\\/IMG_20220709_150235.jpg\",\"contentUrl\":\"https:\\\/\\\/www.tvgrebin.de\\\/wp-content\\\/uploads\\\/2022\\\/12\\\/IMG_20220709_150235.jpg\",\"width\":1200,\"height\":900},{\"@type\":\"BreadcrumbList\",\"@id\":\"https:\\\/\\\/www.tvgrebin.de\\\/index.php\\\/unterstuetzer\\\/neuen-bandenflaeche-fuer-die-sponsoren\\\/#breadcrumb\",\"itemListElement\":[{\"@type\":\"ListItem\",\"position\":1,\"name\":\"Startseite\",\"item\":\"https:\\\/\\\/www.tvgrebin.de\\\/\"},{\"@type\":\"ListItem\",\"position\":2,\"name\":\"Unterst\u00fctzer\",\"item\":\"https:\\\/\\\/www.tvgrebin.de\\\/index.php\\\/unterstuetzer\\\/\"},{\"@type\":\"ListItem\",\"position\":3,\"name\":\"Neue Bandenfl\u00e4che auf dem A-Platz\"}]},{\"@type\":\"WebSite\",\"@id\":\"https:\\\/\\\/www.tvgrebin.de\\\/#website\",\"url\":\"https:\\\/\\\/www.tvgrebin.de\\\/\",\"name\":\"TV Grebin\",\"description\":\"Turn- und Sportverein von 1927\",\"publisher\":{\"@id\":\"https:\\\/\\\/www.tvgrebin.de\\\/#organization\"},\"potentialAction\":[{\"@type\":\"SearchAction\",\"target\":{\"@type\":\"EntryPoint\",\"urlTemplate\":\"https:\\\/\\\/www.tvgrebin.de\\\/?s={search_term_string}\"},\"query-input\":{\"@type\":\"PropertyValueSpecification\",\"valueRequired\":true,\"valueName\":\"search_term_string\"}}],\"inLanguage\":\"de\"},{\"@type\":\"Organization\",\"@id\":\"https:\\\/\\\/www.tvgrebin.de\\\/#organization\",\"name\":\"TV Grebin\",\"url\":\"https:\\\/\\\/www.tvgrebin.de\\\/\",\"logo\":{\"@type\":\"ImageObject\",\"inLanguage\":\"de\",\"@id\":\"https:\\\/\\\/www.tvgrebin.de\\\/#\\\/schema\\\/logo\\\/image\\\/\",\"url\":\"\",\"contentUrl\":\"\",\"caption\":\"TV Grebin\"},\"image\":{\"@id\":\"https:\\\/\\\/www.tvgrebin.de\\\/#\\\/schema\\\/logo\\\/image\\\/\"}}]}<\/script>\n<!-- \/ Yoast SEO plugin. -->","yoast_head_json":{"title":"Neue Bandenfl\u00e4che auf dem A-Platz - TV Grebin","robots":{"index":"index","follow":"follow","max-snippet":"max-snippet:-1","max-image-preview":"max-image-preview:large","max-video-preview":"max-video-preview:-1"},"canonical":"https:\/\/www.tvgrebin.de\/index.php\/unterstuetzer\/neuen-bandenflaeche-fuer-die-sponsoren\/","og_locale":"de_DE","og_type":"article","og_title":"Neue Bandenfl\u00e4che auf dem A-Platz - TV Grebin","og_description":"Bereits im vergangenen Sommer 2022 war es so weit, dass der TVG eine neue Bandenfl\u00e4che erhielt. Den zahlreichen und gro\u00dfz\u00fcgigen Sponsoren, die den Fu\u00dfball und dadurch den gesamten Verein mit ihren finanziellen Mitteln unterst\u00fctzen sei DANKE gesagt! Nun sind die schicken neuen Banden an ihrem Platz und jedem*r Besucher*in wird klar wieviel starken Support wirWeiterlesen","og_url":"https:\/\/www.tvgrebin.de\/index.php\/unterstuetzer\/neuen-bandenflaeche-fuer-die-sponsoren\/","og_site_name":"TV Grebin","article_modified_time":"2026-03-27T14:24:38+00:00","og_image":[{"width":1200,"height":900,"url":"https:\/\/www.tvgrebin.de\/wp-content\/uploads\/2022\/12\/IMG_20220709_150235.jpg","type":"image\/jpeg"}],"twitter_card":"summary_large_image","twitter_misc":{"Gesch\u00e4tzte Lesezeit":"3\u00a0Minuten"},"schema":{"@context":"https:\/\/schema.org","@graph":[{"@type":"WebPage","@id":"https:\/\/www.tvgrebin.de\/index.php\/unterstuetzer\/neuen-bandenflaeche-fuer-die-sponsoren\/","url":"https:\/\/www.tvgrebin.de\/index.php\/unterstuetzer\/neuen-bandenflaeche-fuer-die-sponsoren\/","name":"Neue Bandenfl\u00e4che auf dem A-Platz - TV Grebin","isPartOf":{"@id":"https:\/\/www.tvgrebin.de\/#website"},"primaryImageOfPage":{"@id":"https:\/\/www.tvgrebin.de\/index.php\/unterstuetzer\/neuen-bandenflaeche-fuer-die-sponsoren\/#primaryimage"},"image":{"@id":"https:\/\/www.tvgrebin.de\/index.php\/unterstuetzer\/neuen-bandenflaeche-fuer-die-sponsoren\/#primaryimage"},"thumbnailUrl":"https:\/\/www.tvgrebin.de\/wp-content\/uploads\/2022\/12\/IMG_20220709_150235.jpg","datePublished":"2022-12-09T17:44:39+00:00","dateModified":"2026-03-27T14:24:38+00:00","breadcrumb":{"@id":"https:\/\/www.tvgrebin.de\/index.php\/unterstuetzer\/neuen-bandenflaeche-fuer-die-sponsoren\/#breadcrumb"},"inLanguage":"de","potentialAction":[{"@type":"ReadAction","target":["https:\/\/www.tvgrebin.de\/index.php\/unterstuetzer\/neuen-bandenflaeche-fuer-die-sponsoren\/"]}]},{"@type":"ImageObject","inLanguage":"de","@id":"https:\/\/www.tvgrebin.de\/index.php\/unterstuetzer\/neuen-bandenflaeche-fuer-die-sponsoren\/#primaryimage","url":"https:\/\/www.tvgrebin.de\/wp-content\/uploads\/2022\/12\/IMG_20220709_150235.jpg","contentUrl":"https:\/\/www.tvgrebin.de\/wp-content\/uploads\/2022\/12\/IMG_20220709_150235.jpg","width":1200,"height":900},{"@type":"BreadcrumbList","@id":"https:\/\/www.tvgrebin.de\/index.php\/unterstuetzer\/neuen-bandenflaeche-fuer-die-sponsoren\/#breadcrumb","itemListElement":[{"@type":"ListItem","position":1,"name":"Startseite","item":"https:\/\/www.tvgrebin.de\/"},{"@type":"ListItem","position":2,"name":"Unterst\u00fctzer","item":"https:\/\/www.tvgrebin.de\/index.php\/unterstuetzer\/"},{"@type":"ListItem","position":3,"name":"Neue Bandenfl\u00e4che auf dem A-Platz"}]},{"@type":"WebSite","@id":"https:\/\/www.tvgrebin.de\/#website","url":"https:\/\/www.tvgrebin.de\/","name":"TV Grebin","description":"Turn- und Sportverein von 1927","publisher":{"@id":"https:\/\/www.tvgrebin.de\/#organization"},"potentialAction":[{"@type":"SearchAction","target":{"@type":"EntryPoint","urlTemplate":"https:\/\/www.tvgrebin.de\/?s={search_term_string}"},"query-input":{"@type":"PropertyValueSpecification","valueRequired":true,"valueName":"search_term_string"}}],"inLanguage":"de"},{"@type":"Organization","@id":"https:\/\/www.tvgrebin.de\/#organization","name":"TV Grebin","url":"https:\/\/www.tvgrebin.de\/","logo":{"@type":"ImageObject","inLanguage":"de","@id":"https:\/\/www.tvgrebin.de\/#\/schema\/logo\/image\/","url":"","contentUrl":"","caption":"TV Grebin"},"image":{"@id":"https:\/\/www.tvgrebin.de\/#\/schema\/logo\/image\/"}}]}},"_links":{"self":[{"href":"https:\/\/www.tvgrebin.de\/index.php\/wp-json\/wp\/v2\/pages\/879","targetHints":{"allow":["GET"]}}],"collection":[{"href":"https:\/\/www.tvgrebin.de\/index.php\/wp-json\/wp\/v2\/pages"}],"about":[{"href":"https:\/\/www.tvgrebin.de\/index.php\/wp-json\/wp\/v2\/types\/page"}],"author":[{"embeddable":true,"href":"https:\/\/www.tvgrebin.de\/index.php\/wp-json\/wp\/v2\/users\/2"}],"replies":[{"embeddable":true,"href":"https:\/\/www.tvgrebin.de\/index.php\/wp-json\/wp\/v2\/comments?post=879"}],"version-history":[{"count":9,"href":"https:\/\/www.tvgrebin.de\/index.php\/wp-json\/wp\/v2\/pages\/879\/revisions"}],"predecessor-version":[{"id":1577,"href":"https:\/\/www.tvgrebin.de\/index.php\/wp-json\/wp\/v2\/pages\/879\/revisions\/1577"}],"up":[{"embeddable":true,"href":"https:\/\/www.tvgrebin.de\/index.php\/wp-json\/wp\/v2\/pages\/26"}],"wp:featuredmedia":[{"embeddable":true,"href":"https:\/\/www.tvgrebin.de\/index.php\/wp-json\/wp\/v2\/media\/977"}],"wp:attachment":[{"href":"https:\/\/www.tvgrebin.de\/index.php\/wp-json\/wp\/v2\/media?parent=879"}],"curies":[{"name":"wp","href":"https:\/\/api.w.org\/{rel}","templated":true}]}}