{"id":757,"date":"2022-11-20T14:54:04","date_gmt":"2022-11-20T13:54:04","guid":{"rendered":"https:\/\/www.tvgrebin.de\/?page_id=757"},"modified":"2022-11-20T16:32:48","modified_gmt":"2022-11-20T15:32:48","slug":"2-taegiger-bogenkurs-okt-nov-2022","status":"publish","type":"page","link":"https:\/\/www.tvgrebin.de\/index.php\/2-taegiger-bogenkurs-okt-nov-2022\/","title":{"rendered":"2-t\u00e4giger Bogenkurs Okt.\/Nov. 2022"},"content":{"rendered":"\n<div class=\"wp-block-group\"><div class=\"wp-block-group__inner-container is-layout-constrained wp-block-group-is-layout-constrained\">\n<div class=\"wp-block-columns is-layout-flex wp-container-core-columns-is-layout-9d6595d7 wp-block-columns-is-layout-flex\">\n<div class=\"wp-block-column is-vertically-aligned-top is-layout-flow wp-block-column-is-layout-flow\" style=\"flex-basis:100%\">\n<p>Der von <a href=\"https:\/\/www.bogenschiessen-sh.de\/\">Bowdo<\/a> durchgef\u00fchrte Kurs f\u00fcr Neueinsteiger*innen war eine voller Erfolg, vielen Dank daf\u00fcr!<\/p>\n<p>An zwei Terminen wurde fr\u00f6hlich geschnackt, konzentriert geschossen und das tolle Wetter bei Kaffee und Kuchen genossen.<\/p>\n<\/div>\n<\/div>\n<\/div><\/div>\n\n\n\n<div class=\"wp-block-columns is-layout-flex wp-container-core-columns-is-layout-9d6595d7 wp-block-columns-is-layout-flex\">\n<div class=\"wp-block-column is-layout-flow wp-block-column-is-layout-flow\">\n<p>Die Bogensparte freut sich \u00fcber neue Gesichter und hofft auf neue regelm\u00e4\u00dfige Teilnehmer*innen an ihrem Sonntagsschie\u00dfen.<\/p>\n<p>Kontakt dazu <a href=\"https:\/\/www.tvgrebin.de\/index.php\/sportangebote\/bogenschiessen\/\">hier<\/a>.<\/p>\n<\/div>\n<\/div>\n\n\n\n<figure class=\"wp-block-gallery has-nested-images columns-3 is-cropped has-blush-bordeaux-gradient-background has-background wp-block-gallery-1 is-layout-flex wp-block-gallery-is-layout-flex\">\n<figure class=\"wp-block-image size-large\"><img loading=\"lazy\" decoding=\"async\" width=\"576\" height=\"1024\" data-id=\"770\" src=\"https:\/\/www.tvgrebin.de\/wp-content\/uploads\/2022\/11\/P1080576-576x1024.jpg\" alt=\"\" class=\"wp-image-770\" srcset=\"https:\/\/www.tvgrebin.de\/wp-content\/uploads\/2022\/11\/P1080576-576x1024.jpg 576w, https:\/\/www.tvgrebin.de\/wp-content\/uploads\/2022\/11\/P1080576-169x300.jpg 169w, https:\/\/www.tvgrebin.de\/wp-content\/uploads\/2022\/11\/P1080576-768x1365.jpg 768w, https:\/\/www.tvgrebin.de\/wp-content\/uploads\/2022\/11\/P1080576-864x1536.jpg 864w, https:\/\/www.tvgrebin.de\/wp-content\/uploads\/2022\/11\/P1080576-1152x2048.jpg 1152w, https:\/\/www.tvgrebin.de\/wp-content\/uploads\/2022\/11\/P1080576-scaled.jpg 675w\" sizes=\"auto, (max-width: 576px) 100vw, 576px\" \/><\/figure>\n\n\n\n<figure class=\"wp-block-image size-large\"><img loading=\"lazy\" decoding=\"async\" width=\"576\" height=\"1024\" data-id=\"780\" src=\"https:\/\/www.tvgrebin.de\/wp-content\/uploads\/2022\/11\/P1080586-576x1024.jpg\" alt=\"\" class=\"wp-image-780\" srcset=\"https:\/\/www.tvgrebin.de\/wp-content\/uploads\/2022\/11\/P1080586-576x1024.jpg 576w, https:\/\/www.tvgrebin.de\/wp-content\/uploads\/2022\/11\/P1080586-169x300.jpg 169w, https:\/\/www.tvgrebin.de\/wp-content\/uploads\/2022\/11\/P1080586-768x1365.jpg 768w, https:\/\/www.tvgrebin.de\/wp-content\/uploads\/2022\/11\/P1080586-864x1536.jpg 864w, https:\/\/www.tvgrebin.de\/wp-content\/uploads\/2022\/11\/P1080586-1152x2048.jpg 1152w, https:\/\/www.tvgrebin.de\/wp-content\/uploads\/2022\/11\/P1080586-scaled.jpg 675w\" sizes=\"auto, (max-width: 576px) 100vw, 576px\" \/><\/figure>\n\n\n\n<figure class=\"wp-block-image size-large\"><img loading=\"lazy\" decoding=\"async\" width=\"576\" height=\"1024\" data-id=\"792\" src=\"https:\/\/www.tvgrebin.de\/wp-content\/uploads\/2022\/11\/P1080593-576x1024.jpg\" alt=\"\" class=\"wp-image-792\" srcset=\"https:\/\/www.tvgrebin.de\/wp-content\/uploads\/2022\/11\/P1080593-576x1024.jpg 576w, https:\/\/www.tvgrebin.de\/wp-content\/uploads\/2022\/11\/P1080593-169x300.jpg 169w, https:\/\/www.tvgrebin.de\/wp-content\/uploads\/2022\/11\/P1080593-768x1365.jpg 768w, https:\/\/www.tvgrebin.de\/wp-content\/uploads\/2022\/11\/P1080593-864x1536.jpg 864w, https:\/\/www.tvgrebin.de\/wp-content\/uploads\/2022\/11\/P1080593-1152x2048.jpg 1152w, https:\/\/www.tvgrebin.de\/wp-content\/uploads\/2022\/11\/P1080593-scaled.jpg 675w\" sizes=\"auto, (max-width: 576px) 100vw, 576px\" \/><\/figure>\n\n\n\n<figure class=\"wp-block-image size-large\"><img loading=\"lazy\" decoding=\"async\" width=\"576\" height=\"1024\" data-id=\"805\" src=\"https:\/\/www.tvgrebin.de\/wp-content\/uploads\/2022\/11\/P1080601-576x1024.jpg\" alt=\"\" class=\"wp-image-805\" srcset=\"https:\/\/www.tvgrebin.de\/wp-content\/uploads\/2022\/11\/P1080601-576x1024.jpg 576w, https:\/\/www.tvgrebin.de\/wp-content\/uploads\/2022\/11\/P1080601-169x300.jpg 169w, https:\/\/www.tvgrebin.de\/wp-content\/uploads\/2022\/11\/P1080601-768x1365.jpg 768w, https:\/\/www.tvgrebin.de\/wp-content\/uploads\/2022\/11\/P1080601-864x1536.jpg 864w, https:\/\/www.tvgrebin.de\/wp-content\/uploads\/2022\/11\/P1080601-1152x2048.jpg 1152w, https:\/\/www.tvgrebin.de\/wp-content\/uploads\/2022\/11\/P1080601-scaled.jpg 675w\" sizes=\"auto, (max-width: 576px) 100vw, 576px\" \/><\/figure>\n\n\n\n<figure class=\"wp-block-image size-large\"><img loading=\"lazy\" decoding=\"async\" width=\"576\" height=\"1024\" data-id=\"822\" src=\"https:\/\/www.tvgrebin.de\/wp-content\/uploads\/2022\/11\/P1080619-576x1024.jpg\" alt=\"\" class=\"wp-image-822\" srcset=\"https:\/\/www.tvgrebin.de\/wp-content\/uploads\/2022\/11\/P1080619-576x1024.jpg 576w, https:\/\/www.tvgrebin.de\/wp-content\/uploads\/2022\/11\/P1080619-169x300.jpg 169w, https:\/\/www.tvgrebin.de\/wp-content\/uploads\/2022\/11\/P1080619-768x1365.jpg 768w, https:\/\/www.tvgrebin.de\/wp-content\/uploads\/2022\/11\/P1080619-864x1536.jpg 864w, https:\/\/www.tvgrebin.de\/wp-content\/uploads\/2022\/11\/P1080619-1152x2048.jpg 1152w, https:\/\/www.tvgrebin.de\/wp-content\/uploads\/2022\/11\/P1080619-scaled.jpg 675w\" sizes=\"auto, (max-width: 576px) 100vw, 576px\" \/><\/figure>\n\n\n\n<figure class=\"wp-block-image size-large\"><img loading=\"lazy\" decoding=\"async\" width=\"576\" height=\"1024\" data-id=\"827\" src=\"https:\/\/www.tvgrebin.de\/wp-content\/uploads\/2022\/11\/P1080624-576x1024.jpg\" alt=\"\" class=\"wp-image-827\" srcset=\"https:\/\/www.tvgrebin.de\/wp-content\/uploads\/2022\/11\/P1080624-576x1024.jpg 576w, https:\/\/www.tvgrebin.de\/wp-content\/uploads\/2022\/11\/P1080624-169x300.jpg 169w, https:\/\/www.tvgrebin.de\/wp-content\/uploads\/2022\/11\/P1080624-768x1365.jpg 768w, https:\/\/www.tvgrebin.de\/wp-content\/uploads\/2022\/11\/P1080624-864x1536.jpg 864w, https:\/\/www.tvgrebin.de\/wp-content\/uploads\/2022\/11\/P1080624-1152x2048.jpg 1152w, https:\/\/www.tvgrebin.de\/wp-content\/uploads\/2022\/11\/P1080624-scaled.jpg 675w\" sizes=\"auto, (max-width: 576px) 100vw, 576px\" \/><\/figure>\n\n\n\n<figure class=\"wp-block-image size-large\"><img loading=\"lazy\" decoding=\"async\" width=\"576\" height=\"1024\" data-id=\"828\" src=\"https:\/\/www.tvgrebin.de\/wp-content\/uploads\/2022\/11\/P1080625-576x1024.jpg\" alt=\"\" class=\"wp-image-828\" srcset=\"https:\/\/www.tvgrebin.de\/wp-content\/uploads\/2022\/11\/P1080625-576x1024.jpg 576w, https:\/\/www.tvgrebin.de\/wp-content\/uploads\/2022\/11\/P1080625-169x300.jpg 169w, https:\/\/www.tvgrebin.de\/wp-content\/uploads\/2022\/11\/P1080625-768x1365.jpg 768w, https:\/\/www.tvgrebin.de\/wp-content\/uploads\/2022\/11\/P1080625-864x1536.jpg 864w, https:\/\/www.tvgrebin.de\/wp-content\/uploads\/2022\/11\/P1080625-1152x2048.jpg 1152w, https:\/\/www.tvgrebin.de\/wp-content\/uploads\/2022\/11\/P1080625-scaled.jpg 675w\" sizes=\"auto, (max-width: 576px) 100vw, 576px\" \/><\/figure>\n\n\n\n<figure class=\"wp-block-image size-large\"><img loading=\"lazy\" decoding=\"async\" width=\"576\" height=\"1024\" data-id=\"834\" src=\"https:\/\/www.tvgrebin.de\/wp-content\/uploads\/2022\/11\/P1080631-576x1024.jpg\" alt=\"\" class=\"wp-image-834\" srcset=\"https:\/\/www.tvgrebin.de\/wp-content\/uploads\/2022\/11\/P1080631-576x1024.jpg 576w, https:\/\/www.tvgrebin.de\/wp-content\/uploads\/2022\/11\/P1080631-169x300.jpg 169w, https:\/\/www.tvgrebin.de\/wp-content\/uploads\/2022\/11\/P1080631-768x1365.jpg 768w, https:\/\/www.tvgrebin.de\/wp-content\/uploads\/2022\/11\/P1080631-864x1536.jpg 864w, https:\/\/www.tvgrebin.de\/wp-content\/uploads\/2022\/11\/P1080631-1152x2048.jpg 1152w, https:\/\/www.tvgrebin.de\/wp-content\/uploads\/2022\/11\/P1080631-scaled.jpg 675w\" sizes=\"auto, (max-width: 576px) 100vw, 576px\" \/><\/figure>\n\n\n\n<figure class=\"wp-block-image size-large\"><img loading=\"lazy\" decoding=\"async\" width=\"576\" height=\"1024\" data-id=\"836\" src=\"https:\/\/www.tvgrebin.de\/wp-content\/uploads\/2022\/11\/P1080633-576x1024.jpg\" alt=\"\" class=\"wp-image-836\" srcset=\"https:\/\/www.tvgrebin.de\/wp-content\/uploads\/2022\/11\/P1080633-576x1024.jpg 576w, https:\/\/www.tvgrebin.de\/wp-content\/uploads\/2022\/11\/P1080633-169x300.jpg 169w, https:\/\/www.tvgrebin.de\/wp-content\/uploads\/2022\/11\/P1080633-768x1365.jpg 768w, https:\/\/www.tvgrebin.de\/wp-content\/uploads\/2022\/11\/P1080633-864x1536.jpg 864w, https:\/\/www.tvgrebin.de\/wp-content\/uploads\/2022\/11\/P1080633-1152x2048.jpg 1152w, https:\/\/www.tvgrebin.de\/wp-content\/uploads\/2022\/11\/P1080633-scaled.jpg 675w\" sizes=\"auto, (max-width: 576px) 100vw, 576px\" \/><\/figure>\n<\/figure>\n","protected":false},"excerpt":{"rendered":"<p>Der von Bowdo durchgef\u00fchrte Kurs f\u00fcr Neueinsteiger*innen war eine voller Erfolg, vielen Dank daf\u00fcr! An zwei Terminen wurde fr\u00f6hlich geschnackt, konzentriert geschossen und das tolle Wetter bei Kaffee und Kuchen genossen. Die Bogensparte freut sich \u00fcber neue Gesichter und hofft auf neue regelm\u00e4\u00dfige Teilnehmer*innen an ihrem Sonntagsschie\u00dfen. Kontakt dazu hier.<\/p>\n","protected":false},"author":2,"featured_media":769,"parent":0,"menu_order":0,"comment_status":"open","ping_status":"closed","template":"","meta":{"footnotes":""},"class_list":["post-757","page","type-page","status-publish","has-post-thumbnail"],"yoast_head":"<!-- This site is optimized with the Yoast SEO plugin v27.5 - https:\/\/yoast.com\/product\/yoast-seo-wordpress\/ -->\n<title>2-t\u00e4giger Bogenkurs Okt.\/Nov. 2022 - TV Grebin<\/title>\n<meta name=\"robots\" content=\"index, follow, max-snippet:-1, max-image-preview:large, max-video-preview:-1\" \/>\n<link rel=\"canonical\" href=\"https:\/\/www.tvgrebin.de\/index.php\/2-taegiger-bogenkurs-okt-nov-2022\/\" \/>\n<meta property=\"og:locale\" content=\"de_DE\" \/>\n<meta property=\"og:type\" content=\"article\" \/>\n<meta property=\"og:title\" content=\"2-t\u00e4giger Bogenkurs Okt.\/Nov. 2022 - TV Grebin\" \/>\n<meta property=\"og:description\" content=\"Der von Bowdo durchgef\u00fchrte Kurs f\u00fcr Neueinsteiger*innen war eine voller Erfolg, vielen Dank daf\u00fcr! An zwei Terminen wurde fr\u00f6hlich geschnackt, konzentriert geschossen und das tolle Wetter bei Kaffee und Kuchen genossen. Die Bogensparte freut sich \u00fcber neue Gesichter und hofft auf neue regelm\u00e4\u00dfige Teilnehmer*innen an ihrem Sonntagsschie\u00dfen. Kontakt dazu hier.\" \/>\n<meta property=\"og:url\" content=\"https:\/\/www.tvgrebin.de\/index.php\/2-taegiger-bogenkurs-okt-nov-2022\/\" \/>\n<meta property=\"og:site_name\" content=\"TV Grebin\" \/>\n<meta property=\"article:modified_time\" content=\"2022-11-20T15:32:48+00:00\" \/>\n<meta property=\"og:image\" content=\"https:\/\/www.tvgrebin.de\/wp-content\/uploads\/2022\/11\/P1080575-scaled.jpg\" \/>\n\t<meta property=\"og:image:width\" content=\"1441\" \/>\n\t<meta property=\"og:image:height\" content=\"2560\" \/>\n\t<meta property=\"og:image:type\" content=\"image\/jpeg\" \/>\n<meta name=\"twitter:card\" content=\"summary_large_image\" \/>\n<meta name=\"twitter:label1\" content=\"Gesch\u00e4tzte Lesezeit\" \/>\n\t<meta name=\"twitter:data1\" content=\"3\u00a0Minuten\" \/>\n<script type=\"application\/ld+json\" class=\"yoast-schema-graph\">{\"@context\":\"https:\\\/\\\/schema.org\",\"@graph\":[{\"@type\":\"WebPage\",\"@id\":\"https:\\\/\\\/www.tvgrebin.de\\\/index.php\\\/2-taegiger-bogenkurs-okt-nov-2022\\\/\",\"url\":\"https:\\\/\\\/www.tvgrebin.de\\\/index.php\\\/2-taegiger-bogenkurs-okt-nov-2022\\\/\",\"name\":\"2-t\u00e4giger Bogenkurs Okt.\\\/Nov. 2022 - TV Grebin\",\"isPartOf\":{\"@id\":\"https:\\\/\\\/www.tvgrebin.de\\\/#website\"},\"primaryImageOfPage\":{\"@id\":\"https:\\\/\\\/www.tvgrebin.de\\\/index.php\\\/2-taegiger-bogenkurs-okt-nov-2022\\\/#primaryimage\"},\"image\":{\"@id\":\"https:\\\/\\\/www.tvgrebin.de\\\/index.php\\\/2-taegiger-bogenkurs-okt-nov-2022\\\/#primaryimage\"},\"thumbnailUrl\":\"https:\\\/\\\/www.tvgrebin.de\\\/wp-content\\\/uploads\\\/2022\\\/11\\\/P1080575-scaled.jpg\",\"datePublished\":\"2022-11-20T13:54:04+00:00\",\"dateModified\":\"2022-11-20T15:32:48+00:00\",\"breadcrumb\":{\"@id\":\"https:\\\/\\\/www.tvgrebin.de\\\/index.php\\\/2-taegiger-bogenkurs-okt-nov-2022\\\/#breadcrumb\"},\"inLanguage\":\"de\",\"potentialAction\":[{\"@type\":\"ReadAction\",\"target\":[\"https:\\\/\\\/www.tvgrebin.de\\\/index.php\\\/2-taegiger-bogenkurs-okt-nov-2022\\\/\"]}]},{\"@type\":\"ImageObject\",\"inLanguage\":\"de\",\"@id\":\"https:\\\/\\\/www.tvgrebin.de\\\/index.php\\\/2-taegiger-bogenkurs-okt-nov-2022\\\/#primaryimage\",\"url\":\"https:\\\/\\\/www.tvgrebin.de\\\/wp-content\\\/uploads\\\/2022\\\/11\\\/P1080575-scaled.jpg\",\"contentUrl\":\"https:\\\/\\\/www.tvgrebin.de\\\/wp-content\\\/uploads\\\/2022\\\/11\\\/P1080575-scaled.jpg\",\"width\":675,\"height\":1200},{\"@type\":\"BreadcrumbList\",\"@id\":\"https:\\\/\\\/www.tvgrebin.de\\\/index.php\\\/2-taegiger-bogenkurs-okt-nov-2022\\\/#breadcrumb\",\"itemListElement\":[{\"@type\":\"ListItem\",\"position\":1,\"name\":\"Startseite\",\"item\":\"https:\\\/\\\/www.tvgrebin.de\\\/\"},{\"@type\":\"ListItem\",\"position\":2,\"name\":\"2-t\u00e4giger Bogenkurs Okt.\\\/Nov. 2022\"}]},{\"@type\":\"WebSite\",\"@id\":\"https:\\\/\\\/www.tvgrebin.de\\\/#website\",\"url\":\"https:\\\/\\\/www.tvgrebin.de\\\/\",\"name\":\"TV Grebin\",\"description\":\"Turn- und Sportverein von 1927\",\"publisher\":{\"@id\":\"https:\\\/\\\/www.tvgrebin.de\\\/#organization\"},\"potentialAction\":[{\"@type\":\"SearchAction\",\"target\":{\"@type\":\"EntryPoint\",\"urlTemplate\":\"https:\\\/\\\/www.tvgrebin.de\\\/?s={search_term_string}\"},\"query-input\":{\"@type\":\"PropertyValueSpecification\",\"valueRequired\":true,\"valueName\":\"search_term_string\"}}],\"inLanguage\":\"de\"},{\"@type\":\"Organization\",\"@id\":\"https:\\\/\\\/www.tvgrebin.de\\\/#organization\",\"name\":\"TV Grebin\",\"url\":\"https:\\\/\\\/www.tvgrebin.de\\\/\",\"logo\":{\"@type\":\"ImageObject\",\"inLanguage\":\"de\",\"@id\":\"https:\\\/\\\/www.tvgrebin.de\\\/#\\\/schema\\\/logo\\\/image\\\/\",\"url\":\"\",\"contentUrl\":\"\",\"caption\":\"TV Grebin\"},\"image\":{\"@id\":\"https:\\\/\\\/www.tvgrebin.de\\\/#\\\/schema\\\/logo\\\/image\\\/\"}}]}<\/script>\n<!-- \/ Yoast SEO plugin. -->","yoast_head_json":{"title":"2-t\u00e4giger Bogenkurs Okt.\/Nov. 2022 - TV Grebin","robots":{"index":"index","follow":"follow","max-snippet":"max-snippet:-1","max-image-preview":"max-image-preview:large","max-video-preview":"max-video-preview:-1"},"canonical":"https:\/\/www.tvgrebin.de\/index.php\/2-taegiger-bogenkurs-okt-nov-2022\/","og_locale":"de_DE","og_type":"article","og_title":"2-t\u00e4giger Bogenkurs Okt.\/Nov. 2022 - TV Grebin","og_description":"Der von Bowdo durchgef\u00fchrte Kurs f\u00fcr Neueinsteiger*innen war eine voller Erfolg, vielen Dank daf\u00fcr! An zwei Terminen wurde fr\u00f6hlich geschnackt, konzentriert geschossen und das tolle Wetter bei Kaffee und Kuchen genossen. Die Bogensparte freut sich \u00fcber neue Gesichter und hofft auf neue regelm\u00e4\u00dfige Teilnehmer*innen an ihrem Sonntagsschie\u00dfen. Kontakt dazu hier.","og_url":"https:\/\/www.tvgrebin.de\/index.php\/2-taegiger-bogenkurs-okt-nov-2022\/","og_site_name":"TV Grebin","article_modified_time":"2022-11-20T15:32:48+00:00","og_image":[{"width":1441,"height":2560,"url":"https:\/\/www.tvgrebin.de\/wp-content\/uploads\/2022\/11\/P1080575-scaled.jpg","type":"image\/jpeg"}],"twitter_card":"summary_large_image","twitter_misc":{"Gesch\u00e4tzte Lesezeit":"3\u00a0Minuten"},"schema":{"@context":"https:\/\/schema.org","@graph":[{"@type":"WebPage","@id":"https:\/\/www.tvgrebin.de\/index.php\/2-taegiger-bogenkurs-okt-nov-2022\/","url":"https:\/\/www.tvgrebin.de\/index.php\/2-taegiger-bogenkurs-okt-nov-2022\/","name":"2-t\u00e4giger Bogenkurs Okt.\/Nov. 2022 - TV Grebin","isPartOf":{"@id":"https:\/\/www.tvgrebin.de\/#website"},"primaryImageOfPage":{"@id":"https:\/\/www.tvgrebin.de\/index.php\/2-taegiger-bogenkurs-okt-nov-2022\/#primaryimage"},"image":{"@id":"https:\/\/www.tvgrebin.de\/index.php\/2-taegiger-bogenkurs-okt-nov-2022\/#primaryimage"},"thumbnailUrl":"https:\/\/www.tvgrebin.de\/wp-content\/uploads\/2022\/11\/P1080575-scaled.jpg","datePublished":"2022-11-20T13:54:04+00:00","dateModified":"2022-11-20T15:32:48+00:00","breadcrumb":{"@id":"https:\/\/www.tvgrebin.de\/index.php\/2-taegiger-bogenkurs-okt-nov-2022\/#breadcrumb"},"inLanguage":"de","potentialAction":[{"@type":"ReadAction","target":["https:\/\/www.tvgrebin.de\/index.php\/2-taegiger-bogenkurs-okt-nov-2022\/"]}]},{"@type":"ImageObject","inLanguage":"de","@id":"https:\/\/www.tvgrebin.de\/index.php\/2-taegiger-bogenkurs-okt-nov-2022\/#primaryimage","url":"https:\/\/www.tvgrebin.de\/wp-content\/uploads\/2022\/11\/P1080575-scaled.jpg","contentUrl":"https:\/\/www.tvgrebin.de\/wp-content\/uploads\/2022\/11\/P1080575-scaled.jpg","width":675,"height":1200},{"@type":"BreadcrumbList","@id":"https:\/\/www.tvgrebin.de\/index.php\/2-taegiger-bogenkurs-okt-nov-2022\/#breadcrumb","itemListElement":[{"@type":"ListItem","position":1,"name":"Startseite","item":"https:\/\/www.tvgrebin.de\/"},{"@type":"ListItem","position":2,"name":"2-t\u00e4giger Bogenkurs Okt.\/Nov. 2022"}]},{"@type":"WebSite","@id":"https:\/\/www.tvgrebin.de\/#website","url":"https:\/\/www.tvgrebin.de\/","name":"TV Grebin","description":"Turn- und Sportverein von 1927","publisher":{"@id":"https:\/\/www.tvgrebin.de\/#organization"},"potentialAction":[{"@type":"SearchAction","target":{"@type":"EntryPoint","urlTemplate":"https:\/\/www.tvgrebin.de\/?s={search_term_string}"},"query-input":{"@type":"PropertyValueSpecification","valueRequired":true,"valueName":"search_term_string"}}],"inLanguage":"de"},{"@type":"Organization","@id":"https:\/\/www.tvgrebin.de\/#organization","name":"TV Grebin","url":"https:\/\/www.tvgrebin.de\/","logo":{"@type":"ImageObject","inLanguage":"de","@id":"https:\/\/www.tvgrebin.de\/#\/schema\/logo\/image\/","url":"","contentUrl":"","caption":"TV Grebin"},"image":{"@id":"https:\/\/www.tvgrebin.de\/#\/schema\/logo\/image\/"}}]}},"_links":{"self":[{"href":"https:\/\/www.tvgrebin.de\/index.php\/wp-json\/wp\/v2\/pages\/757","targetHints":{"allow":["GET"]}}],"collection":[{"href":"https:\/\/www.tvgrebin.de\/index.php\/wp-json\/wp\/v2\/pages"}],"about":[{"href":"https:\/\/www.tvgrebin.de\/index.php\/wp-json\/wp\/v2\/types\/page"}],"author":[{"embeddable":true,"href":"https:\/\/www.tvgrebin.de\/index.php\/wp-json\/wp\/v2\/users\/2"}],"replies":[{"embeddable":true,"href":"https:\/\/www.tvgrebin.de\/index.php\/wp-json\/wp\/v2\/comments?post=757"}],"version-history":[{"count":6,"href":"https:\/\/www.tvgrebin.de\/index.php\/wp-json\/wp\/v2\/pages\/757\/revisions"}],"predecessor-version":[{"id":852,"href":"https:\/\/www.tvgrebin.de\/index.php\/wp-json\/wp\/v2\/pages\/757\/revisions\/852"}],"wp:featuredmedia":[{"embeddable":true,"href":"https:\/\/www.tvgrebin.de\/index.php\/wp-json\/wp\/v2\/media\/769"}],"wp:attachment":[{"href":"https:\/\/www.tvgrebin.de\/index.php\/wp-json\/wp\/v2\/media?parent=757"}],"curies":[{"name":"wp","href":"https:\/\/api.w.org\/{rel}","templated":true}]}}