{"id":488,"date":"2022-09-28T09:58:02","date_gmt":"2022-09-28T07:58:02","guid":{"rendered":"https:\/\/www.tvgrebin.de\/?page_id=488"},"modified":"2025-05-28T17:25:46","modified_gmt":"2025-05-28T15:25:46","slug":"capoeira","status":"publish","type":"page","link":"https:\/\/www.tvgrebin.de\/index.php\/capoeira\/","title":{"rendered":"Capoeira"},"content":{"rendered":"\n<h3 class=\"wp-block-heading\">Eine vielf\u00e4ltige Bewegungskunst aus Brasilien!<\/h3>\n\n\n\n<div class=\"wp-block-columns is-layout-flex wp-container-core-columns-is-layout-9d6595d7 wp-block-columns-is-layout-flex\">\n<div class=\"wp-block-column is-layout-flow wp-block-column-is-layout-flow\" style=\"flex-basis:66.66%\">\n<p>Capoeira ist eine brasilianische Bewegungskunst, die einst von Sklaven als Selbstverteidigungsform entwickelt wurde. Bewegung, Kampfsport, Akrobatik, Musik und Tanz werden dabei miteinander kombiniert.<\/p>\n<p style=\"padding-left: 40px;\"><em>Schon seit 2019 bietet die Sozialp\u00e4dagogin Vera H\u00fcffermann (Graduada Energia) von der <a href=\"https:\/\/www.capoeirassa-online.de\/event-details\/festival-do-norte-2022\">Gruppe Capoeira Sao Salvador<\/a> in Kooperation mit dem TV Grebin diese Sparte an.<\/em><\/p>\n<\/div>\n\n\n\n<div class=\"wp-block-column is-layout-flow wp-block-column-is-layout-flow\" style=\"flex-basis:33.33%\">\n<figure class=\"wp-block-image size-large\"><img loading=\"lazy\" decoding=\"async\" width=\"1024\" height=\"1024\" src=\"https:\/\/www.tvgrebin.de\/wp-content\/uploads\/2022\/10\/Vera-1024x1024.jpg\" alt=\"\" class=\"wp-image-646\" srcset=\"https:\/\/www.tvgrebin.de\/wp-content\/uploads\/2022\/10\/Vera-1024x1024.jpg 1024w, https:\/\/www.tvgrebin.de\/wp-content\/uploads\/2022\/10\/Vera-300x300.jpg 300w, https:\/\/www.tvgrebin.de\/wp-content\/uploads\/2022\/10\/Vera-150x150.jpg 150w, https:\/\/www.tvgrebin.de\/wp-content\/uploads\/2022\/10\/Vera-768x768.jpg 768w, https:\/\/www.tvgrebin.de\/wp-content\/uploads\/2022\/10\/Vera-254x254.jpg 254w, https:\/\/www.tvgrebin.de\/wp-content\/uploads\/2022\/10\/Vera.jpg 1200w\" sizes=\"auto, (max-width: 1024px) 100vw, 1024px\" \/><\/figure>\n<\/div>\n<\/div>\n\n\n\n<div class=\"wp-block-columns is-layout-flex wp-container-core-columns-is-layout-9d6595d7 wp-block-columns-is-layout-flex\">\n<div class=\"wp-block-column is-layout-flow wp-block-column-is-layout-flow\">\n<p>Im Training mit den Kindern steht das spielerische Erlernen der Grundbewegungen, das Ausprobieren der traditionellen Musikinstrumente, das Singen der typischen Lieder und viel Freude an der Bewegung im Vordergrund. Ganz ohne Leistungszwang und Konkurrenz entsteht so eine besondere Atmosph\u00e4re, in der die Kinder von- und miteinander lernen, lachen und sich auch in der &#8222;Roda&#8220; (Kreis) im respektvollen Kampf begegnen.<\/p>\n<\/div>\n<\/div>\n\n\n\n<div class=\"wp-block-columns is-layout-flex wp-container-core-columns-is-layout-9d6595d7 wp-block-columns-is-layout-flex\">\n<div class=\"wp-block-column is-layout-flow wp-block-column-is-layout-flow\">\n<p><strong>Mittwochs von 15.45 &#8211; 16.30 Uhr:<\/strong><\/p>\n<p>f\u00fcr Kinder von 3 &#8211; 6 Jahren<\/p>\n<p><strong>Mittwochs von 16.30 &#8211; 17.30 Uhr:<\/strong><\/p>\n<p>f\u00fcr Kinder von 7 &#8211; 9 Jahren<\/p>\n<p>\u00a0<\/p>\n<\/div>\n\n\n\n<div class=\"wp-block-column is-layout-flow wp-block-column-is-layout-flow\">\n<p><strong>Mittwochs von 17.30 &#8211; 18.30 Uhr:<\/strong><\/p>\n<p>f\u00fcr Kinder ab 10 Jahren<\/p>\n<p><strong>Donnerstags von 20.0 &#8211; 21.30 Uhr:<\/strong><\/p>\n<p>f\u00fcr Jugendliche und Erwachsene<\/p>\n<\/div>\n<\/div>\n\n\n\n\n\n<div class=\"wp-block-columns is-layout-flex wp-container-core-columns-is-layout-9d6595d7 wp-block-columns-is-layout-flex\">\n<div class=\"wp-block-column is-layout-flow wp-block-column-is-layout-flow\" style=\"flex-basis:66.66%\">\n<p>Das Training findet je nach Wetterlage beim oder im Vereinsheim in Grebin statt. Der Einstieg ist jederzeit nach Absprache mit der Spartenleiterin m\u00f6glich. Bis auf bewegungsfreundige Kleidung und eine Wasserflasche wird zun\u00e4chst keine spezielle Ausr\u00fcstung ben\u00f6tigt.<\/p>\n<p>Einmal im Monat wird ein zus\u00e4tzliches Akrobatiktraining in der <a href=\"https:\/\/www.google.de\/maps\/place\/Rodomstorstra%C3%9Fe+15,+24306+Pl%C3%B6n\/@54.161018,10.4174492,154m\/data=!3m1!1e3!4m5!3m4!1s0x47b267fe546fd8c5:0xb5088f64b1becb5a!8m2!3d54.1610498!4d10.4182521\">Rodomstorhalle in Pl\u00f6n<\/a> angeboten.<\/p>\n<\/div>\n<\/div>\n\n\n\n<div class=\"wp-block-columns is-layout-flex wp-container-core-columns-is-layout-9d6595d7 wp-block-columns-is-layout-flex\">\n<div class=\"wp-block-column is-layout-flow wp-block-column-is-layout-flow\" style=\"flex-basis:66.66%\">\n<p class=\"HKuofA q198bJ fKdwAf\" data-hook=\"event-title\">Ein <strong>Highlight<\/strong> ist das j\u00e4hrlich stattfindende<\/p>\n<p>&#8222;Festival do Norte&#8220;<\/p>\n<p>an dem die Kinder ihre &#8222;Cordas&#8220; (G\u00fcrtel) bekommen und spanennde Workshops mit unterschiedlichen Lehrer*innen stattfinden.<\/p>\n<\/div>\n\n\n\n<div class=\"wp-block-column is-layout-flow wp-block-column-is-layout-flow\" style=\"flex-basis:33.33%\">\n<figure class=\"wp-block-image size-large is-resized\"><img loading=\"lazy\" decoding=\"async\" width=\"724\" height=\"1024\" src=\"https:\/\/www.tvgrebin.de\/wp-content\/uploads\/2022\/10\/FB_IMG_1665822045891-724x1024.jpg\" alt=\"\" class=\"wp-image-651\" style=\"width:167px;height:236px\" srcset=\"https:\/\/www.tvgrebin.de\/wp-content\/uploads\/2022\/10\/FB_IMG_1665822045891-724x1024.jpg 724w, https:\/\/www.tvgrebin.de\/wp-content\/uploads\/2022\/10\/FB_IMG_1665822045891-212x300.jpg 212w, https:\/\/www.tvgrebin.de\/wp-content\/uploads\/2022\/10\/FB_IMG_1665822045891-768x1087.jpg 768w, https:\/\/www.tvgrebin.de\/wp-content\/uploads\/2022\/10\/FB_IMG_1665822045891.jpg 1080w\" sizes=\"auto, (max-width: 724px) 100vw, 724px\" \/><\/figure>\n<\/div>\n<\/div>\n\n\n\n<div class=\"wp-block-columns is-layout-flex wp-container-core-columns-is-layout-9d6595d7 wp-block-columns-is-layout-flex\">\n<div class=\"wp-block-column is-layout-flow wp-block-column-is-layout-flow\">\n<hr>\n<p><span style=\"text-decoration: underline;\">Bitte beachten:<\/span><\/p>\n<p>Das Capoeiratraining kostet <strong>monatlich 15\u20ac <\/strong>(bzw. 10\u20ac f\u00fcr Geschwisterkinder).<\/p>\n<p>Informationen und Termine f\u00fcr ein Probetraining k\u00f6nnen mit der Spartenleitung Vera H\u00fcffermann telefonisch oder per WhatsApp gekl\u00e4rt werden: <a href=\"tel:015736658951\">015736658951<\/a><\/p>\n<\/div>\n<\/div>\n\n\n\n<div class=\"wp-block-columns is-layout-flex wp-container-core-columns-is-layout-9d6595d7 wp-block-columns-is-layout-flex\">\n<div class=\"wp-block-column is-layout-flow wp-block-column-is-layout-flow\">\n<p>Kontakt kann nat\u00fcrlich auch \u00fcber die Kommentarfunktion erfolgen oder \u00fcber eine Mail an: <a href=\"mailto:info@tvgrebin.de\">info@tvgrebin.de<\/a><\/p>\n<\/div>\n<\/div>\n","protected":false},"excerpt":{"rendered":"<p>Eine vielf\u00e4ltige Bewegungskunst aus Brasilien! Capoeira ist eine brasilianische Bewegungskunst, die einst von Sklaven als Selbstverteidigungsform entwickelt wurde. Bewegung, Kampfsport, Akrobatik, Musik und Tanz werden dabei miteinander kombiniert. Schon seit 2019 bietet die Sozialp\u00e4dagogin Vera H\u00fcffermann (Graduada Energia) von der Gruppe Capoeira Sao Salvador in Kooperation mit dem TV Grebin diese Sparte an. Im Training<\/p>\n<div class=\"read-more\"><a href=\"https:\/\/www.tvgrebin.de\/index.php\/capoeira\/\" title=\"Read More\">Weiterlesen<i class=\"icon icon-angle-right\"><\/i><\/a><\/div>\n","protected":false},"author":2,"featured_media":647,"parent":0,"menu_order":0,"comment_status":"open","ping_status":"closed","template":"","meta":{"footnotes":""},"class_list":["post-488","page","type-page","status-publish","has-post-thumbnail"],"yoast_head":"<!-- This site is optimized with the Yoast SEO plugin v27.5 - https:\/\/yoast.com\/product\/yoast-seo-wordpress\/ -->\n<title>Capoeira - TV Grebin<\/title>\n<meta name=\"robots\" content=\"index, follow, max-snippet:-1, max-image-preview:large, max-video-preview:-1\" \/>\n<link rel=\"canonical\" href=\"https:\/\/www.tvgrebin.de\/index.php\/capoeira\/\" \/>\n<meta property=\"og:locale\" content=\"de_DE\" \/>\n<meta property=\"og:type\" content=\"article\" \/>\n<meta property=\"og:title\" content=\"Capoeira - TV Grebin\" \/>\n<meta property=\"og:description\" content=\"Eine vielf\u00e4ltige Bewegungskunst aus Brasilien! Capoeira ist eine brasilianische Bewegungskunst, die einst von Sklaven als Selbstverteidigungsform entwickelt wurde. Bewegung, Kampfsport, Akrobatik, Musik und Tanz werden dabei miteinander kombiniert. Schon seit 2019 bietet die Sozialp\u00e4dagogin Vera H\u00fcffermann (Graduada Energia) von der Gruppe Capoeira Sao Salvador in Kooperation mit dem TV Grebin diese Sparte an. Im TrainingWeiterlesen\" \/>\n<meta property=\"og:url\" content=\"https:\/\/www.tvgrebin.de\/index.php\/capoeira\/\" \/>\n<meta property=\"og:site_name\" content=\"TV Grebin\" \/>\n<meta property=\"article:modified_time\" content=\"2025-05-28T15:25:46+00:00\" \/>\n<meta property=\"og:image\" content=\"https:\/\/www.tvgrebin.de\/wp-content\/uploads\/2022\/10\/Capoeira.jpg\" \/>\n\t<meta property=\"og:image:width\" content=\"268\" \/>\n\t<meta property=\"og:image:height\" content=\"221\" \/>\n\t<meta property=\"og:image:type\" content=\"image\/jpeg\" \/>\n<meta name=\"twitter:card\" content=\"summary_large_image\" \/>\n<meta name=\"twitter:label1\" content=\"Gesch\u00e4tzte Lesezeit\" \/>\n\t<meta name=\"twitter:data1\" content=\"3\u00a0Minuten\" \/>\n<script type=\"application\/ld+json\" class=\"yoast-schema-graph\">{\"@context\":\"https:\\\/\\\/schema.org\",\"@graph\":[{\"@type\":\"WebPage\",\"@id\":\"https:\\\/\\\/www.tvgrebin.de\\\/index.php\\\/capoeira\\\/\",\"url\":\"https:\\\/\\\/www.tvgrebin.de\\\/index.php\\\/capoeira\\\/\",\"name\":\"Capoeira - TV Grebin\",\"isPartOf\":{\"@id\":\"https:\\\/\\\/www.tvgrebin.de\\\/#website\"},\"primaryImageOfPage\":{\"@id\":\"https:\\\/\\\/www.tvgrebin.de\\\/index.php\\\/capoeira\\\/#primaryimage\"},\"image\":{\"@id\":\"https:\\\/\\\/www.tvgrebin.de\\\/index.php\\\/capoeira\\\/#primaryimage\"},\"thumbnailUrl\":\"https:\\\/\\\/www.tvgrebin.de\\\/wp-content\\\/uploads\\\/2022\\\/10\\\/Capoeira.jpg\",\"datePublished\":\"2022-09-28T07:58:02+00:00\",\"dateModified\":\"2025-05-28T15:25:46+00:00\",\"breadcrumb\":{\"@id\":\"https:\\\/\\\/www.tvgrebin.de\\\/index.php\\\/capoeira\\\/#breadcrumb\"},\"inLanguage\":\"de\",\"potentialAction\":[{\"@type\":\"ReadAction\",\"target\":[\"https:\\\/\\\/www.tvgrebin.de\\\/index.php\\\/capoeira\\\/\"]}]},{\"@type\":\"ImageObject\",\"inLanguage\":\"de\",\"@id\":\"https:\\\/\\\/www.tvgrebin.de\\\/index.php\\\/capoeira\\\/#primaryimage\",\"url\":\"https:\\\/\\\/www.tvgrebin.de\\\/wp-content\\\/uploads\\\/2022\\\/10\\\/Capoeira.jpg\",\"contentUrl\":\"https:\\\/\\\/www.tvgrebin.de\\\/wp-content\\\/uploads\\\/2022\\\/10\\\/Capoeira.jpg\",\"width\":268,\"height\":221},{\"@type\":\"BreadcrumbList\",\"@id\":\"https:\\\/\\\/www.tvgrebin.de\\\/index.php\\\/capoeira\\\/#breadcrumb\",\"itemListElement\":[{\"@type\":\"ListItem\",\"position\":1,\"name\":\"Startseite\",\"item\":\"https:\\\/\\\/www.tvgrebin.de\\\/\"},{\"@type\":\"ListItem\",\"position\":2,\"name\":\"Capoeira\"}]},{\"@type\":\"WebSite\",\"@id\":\"https:\\\/\\\/www.tvgrebin.de\\\/#website\",\"url\":\"https:\\\/\\\/www.tvgrebin.de\\\/\",\"name\":\"TV Grebin\",\"description\":\"Turn- und Sportverein von 1927\",\"publisher\":{\"@id\":\"https:\\\/\\\/www.tvgrebin.de\\\/#organization\"},\"potentialAction\":[{\"@type\":\"SearchAction\",\"target\":{\"@type\":\"EntryPoint\",\"urlTemplate\":\"https:\\\/\\\/www.tvgrebin.de\\\/?s={search_term_string}\"},\"query-input\":{\"@type\":\"PropertyValueSpecification\",\"valueRequired\":true,\"valueName\":\"search_term_string\"}}],\"inLanguage\":\"de\"},{\"@type\":\"Organization\",\"@id\":\"https:\\\/\\\/www.tvgrebin.de\\\/#organization\",\"name\":\"TV Grebin\",\"url\":\"https:\\\/\\\/www.tvgrebin.de\\\/\",\"logo\":{\"@type\":\"ImageObject\",\"inLanguage\":\"de\",\"@id\":\"https:\\\/\\\/www.tvgrebin.de\\\/#\\\/schema\\\/logo\\\/image\\\/\",\"url\":\"\",\"contentUrl\":\"\",\"caption\":\"TV Grebin\"},\"image\":{\"@id\":\"https:\\\/\\\/www.tvgrebin.de\\\/#\\\/schema\\\/logo\\\/image\\\/\"}}]}<\/script>\n<!-- \/ Yoast SEO plugin. -->","yoast_head_json":{"title":"Capoeira - TV Grebin","robots":{"index":"index","follow":"follow","max-snippet":"max-snippet:-1","max-image-preview":"max-image-preview:large","max-video-preview":"max-video-preview:-1"},"canonical":"https:\/\/www.tvgrebin.de\/index.php\/capoeira\/","og_locale":"de_DE","og_type":"article","og_title":"Capoeira - TV Grebin","og_description":"Eine vielf\u00e4ltige Bewegungskunst aus Brasilien! Capoeira ist eine brasilianische Bewegungskunst, die einst von Sklaven als Selbstverteidigungsform entwickelt wurde. Bewegung, Kampfsport, Akrobatik, Musik und Tanz werden dabei miteinander kombiniert. Schon seit 2019 bietet die Sozialp\u00e4dagogin Vera H\u00fcffermann (Graduada Energia) von der Gruppe Capoeira Sao Salvador in Kooperation mit dem TV Grebin diese Sparte an. Im TrainingWeiterlesen","og_url":"https:\/\/www.tvgrebin.de\/index.php\/capoeira\/","og_site_name":"TV Grebin","article_modified_time":"2025-05-28T15:25:46+00:00","og_image":[{"width":268,"height":221,"url":"https:\/\/www.tvgrebin.de\/wp-content\/uploads\/2022\/10\/Capoeira.jpg","type":"image\/jpeg"}],"twitter_card":"summary_large_image","twitter_misc":{"Gesch\u00e4tzte Lesezeit":"3\u00a0Minuten"},"schema":{"@context":"https:\/\/schema.org","@graph":[{"@type":"WebPage","@id":"https:\/\/www.tvgrebin.de\/index.php\/capoeira\/","url":"https:\/\/www.tvgrebin.de\/index.php\/capoeira\/","name":"Capoeira - TV Grebin","isPartOf":{"@id":"https:\/\/www.tvgrebin.de\/#website"},"primaryImageOfPage":{"@id":"https:\/\/www.tvgrebin.de\/index.php\/capoeira\/#primaryimage"},"image":{"@id":"https:\/\/www.tvgrebin.de\/index.php\/capoeira\/#primaryimage"},"thumbnailUrl":"https:\/\/www.tvgrebin.de\/wp-content\/uploads\/2022\/10\/Capoeira.jpg","datePublished":"2022-09-28T07:58:02+00:00","dateModified":"2025-05-28T15:25:46+00:00","breadcrumb":{"@id":"https:\/\/www.tvgrebin.de\/index.php\/capoeira\/#breadcrumb"},"inLanguage":"de","potentialAction":[{"@type":"ReadAction","target":["https:\/\/www.tvgrebin.de\/index.php\/capoeira\/"]}]},{"@type":"ImageObject","inLanguage":"de","@id":"https:\/\/www.tvgrebin.de\/index.php\/capoeira\/#primaryimage","url":"https:\/\/www.tvgrebin.de\/wp-content\/uploads\/2022\/10\/Capoeira.jpg","contentUrl":"https:\/\/www.tvgrebin.de\/wp-content\/uploads\/2022\/10\/Capoeira.jpg","width":268,"height":221},{"@type":"BreadcrumbList","@id":"https:\/\/www.tvgrebin.de\/index.php\/capoeira\/#breadcrumb","itemListElement":[{"@type":"ListItem","position":1,"name":"Startseite","item":"https:\/\/www.tvgrebin.de\/"},{"@type":"ListItem","position":2,"name":"Capoeira"}]},{"@type":"WebSite","@id":"https:\/\/www.tvgrebin.de\/#website","url":"https:\/\/www.tvgrebin.de\/","name":"TV Grebin","description":"Turn- und Sportverein von 1927","publisher":{"@id":"https:\/\/www.tvgrebin.de\/#organization"},"potentialAction":[{"@type":"SearchAction","target":{"@type":"EntryPoint","urlTemplate":"https:\/\/www.tvgrebin.de\/?s={search_term_string}"},"query-input":{"@type":"PropertyValueSpecification","valueRequired":true,"valueName":"search_term_string"}}],"inLanguage":"de"},{"@type":"Organization","@id":"https:\/\/www.tvgrebin.de\/#organization","name":"TV Grebin","url":"https:\/\/www.tvgrebin.de\/","logo":{"@type":"ImageObject","inLanguage":"de","@id":"https:\/\/www.tvgrebin.de\/#\/schema\/logo\/image\/","url":"","contentUrl":"","caption":"TV Grebin"},"image":{"@id":"https:\/\/www.tvgrebin.de\/#\/schema\/logo\/image\/"}}]}},"_links":{"self":[{"href":"https:\/\/www.tvgrebin.de\/index.php\/wp-json\/wp\/v2\/pages\/488","targetHints":{"allow":["GET"]}}],"collection":[{"href":"https:\/\/www.tvgrebin.de\/index.php\/wp-json\/wp\/v2\/pages"}],"about":[{"href":"https:\/\/www.tvgrebin.de\/index.php\/wp-json\/wp\/v2\/types\/page"}],"author":[{"embeddable":true,"href":"https:\/\/www.tvgrebin.de\/index.php\/wp-json\/wp\/v2\/users\/2"}],"replies":[{"embeddable":true,"href":"https:\/\/www.tvgrebin.de\/index.php\/wp-json\/wp\/v2\/comments?post=488"}],"version-history":[{"count":9,"href":"https:\/\/www.tvgrebin.de\/index.php\/wp-json\/wp\/v2\/pages\/488\/revisions"}],"predecessor-version":[{"id":1444,"href":"https:\/\/www.tvgrebin.de\/index.php\/wp-json\/wp\/v2\/pages\/488\/revisions\/1444"}],"wp:featuredmedia":[{"embeddable":true,"href":"https:\/\/www.tvgrebin.de\/index.php\/wp-json\/wp\/v2\/media\/647"}],"wp:attachment":[{"href":"https:\/\/www.tvgrebin.de\/index.php\/wp-json\/wp\/v2\/media?parent=488"}],"curies":[{"name":"wp","href":"https:\/\/api.w.org\/{rel}","templated":true}]}}