{"id":24,"date":"2022-05-31T10:50:56","date_gmt":"2022-05-31T08:50:56","guid":{"rendered":"https:\/\/www.tvgrebin.de\/?page_id=24"},"modified":"2026-03-27T15:22:31","modified_gmt":"2026-03-27T14:22:31","slug":"kontakt-beitritt-satzung","status":"publish","type":"page","link":"https:\/\/www.tvgrebin.de\/index.php\/kontakt-beitritt-satzung\/","title":{"rendered":"Kontakt"},"content":{"rendered":"\n<p>Haben Sie Fragen zu unserem Verein, oder m\u00f6chten Sie gerne Mitglied werden? Wir sind gerne f\u00fcr Sie da. <\/p>\n\n\n\n<p>F\u00fcllen Sie einfach unser Kontaktformular aus, und wir setzen und so bald wie m\u00f6glich mit Ihnen in Verbindung. <\/p>\n\n\n\n<p>Wir freuen uns \u00fcber neue Mitglieder!<\/p>\n\n\n<div class=\"wpforms-container wpforms-container-full wpforms-block wpforms-block-08b87eab-dd99-45cc-a402-e7dbde5f22bc\" id=\"wpforms-59\"><form id=\"wpforms-form-59\" class=\"wpforms-validate wpforms-form wpforms-ajax-form\" data-formid=\"59\" method=\"post\" enctype=\"multipart\/form-data\" action=\"\/index.php\/wp-json\/wp\/v2\/pages\/24\" data-token=\"d8ffa37fbc4420022ef554d63b458495\" data-token-time=\"1777984457\"><noscript class=\"wpforms-error-noscript\">Bitte aktiviere JavaScript in deinem Browser, um dieses Formular fertigzustellen.<\/noscript><div class=\"wpforms-field-container\"><div id=\"wpforms-59-field_0-container\" class=\"wpforms-field wpforms-field-name\" data-field-id=\"0\"><label class=\"wpforms-field-label\">Name <span class=\"wpforms-required-label\">*<\/span><\/label><div class=\"wpforms-field-row wpforms-field-medium\"><div class=\"wpforms-field-row-block wpforms-first wpforms-one-half\"><input type=\"text\" id=\"wpforms-59-field_0\" class=\"wpforms-field-name-first wpforms-field-required\" name=\"wpforms[fields][0][first]\" required><label for=\"wpforms-59-field_0\" class=\"wpforms-field-sublabel after\">Vorname<\/label><\/div><div class=\"wpforms-field-row-block wpforms-one-half\"><input type=\"text\" id=\"wpforms-59-field_0-last\" class=\"wpforms-field-name-last wpforms-field-required\" name=\"wpforms[fields][0][last]\" required><label for=\"wpforms-59-field_0-last\" class=\"wpforms-field-sublabel after\">Nachname<\/label><\/div><\/div><\/div><div id=\"wpforms-59-field_1-container\" class=\"wpforms-field wpforms-field-email\" data-field-id=\"1\"><label class=\"wpforms-field-label\" for=\"wpforms-59-field_1\">Email <span class=\"wpforms-required-label\">*<\/span><\/label><input type=\"email\" id=\"wpforms-59-field_1\" class=\"wpforms-field-medium wpforms-field-required\" name=\"wpforms[fields][1]\" spellcheck=\"false\" required><\/div><div id=\"wpforms-59-field_4-container\" class=\"wpforms-field wpforms-field-number\" data-field-id=\"4\"><label class=\"wpforms-field-label\" for=\"wpforms-59-field_4\">Telefonnummer<\/label><input type=\"number\" id=\"wpforms-59-field_4\" class=\"wpforms-field-medium\" name=\"wpforms[fields][4]\" step=\"any\" ><\/div><div id=\"wpforms-59-field_2-container\" class=\"wpforms-field wpforms-field-textarea\" data-field-id=\"2\"><label class=\"wpforms-field-label\" for=\"wpforms-59-field_2\">Nachricht <span class=\"wpforms-required-label\">*<\/span><\/label><textarea id=\"wpforms-59-field_2\" class=\"wpforms-field-medium wpforms-field-required\" name=\"wpforms[fields][2]\" required><\/textarea><\/div><\/div><!-- .wpforms-field-container --><div class=\"wpforms-recaptcha-container wpforms-is-recaptcha wpforms-is-recaptcha-type-v3\" ><input type=\"hidden\" name=\"wpforms[recaptcha]\" value=\"\"><\/div><div class=\"wpforms-submit-container\" ><input type=\"hidden\" name=\"wpforms[id]\" value=\"59\"><input type=\"hidden\" name=\"page_title\" value=\"\"><input type=\"hidden\" name=\"page_url\" value=\"https:\/\/www.tvgrebin.de\/index.php\/wp-json\/wp\/v2\/pages\/24\"><input type=\"hidden\" name=\"url_referer\" value=\"\"><button type=\"submit\" name=\"wpforms[submit]\" id=\"wpforms-submit-59\" class=\"wpforms-submit\" data-alt-text=\"Wird abgeschickt...\" data-submit-text=\"Abschicken\" aria-live=\"assertive\" value=\"wpforms-submit\">Abschicken<\/button><img loading=\"lazy\" decoding=\"async\" src=\"https:\/\/www.tvgrebin.de\/wp-content\/plugins\/wpforms-lite\/assets\/images\/submit-spin.svg\" class=\"wpforms-submit-spinner\" style=\"display: none;\" width=\"26\" height=\"26\" alt=\"Wird geladen\"><\/div><\/form><\/div>  <!-- .wpforms-container -->\n\n\n<div class=\"wp-block-columns is-layout-flex wp-container-core-columns-is-layout-9d6595d7 wp-block-columns-is-layout-flex\">\n<div class=\"wp-block-column is-layout-flow wp-block-column-is-layout-flow\">\n<h2>Downloads<\/h2>\n<p>Hier ist die aktuelle Satzung des Vereins zu finden und f\u00fcr alle neuen Sportbegeisterte, Interessierte oder F\u00f6rderer und Unterst\u00fctzer auch die Beitrittserkl\u00e4rung.<\/p>\n<hr \/>\n<\/div>\n<\/div>\n\n\n\n<div class=\"wp-block-columns is-layout-flex wp-container-core-columns-is-layout-9d6595d7 wp-block-columns-is-layout-flex\">\n<div class=\"wp-block-column is-layout-flow wp-block-column-is-layout-flow\">\n<p><span style=\"text-decoration: underline;\"><strong>Beitragsordnung:<\/strong><\/span><\/p>\n<p>Monatlicher Beitrag in H\u00f6he von:<\/p>\n<ul>\n<li>20\u20ac f\u00fcr den Familienbeitrag<\/li>\n<li>12\u20ac f\u00fcr eine Einzelperson<\/li>\n<li>5\u20ac f\u00fcr einen Kinderbeitrag<\/li>\n<li>9\u20ac als passives Mitglied<\/li>\n<\/ul>\n<p>Die Abbuchungen des Mitgliedsbeitrags erfolgen jeweils r\u00fcckwirkend zum Quartalsende.<\/p>\n<\/div>\n\n\n\n<div class=\"wp-block-column is-layout-flow wp-block-column-is-layout-flow\">\n<p>Falls Ihr den Verein verlassen m\u00f6chtet, dann ist das sehr schade, denn wir brauchen jeden \u20acuro und jede*n Unterst\u00fctzer*in, um Leben in das Dorf zu bringen&#8230;.<\/p>\n<p>K\u00fcndigungen der Mitgliedschaft oder Ver\u00e4nderungen jeder Art bitte per Mail an <a href=\"mailto:info@tvgrebin.de\">info@tvgrebin.de<\/a><\/p>\n<\/div>\n<\/div>\n\n\n\n<div class=\"wp-block-columns is-layout-flex wp-container-core-columns-is-layout-9d6595d7 wp-block-columns-is-layout-flex\">\n<div class=\"wp-block-column is-layout-flow wp-block-column-is-layout-flow\" style=\"flex-basis:66.66%\">\n<div class=\"wp-block-file\"><a id=\"wp-block-file--media-af928f3d-cdd6-40c9-9bf1-eff36e99fd42\" href=\"https:\/\/www.tvgrebin.de\/wp-content\/uploads\/2022\/09\/Beitrittserklaerung-zum-Grebiner-Turnverein-von-1927.pdf\"><strong>Beitrittserklaerung-zum-Grebiner-Turnverein-von-1927<\/strong><\/a><\/div>\n<\/div>\n\n\n\n<div class=\"wp-block-column is-layout-flow wp-block-column-is-layout-flow\" style=\"flex-basis:33.33%\">\n<div class=\"wp-block-file\"><a id=\"wp-block-file--media-f006d7c0-11c0-43bf-81cf-4692ffdb413a\" href=\"https:\/\/www.tvgrebin.de\/wp-content\/uploads\/2022\/09\/Satzung-des-TVG.pdf\" target=\"_blank\" rel=\"noreferrer noopener\"><strong>Satzung-des-TVG<\/strong><\/a><\/div>\n<\/div>\n<\/div>\n\n\n\n<div class=\"wp-block-columns is-layout-flex wp-container-core-columns-is-layout-9d6595d7 wp-block-columns-is-layout-flex\">\n<div class=\"wp-block-column is-layout-flow wp-block-column-is-layout-flow\">\n<figure class=\"wp-block-image size-large\"><a href=\"https:\/\/www.tvgrebin.de\/wp-content\/uploads\/2022\/09\/Beitrittserklaerung-zum-Grebiner-Turnverein-von-1927.pdf\"><img loading=\"lazy\" decoding=\"async\" width=\"1024\" height=\"499\" src=\"https:\/\/www.tvgrebin.de\/wp-content\/uploads\/2022\/11\/Beitritt-BILD-1024x499.png\" alt=\"\" class=\"wp-image-716\" srcset=\"https:\/\/www.tvgrebin.de\/wp-content\/uploads\/2022\/11\/Beitritt-BILD-1024x499.png 1024w, https:\/\/www.tvgrebin.de\/wp-content\/uploads\/2022\/11\/Beitritt-BILD-300x146.png 300w, https:\/\/www.tvgrebin.de\/wp-content\/uploads\/2022\/11\/Beitritt-BILD-768x374.png 768w, https:\/\/www.tvgrebin.de\/wp-content\/uploads\/2022\/11\/Beitritt-BILD.png 1042w\" sizes=\"auto, (max-width: 1024px) 100vw, 1024px\" \/><\/a><\/figure>\n<\/div>\n\n\n\n<div class=\"wp-block-column is-layout-flow wp-block-column-is-layout-flow\">\n<figure class=\"wp-block-image size-large\"><a href=\"https:\/\/www.tvgrebin.de\/wp-content\/uploads\/2022\/09\/Satzung-des-TVG.pdf\"><img loading=\"lazy\" decoding=\"async\" width=\"1024\" height=\"556\" src=\"https:\/\/www.tvgrebin.de\/wp-content\/uploads\/2022\/11\/Bild-Satzung-1024x556.png\" alt=\"\" class=\"wp-image-719\" srcset=\"https:\/\/www.tvgrebin.de\/wp-content\/uploads\/2022\/11\/Bild-Satzung-1024x556.png 1024w, https:\/\/www.tvgrebin.de\/wp-content\/uploads\/2022\/11\/Bild-Satzung-300x163.png 300w, https:\/\/www.tvgrebin.de\/wp-content\/uploads\/2022\/11\/Bild-Satzung-768x417.png 768w, https:\/\/www.tvgrebin.de\/wp-content\/uploads\/2022\/11\/Bild-Satzung.png 1042w\" sizes=\"auto, (max-width: 1024px) 100vw, 1024px\" \/><\/a><\/figure>\n<\/div>\n<\/div>\n\n\n\n<div class=\"wp-block-group\"><div class=\"wp-block-group__inner-container is-layout-flow wp-block-group-is-layout-flow\"><\/div><\/div>\n","protected":false},"excerpt":{"rendered":"<p>Haben Sie Fragen zu unserem Verein, oder m\u00f6chten Sie gerne Mitglied werden? Wir sind gerne f\u00fcr Sie da. F\u00fcllen Sie einfach unser Kontaktformular aus, und wir setzen und so bald wie m\u00f6glich mit Ihnen in Verbindung. Wir freuen uns \u00fcber neue Mitglieder! Downloads Hier ist die aktuelle Satzung des Vereins zu finden und f\u00fcr alle<\/p>\n<div class=\"read-more\"><a href=\"https:\/\/www.tvgrebin.de\/index.php\/kontakt-beitritt-satzung\/\" title=\"Read More\">Weiterlesen<i class=\"icon icon-angle-right\"><\/i><\/a><\/div>\n","protected":false},"author":2,"featured_media":0,"parent":0,"menu_order":0,"comment_status":"closed","ping_status":"closed","template":"","meta":{"footnotes":""},"class_list":["post-24","page","type-page","status-publish"],"yoast_head":"<!-- This site is optimized with the Yoast SEO plugin v27.5 - https:\/\/yoast.com\/product\/yoast-seo-wordpress\/ -->\n<title>Kontakt - TV Grebin<\/title>\n<meta name=\"robots\" content=\"index, follow, max-snippet:-1, max-image-preview:large, max-video-preview:-1\" \/>\n<link rel=\"canonical\" href=\"https:\/\/www.tvgrebin.de\/index.php\/kontakt-beitritt-satzung\/\" \/>\n<meta property=\"og:locale\" content=\"de_DE\" \/>\n<meta property=\"og:type\" content=\"article\" \/>\n<meta property=\"og:title\" content=\"Kontakt - TV Grebin\" \/>\n<meta property=\"og:description\" content=\"Haben Sie Fragen zu unserem Verein, oder m\u00f6chten Sie gerne Mitglied werden? Wir sind gerne f\u00fcr Sie da. F\u00fcllen Sie einfach unser Kontaktformular aus, und wir setzen und so bald wie m\u00f6glich mit Ihnen in Verbindung. Wir freuen uns \u00fcber neue Mitglieder! Downloads Hier ist die aktuelle Satzung des Vereins zu finden und f\u00fcr alleWeiterlesen\" \/>\n<meta property=\"og:url\" content=\"https:\/\/www.tvgrebin.de\/index.php\/kontakt-beitritt-satzung\/\" \/>\n<meta property=\"og:site_name\" content=\"TV Grebin\" \/>\n<meta property=\"article:modified_time\" content=\"2026-03-27T14:22:31+00:00\" \/>\n<meta property=\"og:image\" content=\"https:\/\/www.tvgrebin.de\/wp-content\/uploads\/2022\/11\/Beitritt-BILD-1024x499.png\" \/>\n<meta name=\"twitter:card\" content=\"summary_large_image\" \/>\n<meta name=\"twitter:label1\" content=\"Gesch\u00e4tzte Lesezeit\" \/>\n\t<meta name=\"twitter:data1\" content=\"2\u00a0Minuten\" \/>\n<script type=\"application\/ld+json\" class=\"yoast-schema-graph\">{\"@context\":\"https:\\\/\\\/schema.org\",\"@graph\":[{\"@type\":\"WebPage\",\"@id\":\"https:\\\/\\\/www.tvgrebin.de\\\/index.php\\\/kontakt-beitritt-satzung\\\/\",\"url\":\"https:\\\/\\\/www.tvgrebin.de\\\/index.php\\\/kontakt-beitritt-satzung\\\/\",\"name\":\"Kontakt - TV Grebin\",\"isPartOf\":{\"@id\":\"https:\\\/\\\/www.tvgrebin.de\\\/#website\"},\"primaryImageOfPage\":{\"@id\":\"https:\\\/\\\/www.tvgrebin.de\\\/index.php\\\/kontakt-beitritt-satzung\\\/#primaryimage\"},\"image\":{\"@id\":\"https:\\\/\\\/www.tvgrebin.de\\\/index.php\\\/kontakt-beitritt-satzung\\\/#primaryimage\"},\"thumbnailUrl\":\"https:\\\/\\\/www.tvgrebin.de\\\/wp-content\\\/uploads\\\/2022\\\/11\\\/Beitritt-BILD-1024x499.png\",\"datePublished\":\"2022-05-31T08:50:56+00:00\",\"dateModified\":\"2026-03-27T14:22:31+00:00\",\"breadcrumb\":{\"@id\":\"https:\\\/\\\/www.tvgrebin.de\\\/index.php\\\/kontakt-beitritt-satzung\\\/#breadcrumb\"},\"inLanguage\":\"de\",\"potentialAction\":[{\"@type\":\"ReadAction\",\"target\":[\"https:\\\/\\\/www.tvgrebin.de\\\/index.php\\\/kontakt-beitritt-satzung\\\/\"]}]},{\"@type\":\"ImageObject\",\"inLanguage\":\"de\",\"@id\":\"https:\\\/\\\/www.tvgrebin.de\\\/index.php\\\/kontakt-beitritt-satzung\\\/#primaryimage\",\"url\":\"https:\\\/\\\/www.tvgrebin.de\\\/wp-content\\\/uploads\\\/2022\\\/11\\\/Beitritt-BILD.png\",\"contentUrl\":\"https:\\\/\\\/www.tvgrebin.de\\\/wp-content\\\/uploads\\\/2022\\\/11\\\/Beitritt-BILD.png\",\"width\":1042,\"height\":508},{\"@type\":\"BreadcrumbList\",\"@id\":\"https:\\\/\\\/www.tvgrebin.de\\\/index.php\\\/kontakt-beitritt-satzung\\\/#breadcrumb\",\"itemListElement\":[{\"@type\":\"ListItem\",\"position\":1,\"name\":\"Startseite\",\"item\":\"https:\\\/\\\/www.tvgrebin.de\\\/\"},{\"@type\":\"ListItem\",\"position\":2,\"name\":\"Kontakt\"}]},{\"@type\":\"WebSite\",\"@id\":\"https:\\\/\\\/www.tvgrebin.de\\\/#website\",\"url\":\"https:\\\/\\\/www.tvgrebin.de\\\/\",\"name\":\"TV Grebin\",\"description\":\"Turn- und Sportverein von 1927\",\"publisher\":{\"@id\":\"https:\\\/\\\/www.tvgrebin.de\\\/#organization\"},\"potentialAction\":[{\"@type\":\"SearchAction\",\"target\":{\"@type\":\"EntryPoint\",\"urlTemplate\":\"https:\\\/\\\/www.tvgrebin.de\\\/?s={search_term_string}\"},\"query-input\":{\"@type\":\"PropertyValueSpecification\",\"valueRequired\":true,\"valueName\":\"search_term_string\"}}],\"inLanguage\":\"de\"},{\"@type\":\"Organization\",\"@id\":\"https:\\\/\\\/www.tvgrebin.de\\\/#organization\",\"name\":\"TV Grebin\",\"url\":\"https:\\\/\\\/www.tvgrebin.de\\\/\",\"logo\":{\"@type\":\"ImageObject\",\"inLanguage\":\"de\",\"@id\":\"https:\\\/\\\/www.tvgrebin.de\\\/#\\\/schema\\\/logo\\\/image\\\/\",\"url\":\"\",\"contentUrl\":\"\",\"caption\":\"TV Grebin\"},\"image\":{\"@id\":\"https:\\\/\\\/www.tvgrebin.de\\\/#\\\/schema\\\/logo\\\/image\\\/\"}}]}<\/script>\n<!-- \/ Yoast SEO plugin. -->","yoast_head_json":{"title":"Kontakt - TV Grebin","robots":{"index":"index","follow":"follow","max-snippet":"max-snippet:-1","max-image-preview":"max-image-preview:large","max-video-preview":"max-video-preview:-1"},"canonical":"https:\/\/www.tvgrebin.de\/index.php\/kontakt-beitritt-satzung\/","og_locale":"de_DE","og_type":"article","og_title":"Kontakt - TV Grebin","og_description":"Haben Sie Fragen zu unserem Verein, oder m\u00f6chten Sie gerne Mitglied werden? Wir sind gerne f\u00fcr Sie da. F\u00fcllen Sie einfach unser Kontaktformular aus, und wir setzen und so bald wie m\u00f6glich mit Ihnen in Verbindung. Wir freuen uns \u00fcber neue Mitglieder! Downloads Hier ist die aktuelle Satzung des Vereins zu finden und f\u00fcr alleWeiterlesen","og_url":"https:\/\/www.tvgrebin.de\/index.php\/kontakt-beitritt-satzung\/","og_site_name":"TV Grebin","article_modified_time":"2026-03-27T14:22:31+00:00","og_image":[{"url":"https:\/\/www.tvgrebin.de\/wp-content\/uploads\/2022\/11\/Beitritt-BILD-1024x499.png","type":"","width":"","height":""}],"twitter_card":"summary_large_image","twitter_misc":{"Gesch\u00e4tzte Lesezeit":"2\u00a0Minuten"},"schema":{"@context":"https:\/\/schema.org","@graph":[{"@type":"WebPage","@id":"https:\/\/www.tvgrebin.de\/index.php\/kontakt-beitritt-satzung\/","url":"https:\/\/www.tvgrebin.de\/index.php\/kontakt-beitritt-satzung\/","name":"Kontakt - TV Grebin","isPartOf":{"@id":"https:\/\/www.tvgrebin.de\/#website"},"primaryImageOfPage":{"@id":"https:\/\/www.tvgrebin.de\/index.php\/kontakt-beitritt-satzung\/#primaryimage"},"image":{"@id":"https:\/\/www.tvgrebin.de\/index.php\/kontakt-beitritt-satzung\/#primaryimage"},"thumbnailUrl":"https:\/\/www.tvgrebin.de\/wp-content\/uploads\/2022\/11\/Beitritt-BILD-1024x499.png","datePublished":"2022-05-31T08:50:56+00:00","dateModified":"2026-03-27T14:22:31+00:00","breadcrumb":{"@id":"https:\/\/www.tvgrebin.de\/index.php\/kontakt-beitritt-satzung\/#breadcrumb"},"inLanguage":"de","potentialAction":[{"@type":"ReadAction","target":["https:\/\/www.tvgrebin.de\/index.php\/kontakt-beitritt-satzung\/"]}]},{"@type":"ImageObject","inLanguage":"de","@id":"https:\/\/www.tvgrebin.de\/index.php\/kontakt-beitritt-satzung\/#primaryimage","url":"https:\/\/www.tvgrebin.de\/wp-content\/uploads\/2022\/11\/Beitritt-BILD.png","contentUrl":"https:\/\/www.tvgrebin.de\/wp-content\/uploads\/2022\/11\/Beitritt-BILD.png","width":1042,"height":508},{"@type":"BreadcrumbList","@id":"https:\/\/www.tvgrebin.de\/index.php\/kontakt-beitritt-satzung\/#breadcrumb","itemListElement":[{"@type":"ListItem","position":1,"name":"Startseite","item":"https:\/\/www.tvgrebin.de\/"},{"@type":"ListItem","position":2,"name":"Kontakt"}]},{"@type":"WebSite","@id":"https:\/\/www.tvgrebin.de\/#website","url":"https:\/\/www.tvgrebin.de\/","name":"TV Grebin","description":"Turn- und Sportverein von 1927","publisher":{"@id":"https:\/\/www.tvgrebin.de\/#organization"},"potentialAction":[{"@type":"SearchAction","target":{"@type":"EntryPoint","urlTemplate":"https:\/\/www.tvgrebin.de\/?s={search_term_string}"},"query-input":{"@type":"PropertyValueSpecification","valueRequired":true,"valueName":"search_term_string"}}],"inLanguage":"de"},{"@type":"Organization","@id":"https:\/\/www.tvgrebin.de\/#organization","name":"TV Grebin","url":"https:\/\/www.tvgrebin.de\/","logo":{"@type":"ImageObject","inLanguage":"de","@id":"https:\/\/www.tvgrebin.de\/#\/schema\/logo\/image\/","url":"","contentUrl":"","caption":"TV Grebin"},"image":{"@id":"https:\/\/www.tvgrebin.de\/#\/schema\/logo\/image\/"}}]}},"_links":{"self":[{"href":"https:\/\/www.tvgrebin.de\/index.php\/wp-json\/wp\/v2\/pages\/24","targetHints":{"allow":["GET"]}}],"collection":[{"href":"https:\/\/www.tvgrebin.de\/index.php\/wp-json\/wp\/v2\/pages"}],"about":[{"href":"https:\/\/www.tvgrebin.de\/index.php\/wp-json\/wp\/v2\/types\/page"}],"author":[{"embeddable":true,"href":"https:\/\/www.tvgrebin.de\/index.php\/wp-json\/wp\/v2\/users\/2"}],"replies":[{"embeddable":true,"href":"https:\/\/www.tvgrebin.de\/index.php\/wp-json\/wp\/v2\/comments?post=24"}],"version-history":[{"count":18,"href":"https:\/\/www.tvgrebin.de\/index.php\/wp-json\/wp\/v2\/pages\/24\/revisions"}],"predecessor-version":[{"id":1580,"href":"https:\/\/www.tvgrebin.de\/index.php\/wp-json\/wp\/v2\/pages\/24\/revisions\/1580"}],"wp:attachment":[{"href":"https:\/\/www.tvgrebin.de\/index.php\/wp-json\/wp\/v2\/media?parent=24"}],"curies":[{"name":"wp","href":"https:\/\/api.w.org\/{rel}","templated":true}]}}