{"id":145,"date":"2022-06-12T21:56:34","date_gmt":"2022-06-12T19:56:34","guid":{"rendered":"https:\/\/www.tvgrebin.de\/?page_id=145"},"modified":"2022-11-20T16:19:51","modified_gmt":"2022-11-20T15:19:51","slug":"bogenschiessen","status":"publish","type":"page","link":"https:\/\/www.tvgrebin.de\/index.php\/sportangebote\/bogenschiessen\/","title":{"rendered":"Bogenschie\u00dfen"},"content":{"rendered":"\n<div class=\"wp-block-columns is-layout-flex wp-container-core-columns-is-layout-9d6595d7 wp-block-columns-is-layout-flex\">\n<div class=\"wp-block-column is-layout-flow wp-block-column-is-layout-flow\" style=\"flex-basis:66.66%\">\n<h4 style=\"text-align: center;\">Zum Schie\u00dfen mit Pfeil und Bogen hat sicherlich Jede*r eine Kindheitserinnerung.<\/h4>\n<blockquote>\n<p>Bogenschie\u00dfen trainiert den ganzheitlichen K\u00f6rper, indem von Anspannung zu Entspannung gewechselt wird. Die gesamte Rumpfmuskulatur wird ben\u00f6tigt, um in einem ausbalancierten festen Stand ein Ziel zu fokussieren. Gute R\u00fccken-, Arm- und Handmuskulatur bringt schlie\u00dflich den Pfeil in sein Ziel!<\/p>\n<\/blockquote>\n<\/div>\n\n\n\n<div class=\"wp-block-column is-layout-flow wp-block-column-is-layout-flow\" style=\"flex-basis:33.33%\">\n<figure class=\"wp-block-image size-large\"><img loading=\"lazy\" decoding=\"async\" width=\"704\" height=\"1024\" src=\"https:\/\/www.tvgrebin.de\/wp-content\/uploads\/2022\/09\/mihai-lazar-yA6n_TzTSI-unsplash1-704x1024.jpg\" alt=\"\" class=\"wp-image-475\" srcset=\"https:\/\/www.tvgrebin.de\/wp-content\/uploads\/2022\/09\/mihai-lazar-yA6n_TzTSI-unsplash1-704x1024.jpg 704w, https:\/\/www.tvgrebin.de\/wp-content\/uploads\/2022\/09\/mihai-lazar-yA6n_TzTSI-unsplash1-206x300.jpg 206w, https:\/\/www.tvgrebin.de\/wp-content\/uploads\/2022\/09\/mihai-lazar-yA6n_TzTSI-unsplash1-768x1117.jpg 768w, https:\/\/www.tvgrebin.de\/wp-content\/uploads\/2022\/09\/mihai-lazar-yA6n_TzTSI-unsplash1-1056x1536.jpg 1056w, https:\/\/www.tvgrebin.de\/wp-content\/uploads\/2022\/09\/mihai-lazar-yA6n_TzTSI-unsplash1-1408x2048.jpg 1408w, https:\/\/www.tvgrebin.de\/wp-content\/uploads\/2022\/09\/mihai-lazar-yA6n_TzTSI-unsplash1-scaled.jpg 825w\" sizes=\"auto, (max-width: 704px) 100vw, 704px\" \/><\/figure>\n<\/div>\n<\/div>\n\n\n\n<div class=\"wp-block-columns is-layout-flex wp-container-core-columns-is-layout-9d6595d7 wp-block-columns-is-layout-flex\">\n<div class=\"wp-block-column is-layout-flow wp-block-column-is-layout-flow\">\n<p>Die K\u00f6rperwahrnehmung und die Achtsamkeit auf die eigenen Sinne, gepaart mit dem sportlichen Ehrgeiz bringen auch im TV Grebin faszinierte Bogensportler*innen zusammen.<\/p>\n\n\n\n<h4 class=\"wp-block-heading\">Jeden Sonntag von 11 &#8211; 13 Uhr wird auf unserem Platz geschossen!<\/h4>\n\n\n\n<p><\/p>\n\n\n\n<p>Interessierte sind immer herzlich willkommen.<\/p>\n\n\n\n<p>Kontakt bitte an unsere Spartenleiterin Tanja Heinrich <a href=\"tel:017641687874\">017641687874<\/a><\/p>\n\n\n\n<p>oder \u00fcber das Kontaktformular an <a href=\"mailto:info@tvgrebin.de\" target=\"_blank\" rel=\"noreferrer noopener\">info@tvgrebin.de<\/a><\/p>\n<\/div>\n<\/div>\n","protected":false},"excerpt":{"rendered":"<p>Zum Schie\u00dfen mit Pfeil und Bogen hat sicherlich Jede*r eine Kindheitserinnerung. Bogenschie\u00dfen trainiert den ganzheitlichen K\u00f6rper, indem von Anspannung zu Entspannung gewechselt wird. Die gesamte Rumpfmuskulatur wird ben\u00f6tigt, um in einem ausbalancierten festen Stand ein Ziel zu fokussieren. Gute R\u00fccken-, Arm- und Handmuskulatur bringt schlie\u00dflich den Pfeil in sein Ziel! Die K\u00f6rperwahrnehmung und die Achtsamkeit<\/p>\n<div class=\"read-more\"><a href=\"https:\/\/www.tvgrebin.de\/index.php\/sportangebote\/bogenschiessen\/\" title=\"Read More\">Weiterlesen<i class=\"icon icon-angle-right\"><\/i><\/a><\/div>\n","protected":false},"author":2,"featured_media":678,"parent":22,"menu_order":0,"comment_status":"open","ping_status":"closed","template":"","meta":{"footnotes":""},"class_list":["post-145","page","type-page","status-publish","has-post-thumbnail"],"yoast_head":"<!-- This site is optimized with the Yoast SEO plugin v27.3 - https:\/\/yoast.com\/product\/yoast-seo-wordpress\/ -->\n<title>Bogenschie\u00dfen - TV Grebin<\/title>\n<meta name=\"robots\" content=\"index, follow, max-snippet:-1, max-image-preview:large, max-video-preview:-1\" \/>\n<link rel=\"canonical\" href=\"https:\/\/www.tvgrebin.de\/index.php\/sportangebote\/bogenschiessen\/\" \/>\n<meta property=\"og:locale\" content=\"de_DE\" \/>\n<meta property=\"og:type\" content=\"article\" \/>\n<meta property=\"og:title\" content=\"Bogenschie\u00dfen - TV Grebin\" \/>\n<meta property=\"og:description\" content=\"Zum Schie\u00dfen mit Pfeil und Bogen hat sicherlich Jede*r eine Kindheitserinnerung. Bogenschie\u00dfen trainiert den ganzheitlichen K\u00f6rper, indem von Anspannung zu Entspannung gewechselt wird. Die gesamte Rumpfmuskulatur wird ben\u00f6tigt, um in einem ausbalancierten festen Stand ein Ziel zu fokussieren. Gute R\u00fccken-, Arm- und Handmuskulatur bringt schlie\u00dflich den Pfeil in sein Ziel! Die K\u00f6rperwahrnehmung und die AchtsamkeitWeiterlesen\" \/>\n<meta property=\"og:url\" content=\"https:\/\/www.tvgrebin.de\/index.php\/sportangebote\/bogenschiessen\/\" \/>\n<meta property=\"og:site_name\" content=\"TV Grebin\" \/>\n<meta property=\"article:modified_time\" content=\"2022-11-20T15:19:51+00:00\" \/>\n<meta property=\"og:image\" content=\"https:\/\/www.tvgrebin.de\/wp-content\/uploads\/2022\/10\/1080209-scaled.jpg\" \/>\n\t<meta property=\"og:image:width\" content=\"2560\" \/>\n\t<meta property=\"og:image:height\" content=\"1441\" \/>\n\t<meta property=\"og:image:type\" content=\"image\/jpeg\" \/>\n<meta name=\"twitter:card\" content=\"summary_large_image\" \/>\n<meta name=\"twitter:label1\" content=\"Gesch\u00e4tzte Lesezeit\" \/>\n\t<meta name=\"twitter:data1\" content=\"1\u00a0Minute\" \/>\n<script type=\"application\/ld+json\" class=\"yoast-schema-graph\">{\"@context\":\"https:\\\/\\\/schema.org\",\"@graph\":[{\"@type\":\"WebPage\",\"@id\":\"https:\\\/\\\/www.tvgrebin.de\\\/index.php\\\/sportangebote\\\/bogenschiessen\\\/\",\"url\":\"https:\\\/\\\/www.tvgrebin.de\\\/index.php\\\/sportangebote\\\/bogenschiessen\\\/\",\"name\":\"Bogenschie\u00dfen - TV Grebin\",\"isPartOf\":{\"@id\":\"https:\\\/\\\/www.tvgrebin.de\\\/#website\"},\"primaryImageOfPage\":{\"@id\":\"https:\\\/\\\/www.tvgrebin.de\\\/index.php\\\/sportangebote\\\/bogenschiessen\\\/#primaryimage\"},\"image\":{\"@id\":\"https:\\\/\\\/www.tvgrebin.de\\\/index.php\\\/sportangebote\\\/bogenschiessen\\\/#primaryimage\"},\"thumbnailUrl\":\"https:\\\/\\\/www.tvgrebin.de\\\/wp-content\\\/uploads\\\/2022\\\/10\\\/1080209-scaled.jpg\",\"datePublished\":\"2022-06-12T19:56:34+00:00\",\"dateModified\":\"2022-11-20T15:19:51+00:00\",\"breadcrumb\":{\"@id\":\"https:\\\/\\\/www.tvgrebin.de\\\/index.php\\\/sportangebote\\\/bogenschiessen\\\/#breadcrumb\"},\"inLanguage\":\"de\",\"potentialAction\":[{\"@type\":\"ReadAction\",\"target\":[\"https:\\\/\\\/www.tvgrebin.de\\\/index.php\\\/sportangebote\\\/bogenschiessen\\\/\"]}]},{\"@type\":\"ImageObject\",\"inLanguage\":\"de\",\"@id\":\"https:\\\/\\\/www.tvgrebin.de\\\/index.php\\\/sportangebote\\\/bogenschiessen\\\/#primaryimage\",\"url\":\"https:\\\/\\\/www.tvgrebin.de\\\/wp-content\\\/uploads\\\/2022\\\/10\\\/1080209-scaled.jpg\",\"contentUrl\":\"https:\\\/\\\/www.tvgrebin.de\\\/wp-content\\\/uploads\\\/2022\\\/10\\\/1080209-scaled.jpg\",\"width\":1200,\"height\":675},{\"@type\":\"BreadcrumbList\",\"@id\":\"https:\\\/\\\/www.tvgrebin.de\\\/index.php\\\/sportangebote\\\/bogenschiessen\\\/#breadcrumb\",\"itemListElement\":[{\"@type\":\"ListItem\",\"position\":1,\"name\":\"Startseite\",\"item\":\"https:\\\/\\\/www.tvgrebin.de\\\/\"},{\"@type\":\"ListItem\",\"position\":2,\"name\":\"Sportangebote\",\"item\":\"https:\\\/\\\/www.tvgrebin.de\\\/index.php\\\/sportangebote\\\/\"},{\"@type\":\"ListItem\",\"position\":3,\"name\":\"Bogenschie\u00dfen\"}]},{\"@type\":\"WebSite\",\"@id\":\"https:\\\/\\\/www.tvgrebin.de\\\/#website\",\"url\":\"https:\\\/\\\/www.tvgrebin.de\\\/\",\"name\":\"TV Grebin\",\"description\":\"Turn- und Sportverein von 1927\",\"publisher\":{\"@id\":\"https:\\\/\\\/www.tvgrebin.de\\\/#organization\"},\"potentialAction\":[{\"@type\":\"SearchAction\",\"target\":{\"@type\":\"EntryPoint\",\"urlTemplate\":\"https:\\\/\\\/www.tvgrebin.de\\\/?s={search_term_string}\"},\"query-input\":{\"@type\":\"PropertyValueSpecification\",\"valueRequired\":true,\"valueName\":\"search_term_string\"}}],\"inLanguage\":\"de\"},{\"@type\":\"Organization\",\"@id\":\"https:\\\/\\\/www.tvgrebin.de\\\/#organization\",\"name\":\"TV Grebin\",\"url\":\"https:\\\/\\\/www.tvgrebin.de\\\/\",\"logo\":{\"@type\":\"ImageObject\",\"inLanguage\":\"de\",\"@id\":\"https:\\\/\\\/www.tvgrebin.de\\\/#\\\/schema\\\/logo\\\/image\\\/\",\"url\":\"\",\"contentUrl\":\"\",\"caption\":\"TV Grebin\"},\"image\":{\"@id\":\"https:\\\/\\\/www.tvgrebin.de\\\/#\\\/schema\\\/logo\\\/image\\\/\"}}]}<\/script>\n<!-- \/ Yoast SEO plugin. -->","yoast_head_json":{"title":"Bogenschie\u00dfen - TV Grebin","robots":{"index":"index","follow":"follow","max-snippet":"max-snippet:-1","max-image-preview":"max-image-preview:large","max-video-preview":"max-video-preview:-1"},"canonical":"https:\/\/www.tvgrebin.de\/index.php\/sportangebote\/bogenschiessen\/","og_locale":"de_DE","og_type":"article","og_title":"Bogenschie\u00dfen - TV Grebin","og_description":"Zum Schie\u00dfen mit Pfeil und Bogen hat sicherlich Jede*r eine Kindheitserinnerung. Bogenschie\u00dfen trainiert den ganzheitlichen K\u00f6rper, indem von Anspannung zu Entspannung gewechselt wird. Die gesamte Rumpfmuskulatur wird ben\u00f6tigt, um in einem ausbalancierten festen Stand ein Ziel zu fokussieren. Gute R\u00fccken-, Arm- und Handmuskulatur bringt schlie\u00dflich den Pfeil in sein Ziel! Die K\u00f6rperwahrnehmung und die AchtsamkeitWeiterlesen","og_url":"https:\/\/www.tvgrebin.de\/index.php\/sportangebote\/bogenschiessen\/","og_site_name":"TV Grebin","article_modified_time":"2022-11-20T15:19:51+00:00","og_image":[{"width":2560,"height":1441,"url":"https:\/\/www.tvgrebin.de\/wp-content\/uploads\/2022\/10\/1080209-scaled.jpg","type":"image\/jpeg"}],"twitter_card":"summary_large_image","twitter_misc":{"Gesch\u00e4tzte Lesezeit":"1\u00a0Minute"},"schema":{"@context":"https:\/\/schema.org","@graph":[{"@type":"WebPage","@id":"https:\/\/www.tvgrebin.de\/index.php\/sportangebote\/bogenschiessen\/","url":"https:\/\/www.tvgrebin.de\/index.php\/sportangebote\/bogenschiessen\/","name":"Bogenschie\u00dfen - TV Grebin","isPartOf":{"@id":"https:\/\/www.tvgrebin.de\/#website"},"primaryImageOfPage":{"@id":"https:\/\/www.tvgrebin.de\/index.php\/sportangebote\/bogenschiessen\/#primaryimage"},"image":{"@id":"https:\/\/www.tvgrebin.de\/index.php\/sportangebote\/bogenschiessen\/#primaryimage"},"thumbnailUrl":"https:\/\/www.tvgrebin.de\/wp-content\/uploads\/2022\/10\/1080209-scaled.jpg","datePublished":"2022-06-12T19:56:34+00:00","dateModified":"2022-11-20T15:19:51+00:00","breadcrumb":{"@id":"https:\/\/www.tvgrebin.de\/index.php\/sportangebote\/bogenschiessen\/#breadcrumb"},"inLanguage":"de","potentialAction":[{"@type":"ReadAction","target":["https:\/\/www.tvgrebin.de\/index.php\/sportangebote\/bogenschiessen\/"]}]},{"@type":"ImageObject","inLanguage":"de","@id":"https:\/\/www.tvgrebin.de\/index.php\/sportangebote\/bogenschiessen\/#primaryimage","url":"https:\/\/www.tvgrebin.de\/wp-content\/uploads\/2022\/10\/1080209-scaled.jpg","contentUrl":"https:\/\/www.tvgrebin.de\/wp-content\/uploads\/2022\/10\/1080209-scaled.jpg","width":1200,"height":675},{"@type":"BreadcrumbList","@id":"https:\/\/www.tvgrebin.de\/index.php\/sportangebote\/bogenschiessen\/#breadcrumb","itemListElement":[{"@type":"ListItem","position":1,"name":"Startseite","item":"https:\/\/www.tvgrebin.de\/"},{"@type":"ListItem","position":2,"name":"Sportangebote","item":"https:\/\/www.tvgrebin.de\/index.php\/sportangebote\/"},{"@type":"ListItem","position":3,"name":"Bogenschie\u00dfen"}]},{"@type":"WebSite","@id":"https:\/\/www.tvgrebin.de\/#website","url":"https:\/\/www.tvgrebin.de\/","name":"TV Grebin","description":"Turn- und Sportverein von 1927","publisher":{"@id":"https:\/\/www.tvgrebin.de\/#organization"},"potentialAction":[{"@type":"SearchAction","target":{"@type":"EntryPoint","urlTemplate":"https:\/\/www.tvgrebin.de\/?s={search_term_string}"},"query-input":{"@type":"PropertyValueSpecification","valueRequired":true,"valueName":"search_term_string"}}],"inLanguage":"de"},{"@type":"Organization","@id":"https:\/\/www.tvgrebin.de\/#organization","name":"TV Grebin","url":"https:\/\/www.tvgrebin.de\/","logo":{"@type":"ImageObject","inLanguage":"de","@id":"https:\/\/www.tvgrebin.de\/#\/schema\/logo\/image\/","url":"","contentUrl":"","caption":"TV Grebin"},"image":{"@id":"https:\/\/www.tvgrebin.de\/#\/schema\/logo\/image\/"}}]}},"_links":{"self":[{"href":"https:\/\/www.tvgrebin.de\/index.php\/wp-json\/wp\/v2\/pages\/145","targetHints":{"allow":["GET"]}}],"collection":[{"href":"https:\/\/www.tvgrebin.de\/index.php\/wp-json\/wp\/v2\/pages"}],"about":[{"href":"https:\/\/www.tvgrebin.de\/index.php\/wp-json\/wp\/v2\/types\/page"}],"author":[{"embeddable":true,"href":"https:\/\/www.tvgrebin.de\/index.php\/wp-json\/wp\/v2\/users\/2"}],"replies":[{"embeddable":true,"href":"https:\/\/www.tvgrebin.de\/index.php\/wp-json\/wp\/v2\/comments?post=145"}],"version-history":[{"count":10,"href":"https:\/\/www.tvgrebin.de\/index.php\/wp-json\/wp\/v2\/pages\/145\/revisions"}],"predecessor-version":[{"id":849,"href":"https:\/\/www.tvgrebin.de\/index.php\/wp-json\/wp\/v2\/pages\/145\/revisions\/849"}],"up":[{"embeddable":true,"href":"https:\/\/www.tvgrebin.de\/index.php\/wp-json\/wp\/v2\/pages\/22"}],"wp:featuredmedia":[{"embeddable":true,"href":"https:\/\/www.tvgrebin.de\/index.php\/wp-json\/wp\/v2\/media\/678"}],"wp:attachment":[{"href":"https:\/\/www.tvgrebin.de\/index.php\/wp-json\/wp\/v2\/media?parent=145"}],"curies":[{"name":"wp","href":"https:\/\/api.w.org\/{rel}","templated":true}]}}