{"id":143,"date":"2022-06-12T21:55:52","date_gmt":"2022-06-12T19:55:52","guid":{"rendered":"https:\/\/www.tvgrebin.de\/?page_id=143"},"modified":"2022-09-16T11:42:26","modified_gmt":"2022-09-16T09:42:26","slug":"rueckengymnastik","status":"publish","type":"page","link":"https:\/\/www.tvgrebin.de\/index.php\/sportangebote\/rueckengymnastik\/","title":{"rendered":"R\u00fcckengymnastik"},"content":{"rendered":"\n<div class=\"wp-block-group\"><div class=\"wp-block-group__inner-container is-layout-flow wp-block-group-is-layout-flow\">\n<h3 style=\"text-align: left;\">Fit und beweglich bleiben? R\u00fccken- oder Gelenkschmerzen?<\/h3>\n<h4 style=\"text-align: left;\"><em>Die R\u00fcckengymnastik kann helfen.<\/em><\/h4>\n<\/div><\/div>\n\n\n\n<div class=\"wp-block-columns is-layout-flex wp-container-core-columns-is-layout-9d6595d7 wp-block-columns-is-layout-flex\">\n<div class=\"wp-block-column is-layout-flow wp-block-column-is-layout-flow\" style=\"flex-basis:66.66%\">\n<p>Angeleitet wird diese Gruppe von<strong> Ulli<\/strong><\/p>\n<p><span style=\"font-family: Calibri, sans-serif;\">Sie ist <\/span><span style=\"font-family: Calibri, sans-serif;\">Sporttherapeutin und auch in anderen Einrichtungen und Vereinen mit ihren Angeboten vertreten.<\/span><\/p>\n<p><span style=\"font-family: Calibri, sans-serif;\">S<\/span><span style=\"font-family: Calibri, sans-serif;\">eit April 2018 <\/span><span style=\"font-family: Calibri, sans-serif;\">ist sie<\/span><span style=\"font-family: Calibri, sans-serif;\"> in der Rolle der Trainerin f\u00fcr den TV Grebin und begeistert durch ihre Professionalit\u00e4t und ihre liebe Art.<\/span><\/p>\n<blockquote>\n<p><span style=\"font-family: Calibri, sans-serif;\">Immer Montags in der Zeit von <\/span><strong><span style=\"font-family: Calibri, sans-serif;\">18.15 Uhr bis <\/span><span style=\"font-family: Calibri, sans-serif;\">19.15 Uhr<\/span><\/strong> <span style=\"font-family: Calibri, sans-serif;\">wird im Sportraum des Vereins die Muskulatur gest\u00e4rkt, die Balance gef\u00f6rdert und der Bewegungsumfang des gesamten K\u00f6rpers trainiert.<\/span><\/p>\n<\/blockquote>\n<p><span style=\"font-family: Calibri, sans-serif;\">Das Training bietet sich an f\u00fcr <strong>alle Altersgruppen<\/strong> und wird gezielt durch den Einsatz bestimmter \u00dcbungen an die Bed\u00fcrfnisse der Teilnehmenden angepasst.<\/span><\/p>\n<p><span style=\"font-family: Calibri, sans-serif;\">Zum Sport bitte rutschfeste Socken oder leichte Schuhe und bequeme Kleidung tragen. <\/span><span style=\"font-family: Calibri, sans-serif;\">Eine e<\/span><span style=\"font-family: Calibri, sans-serif;\">igene Iso-\/Sportmatte <\/span><span style=\"font-family: Calibri, sans-serif;\">ist<\/span><span style=\"font-family: Calibri, sans-serif;\"> von Vorteil, eine kleine Anzahl ist auch vor Ort vorhanden.<\/span><\/p>\n<h3><strong><span style=\"font-family: Calibri, sans-serif;\">Ein Getr\u00e4nk und ein Handtuch sind ratsam \u2013 und los gehts!!!<\/span><\/strong><\/h3>\n<\/div>\n\n\n\n<div class=\"wp-block-column is-layout-flow wp-block-column-is-layout-flow\" style=\"flex-basis:33.33%\"><div class=\"wp-block-image\">\n<figure class=\"aligncenter size-large\"><img loading=\"lazy\" decoding=\"async\" width=\"801\" height=\"1024\" src=\"https:\/\/www.tvgrebin.de\/wp-content\/uploads\/2022\/06\/IMG_20220613_181916-801x1024.jpg\" alt=\"\" class=\"wp-image-175\" srcset=\"https:\/\/www.tvgrebin.de\/wp-content\/uploads\/2022\/06\/IMG_20220613_181916-801x1024.jpg 801w, https:\/\/www.tvgrebin.de\/wp-content\/uploads\/2022\/06\/IMG_20220613_181916-235x300.jpg 235w, https:\/\/www.tvgrebin.de\/wp-content\/uploads\/2022\/06\/IMG_20220613_181916-768x981.jpg 768w, https:\/\/www.tvgrebin.de\/wp-content\/uploads\/2022\/06\/IMG_20220613_181916-1202x1536.jpg 1202w, https:\/\/www.tvgrebin.de\/wp-content\/uploads\/2022\/06\/IMG_20220613_181916-1603x2048.jpg 1603w, https:\/\/www.tvgrebin.de\/wp-content\/uploads\/2022\/06\/IMG_20220613_181916.jpg 939w\" sizes=\"auto, (max-width: 801px) 100vw, 801px\" \/><\/figure>\n<\/div><\/div>\n<\/div>\n\n\n\n<div class=\"wp-block-columns is-layout-flex wp-container-core-columns-is-layout-9d6595d7 wp-block-columns-is-layout-flex\">\n<div class=\"wp-block-column is-layout-flow wp-block-column-is-layout-flow\" style=\"flex-basis:66.66%\">\n<p><span style=\"font-family: Calibri, sans-serif;\">Diese Veranstaltung findet auch &gt;&gt;Hybrid&lt;&lt; statt, das hei\u00dft per Zoom wird dieses Training auch zum Online-Sportangebot. So kann jeder das Angebot auch auf dem Laptop Zuhause verfolgen und mitmachen. Zugangsdaten werden auf Nachfrage herausgegeben.<\/span><\/p>\n<h3><span style=\"font-family: Calibri, sans-serif;\">Kontakt <\/span><span style=\"font-family: Calibri, sans-serif;\">zu Ul<\/span><span style=\"font-family: Calibri, sans-serif;\">li:<\/span><\/h3>\n<p><span style=\"font-family: Calibri, sans-serif;\">Anrufen, SMS oder Whattsapp<br><\/span><span style=\"font-size: revert; color: initial; font-family: -apple-system, BlinkMacSystemFont, 'Segoe UI', Roboto, Oxygen-Sans, Ubuntu, Cantarell, 'Helvetica Neue', sans-serif;\">unter <\/span><a style=\"font-size: revert; font-family: -apple-system, BlinkMacSystemFont, 'Segoe UI', Roboto, Oxygen-Sans, Ubuntu, Cantarell, 'Helvetica Neue', sans-serif;\" href=\"tel:0162 2122361\">0162 2122361<\/a><br><span style=\"font-family: Calibri, sans-serif;\">oder per Mail an: <a href=\"mailto:info@tvgrebin.de\">info@tvgrebin.de<\/a><br><\/span><\/p>\n<\/div>\n\n\n\n<div class=\"wp-block-column is-layout-flow wp-block-column-is-layout-flow\" style=\"flex-basis:33.33%\">\n<figure class=\"wp-block-image size-large\"><img loading=\"lazy\" decoding=\"async\" width=\"683\" height=\"1024\" src=\"https:\/\/www.tvgrebin.de\/wp-content\/uploads\/2022\/06\/kari-shea-qa1wvrlWCio-unsplash-683x1024.jpg\" alt=\"\" class=\"wp-image-209\" srcset=\"https:\/\/www.tvgrebin.de\/wp-content\/uploads\/2022\/06\/kari-shea-qa1wvrlWCio-unsplash-683x1024.jpg 683w, https:\/\/www.tvgrebin.de\/wp-content\/uploads\/2022\/06\/kari-shea-qa1wvrlWCio-unsplash-200x300.jpg 200w, https:\/\/www.tvgrebin.de\/wp-content\/uploads\/2022\/06\/kari-shea-qa1wvrlWCio-unsplash-768x1152.jpg 768w, https:\/\/www.tvgrebin.de\/wp-content\/uploads\/2022\/06\/kari-shea-qa1wvrlWCio-unsplash-1024x1536.jpg 1024w, https:\/\/www.tvgrebin.de\/wp-content\/uploads\/2022\/06\/kari-shea-qa1wvrlWCio-unsplash-1365x2048.jpg 1365w, https:\/\/www.tvgrebin.de\/wp-content\/uploads\/2022\/06\/kari-shea-qa1wvrlWCio-unsplash-scaled.jpg 800w\" sizes=\"auto, (max-width: 683px) 100vw, 683px\" \/><\/figure>\n<\/div>\n<\/div>\n","protected":false},"excerpt":{"rendered":"<p>Fit und beweglich bleiben? R\u00fccken- oder Gelenkschmerzen? Die R\u00fcckengymnastik kann helfen. Angeleitet wird diese Gruppe von Ulli Sie ist Sporttherapeutin und auch in anderen Einrichtungen und Vereinen mit ihren Angeboten vertreten. Seit April 2018 ist sie in der Rolle der Trainerin f\u00fcr den TV Grebin und begeistert durch ihre Professionalit\u00e4t und ihre liebe Art. Immer<\/p>\n<div class=\"read-more\"><a href=\"https:\/\/www.tvgrebin.de\/index.php\/sportangebote\/rueckengymnastik\/\" title=\"Read More\">Weiterlesen<i class=\"icon icon-angle-right\"><\/i><\/a><\/div>\n","protected":false},"author":2,"featured_media":208,"parent":22,"menu_order":0,"comment_status":"open","ping_status":"closed","template":"","meta":{"footnotes":""},"class_list":["post-143","page","type-page","status-publish","has-post-thumbnail"],"yoast_head":"<!-- This site is optimized with the Yoast SEO plugin v27.3 - https:\/\/yoast.com\/product\/yoast-seo-wordpress\/ -->\n<title>R\u00fcckengymnastik - TV Grebin<\/title>\n<meta name=\"robots\" content=\"index, follow, max-snippet:-1, max-image-preview:large, max-video-preview:-1\" \/>\n<link rel=\"canonical\" href=\"https:\/\/www.tvgrebin.de\/index.php\/sportangebote\/rueckengymnastik\/\" \/>\n<meta property=\"og:locale\" content=\"de_DE\" \/>\n<meta property=\"og:type\" content=\"article\" \/>\n<meta property=\"og:title\" content=\"R\u00fcckengymnastik - TV Grebin\" \/>\n<meta property=\"og:description\" content=\"Fit und beweglich bleiben? R\u00fccken- oder Gelenkschmerzen? Die R\u00fcckengymnastik kann helfen. Angeleitet wird diese Gruppe von Ulli Sie ist Sporttherapeutin und auch in anderen Einrichtungen und Vereinen mit ihren Angeboten vertreten. Seit April 2018 ist sie in der Rolle der Trainerin f\u00fcr den TV Grebin und begeistert durch ihre Professionalit\u00e4t und ihre liebe Art. ImmerWeiterlesen\" \/>\n<meta property=\"og:url\" content=\"https:\/\/www.tvgrebin.de\/index.php\/sportangebote\/rueckengymnastik\/\" \/>\n<meta property=\"og:site_name\" content=\"TV Grebin\" \/>\n<meta property=\"article:modified_time\" content=\"2022-09-16T09:42:26+00:00\" \/>\n<meta property=\"og:image\" content=\"https:\/\/www.tvgrebin.de\/wp-content\/uploads\/2022\/06\/junseong-lee-G9H5edUL0T8-unsplash-scaled.jpg\" \/>\n\t<meta property=\"og:image:width\" content=\"2560\" \/>\n\t<meta property=\"og:image:height\" content=\"1707\" \/>\n\t<meta property=\"og:image:type\" content=\"image\/jpeg\" \/>\n<meta name=\"twitter:card\" content=\"summary_large_image\" \/>\n<meta name=\"twitter:label1\" content=\"Gesch\u00e4tzte Lesezeit\" \/>\n\t<meta name=\"twitter:data1\" content=\"2\u00a0Minuten\" \/>\n<script type=\"application\/ld+json\" class=\"yoast-schema-graph\">{\"@context\":\"https:\\\/\\\/schema.org\",\"@graph\":[{\"@type\":\"WebPage\",\"@id\":\"https:\\\/\\\/www.tvgrebin.de\\\/index.php\\\/sportangebote\\\/rueckengymnastik\\\/\",\"url\":\"https:\\\/\\\/www.tvgrebin.de\\\/index.php\\\/sportangebote\\\/rueckengymnastik\\\/\",\"name\":\"R\u00fcckengymnastik - TV Grebin\",\"isPartOf\":{\"@id\":\"https:\\\/\\\/www.tvgrebin.de\\\/#website\"},\"primaryImageOfPage\":{\"@id\":\"https:\\\/\\\/www.tvgrebin.de\\\/index.php\\\/sportangebote\\\/rueckengymnastik\\\/#primaryimage\"},\"image\":{\"@id\":\"https:\\\/\\\/www.tvgrebin.de\\\/index.php\\\/sportangebote\\\/rueckengymnastik\\\/#primaryimage\"},\"thumbnailUrl\":\"https:\\\/\\\/www.tvgrebin.de\\\/wp-content\\\/uploads\\\/2022\\\/06\\\/junseong-lee-G9H5edUL0T8-unsplash-scaled.jpg\",\"datePublished\":\"2022-06-12T19:55:52+00:00\",\"dateModified\":\"2022-09-16T09:42:26+00:00\",\"breadcrumb\":{\"@id\":\"https:\\\/\\\/www.tvgrebin.de\\\/index.php\\\/sportangebote\\\/rueckengymnastik\\\/#breadcrumb\"},\"inLanguage\":\"de\",\"potentialAction\":[{\"@type\":\"ReadAction\",\"target\":[\"https:\\\/\\\/www.tvgrebin.de\\\/index.php\\\/sportangebote\\\/rueckengymnastik\\\/\"]}]},{\"@type\":\"ImageObject\",\"inLanguage\":\"de\",\"@id\":\"https:\\\/\\\/www.tvgrebin.de\\\/index.php\\\/sportangebote\\\/rueckengymnastik\\\/#primaryimage\",\"url\":\"https:\\\/\\\/www.tvgrebin.de\\\/wp-content\\\/uploads\\\/2022\\\/06\\\/junseong-lee-G9H5edUL0T8-unsplash-scaled.jpg\",\"contentUrl\":\"https:\\\/\\\/www.tvgrebin.de\\\/wp-content\\\/uploads\\\/2022\\\/06\\\/junseong-lee-G9H5edUL0T8-unsplash-scaled.jpg\",\"width\":1200,\"height\":800},{\"@type\":\"BreadcrumbList\",\"@id\":\"https:\\\/\\\/www.tvgrebin.de\\\/index.php\\\/sportangebote\\\/rueckengymnastik\\\/#breadcrumb\",\"itemListElement\":[{\"@type\":\"ListItem\",\"position\":1,\"name\":\"Startseite\",\"item\":\"https:\\\/\\\/www.tvgrebin.de\\\/\"},{\"@type\":\"ListItem\",\"position\":2,\"name\":\"Sportangebote\",\"item\":\"https:\\\/\\\/www.tvgrebin.de\\\/index.php\\\/sportangebote\\\/\"},{\"@type\":\"ListItem\",\"position\":3,\"name\":\"R\u00fcckengymnastik\"}]},{\"@type\":\"WebSite\",\"@id\":\"https:\\\/\\\/www.tvgrebin.de\\\/#website\",\"url\":\"https:\\\/\\\/www.tvgrebin.de\\\/\",\"name\":\"TV Grebin\",\"description\":\"Turn- und Sportverein von 1927\",\"publisher\":{\"@id\":\"https:\\\/\\\/www.tvgrebin.de\\\/#organization\"},\"potentialAction\":[{\"@type\":\"SearchAction\",\"target\":{\"@type\":\"EntryPoint\",\"urlTemplate\":\"https:\\\/\\\/www.tvgrebin.de\\\/?s={search_term_string}\"},\"query-input\":{\"@type\":\"PropertyValueSpecification\",\"valueRequired\":true,\"valueName\":\"search_term_string\"}}],\"inLanguage\":\"de\"},{\"@type\":\"Organization\",\"@id\":\"https:\\\/\\\/www.tvgrebin.de\\\/#organization\",\"name\":\"TV Grebin\",\"url\":\"https:\\\/\\\/www.tvgrebin.de\\\/\",\"logo\":{\"@type\":\"ImageObject\",\"inLanguage\":\"de\",\"@id\":\"https:\\\/\\\/www.tvgrebin.de\\\/#\\\/schema\\\/logo\\\/image\\\/\",\"url\":\"\",\"contentUrl\":\"\",\"caption\":\"TV Grebin\"},\"image\":{\"@id\":\"https:\\\/\\\/www.tvgrebin.de\\\/#\\\/schema\\\/logo\\\/image\\\/\"}}]}<\/script>\n<!-- \/ Yoast SEO plugin. -->","yoast_head_json":{"title":"R\u00fcckengymnastik - TV Grebin","robots":{"index":"index","follow":"follow","max-snippet":"max-snippet:-1","max-image-preview":"max-image-preview:large","max-video-preview":"max-video-preview:-1"},"canonical":"https:\/\/www.tvgrebin.de\/index.php\/sportangebote\/rueckengymnastik\/","og_locale":"de_DE","og_type":"article","og_title":"R\u00fcckengymnastik - TV Grebin","og_description":"Fit und beweglich bleiben? R\u00fccken- oder Gelenkschmerzen? Die R\u00fcckengymnastik kann helfen. Angeleitet wird diese Gruppe von Ulli Sie ist Sporttherapeutin und auch in anderen Einrichtungen und Vereinen mit ihren Angeboten vertreten. Seit April 2018 ist sie in der Rolle der Trainerin f\u00fcr den TV Grebin und begeistert durch ihre Professionalit\u00e4t und ihre liebe Art. ImmerWeiterlesen","og_url":"https:\/\/www.tvgrebin.de\/index.php\/sportangebote\/rueckengymnastik\/","og_site_name":"TV Grebin","article_modified_time":"2022-09-16T09:42:26+00:00","og_image":[{"width":2560,"height":1707,"url":"https:\/\/www.tvgrebin.de\/wp-content\/uploads\/2022\/06\/junseong-lee-G9H5edUL0T8-unsplash-scaled.jpg","type":"image\/jpeg"}],"twitter_card":"summary_large_image","twitter_misc":{"Gesch\u00e4tzte Lesezeit":"2\u00a0Minuten"},"schema":{"@context":"https:\/\/schema.org","@graph":[{"@type":"WebPage","@id":"https:\/\/www.tvgrebin.de\/index.php\/sportangebote\/rueckengymnastik\/","url":"https:\/\/www.tvgrebin.de\/index.php\/sportangebote\/rueckengymnastik\/","name":"R\u00fcckengymnastik - TV Grebin","isPartOf":{"@id":"https:\/\/www.tvgrebin.de\/#website"},"primaryImageOfPage":{"@id":"https:\/\/www.tvgrebin.de\/index.php\/sportangebote\/rueckengymnastik\/#primaryimage"},"image":{"@id":"https:\/\/www.tvgrebin.de\/index.php\/sportangebote\/rueckengymnastik\/#primaryimage"},"thumbnailUrl":"https:\/\/www.tvgrebin.de\/wp-content\/uploads\/2022\/06\/junseong-lee-G9H5edUL0T8-unsplash-scaled.jpg","datePublished":"2022-06-12T19:55:52+00:00","dateModified":"2022-09-16T09:42:26+00:00","breadcrumb":{"@id":"https:\/\/www.tvgrebin.de\/index.php\/sportangebote\/rueckengymnastik\/#breadcrumb"},"inLanguage":"de","potentialAction":[{"@type":"ReadAction","target":["https:\/\/www.tvgrebin.de\/index.php\/sportangebote\/rueckengymnastik\/"]}]},{"@type":"ImageObject","inLanguage":"de","@id":"https:\/\/www.tvgrebin.de\/index.php\/sportangebote\/rueckengymnastik\/#primaryimage","url":"https:\/\/www.tvgrebin.de\/wp-content\/uploads\/2022\/06\/junseong-lee-G9H5edUL0T8-unsplash-scaled.jpg","contentUrl":"https:\/\/www.tvgrebin.de\/wp-content\/uploads\/2022\/06\/junseong-lee-G9H5edUL0T8-unsplash-scaled.jpg","width":1200,"height":800},{"@type":"BreadcrumbList","@id":"https:\/\/www.tvgrebin.de\/index.php\/sportangebote\/rueckengymnastik\/#breadcrumb","itemListElement":[{"@type":"ListItem","position":1,"name":"Startseite","item":"https:\/\/www.tvgrebin.de\/"},{"@type":"ListItem","position":2,"name":"Sportangebote","item":"https:\/\/www.tvgrebin.de\/index.php\/sportangebote\/"},{"@type":"ListItem","position":3,"name":"R\u00fcckengymnastik"}]},{"@type":"WebSite","@id":"https:\/\/www.tvgrebin.de\/#website","url":"https:\/\/www.tvgrebin.de\/","name":"TV Grebin","description":"Turn- und Sportverein von 1927","publisher":{"@id":"https:\/\/www.tvgrebin.de\/#organization"},"potentialAction":[{"@type":"SearchAction","target":{"@type":"EntryPoint","urlTemplate":"https:\/\/www.tvgrebin.de\/?s={search_term_string}"},"query-input":{"@type":"PropertyValueSpecification","valueRequired":true,"valueName":"search_term_string"}}],"inLanguage":"de"},{"@type":"Organization","@id":"https:\/\/www.tvgrebin.de\/#organization","name":"TV Grebin","url":"https:\/\/www.tvgrebin.de\/","logo":{"@type":"ImageObject","inLanguage":"de","@id":"https:\/\/www.tvgrebin.de\/#\/schema\/logo\/image\/","url":"","contentUrl":"","caption":"TV Grebin"},"image":{"@id":"https:\/\/www.tvgrebin.de\/#\/schema\/logo\/image\/"}}]}},"_links":{"self":[{"href":"https:\/\/www.tvgrebin.de\/index.php\/wp-json\/wp\/v2\/pages\/143","targetHints":{"allow":["GET"]}}],"collection":[{"href":"https:\/\/www.tvgrebin.de\/index.php\/wp-json\/wp\/v2\/pages"}],"about":[{"href":"https:\/\/www.tvgrebin.de\/index.php\/wp-json\/wp\/v2\/types\/page"}],"author":[{"embeddable":true,"href":"https:\/\/www.tvgrebin.de\/index.php\/wp-json\/wp\/v2\/users\/2"}],"replies":[{"embeddable":true,"href":"https:\/\/www.tvgrebin.de\/index.php\/wp-json\/wp\/v2\/comments?post=143"}],"version-history":[{"count":23,"href":"https:\/\/www.tvgrebin.de\/index.php\/wp-json\/wp\/v2\/pages\/143\/revisions"}],"predecessor-version":[{"id":396,"href":"https:\/\/www.tvgrebin.de\/index.php\/wp-json\/wp\/v2\/pages\/143\/revisions\/396"}],"up":[{"embeddable":true,"href":"https:\/\/www.tvgrebin.de\/index.php\/wp-json\/wp\/v2\/pages\/22"}],"wp:featuredmedia":[{"embeddable":true,"href":"https:\/\/www.tvgrebin.de\/index.php\/wp-json\/wp\/v2\/media\/208"}],"wp:attachment":[{"href":"https:\/\/www.tvgrebin.de\/index.php\/wp-json\/wp\/v2\/media?parent=143"}],"curies":[{"name":"wp","href":"https:\/\/api.w.org\/{rel}","templated":true}]}}