{"id":141,"date":"2022-06-12T21:55:32","date_gmt":"2022-06-12T19:55:32","guid":{"rendered":"https:\/\/www.tvgrebin.de\/?page_id=141"},"modified":"2022-12-09T12:31:15","modified_gmt":"2022-12-09T11:31:15","slug":"yoga","status":"publish","type":"page","link":"https:\/\/www.tvgrebin.de\/index.php\/sportangebote\/yoga\/","title":{"rendered":"Yoga"},"content":{"rendered":"\n<div class=\"wp-block-columns is-layout-flex wp-container-core-columns-is-layout-9d6595d7 wp-block-columns-is-layout-flex\">\n<div class=\"wp-block-column is-layout-flow wp-block-column-is-layout-flow\" style=\"flex-basis:66.66%\">\n<blockquote>\n<h3 style=\"text-align: center;\"><em>&#8211; Die innere und \u00e4u\u00dfere Balance &#8211;<\/em><\/h3>\n<\/blockquote>\n<p>Die vielf\u00e4ltigen positiven Effekte, die durch Yoga erzeilt werden k\u00f6nnen, gehen von <span style=\"color: #000000;\"><strong>physischen<\/strong><\/span> Effekten, wie Linderung einiger Durchblutungsst\u00f6rungen und Schlafst\u00f6rungen oder Verbesserungen von chronischen Kopfschmerzen, bis zu positiven Verl\u00e4ufen akuter Nacken- und R\u00fcckenschmerzen.<br \/>Kraft, Flexibilit\u00e4t, Gleichgewichtssinn und Muskelausdauer sind nur einige der anvisierten Bereiche des k\u00f6rperlichen Yoga-Trainings.<\/p>\n<\/div>\n\n\n\n<div class=\"wp-block-column is-layout-flow wp-block-column-is-layout-flow\" style=\"flex-basis:33.33%\">\n<figure class=\"wp-block-image size-large\"><img loading=\"lazy\" decoding=\"async\" width=\"881\" height=\"1024\" src=\"https:\/\/www.tvgrebin.de\/wp-content\/uploads\/2022\/09\/jared-rice-NTyBbu66_SI-unsplash-881x1024.jpg\" alt=\"\" class=\"wp-image-477\" srcset=\"https:\/\/www.tvgrebin.de\/wp-content\/uploads\/2022\/09\/jared-rice-NTyBbu66_SI-unsplash-881x1024.jpg 881w, https:\/\/www.tvgrebin.de\/wp-content\/uploads\/2022\/09\/jared-rice-NTyBbu66_SI-unsplash-258x300.jpg 258w, https:\/\/www.tvgrebin.de\/wp-content\/uploads\/2022\/09\/jared-rice-NTyBbu66_SI-unsplash-768x893.jpg 768w, https:\/\/www.tvgrebin.de\/wp-content\/uploads\/2022\/09\/jared-rice-NTyBbu66_SI-unsplash-1321x1536.jpg 1321w, https:\/\/www.tvgrebin.de\/wp-content\/uploads\/2022\/09\/jared-rice-NTyBbu66_SI-unsplash-1762x2048.jpg 1762w, https:\/\/www.tvgrebin.de\/wp-content\/uploads\/2022\/09\/jared-rice-NTyBbu66_SI-unsplash.jpg 1032w\" sizes=\"auto, (max-width: 881px) 100vw, 881px\" \/><\/figure>\n<\/div>\n<\/div>\n\n\n\n<div class=\"wp-block-columns is-layout-flex wp-container-core-columns-is-layout-9d6595d7 wp-block-columns-is-layout-flex\">\n<div class=\"wp-block-column is-layout-flow wp-block-column-is-layout-flow\">\n<p>Die positiven Auswirkungen auf die <span style=\"color: #000000;\"><strong>psychische<\/strong><\/span> Gesundheit sind ebenso vielf\u00e4ltig und k\u00f6nnen vor allem den Folgeerscheinungen von Stress entgegenwirken. Meditation, Achtsamkeits- und Atem\u00fcbungen mit einer ver\u00e4nderten inneren, sowie \u00e4u\u00dferen Haltung zu sich selbst und der Umwelt f\u00f6rdern eine ganzheitliche Gesundheit f\u00fcr K\u00f6rper und Geist.<\/p>\n<hr \/>\n<h4>Yoga findet jeden Dienstag von 18 &#8211; 19.30 Uhr statt.<\/h4>\n<p>In der warmen Sommerzeit findet das Training auch drau\u00dfen statt.<\/p>\n<\/div>\n<\/div>\n\n\n\n<div class=\"wp-block-columns is-layout-flex wp-container-core-columns-is-layout-9d6595d7 wp-block-columns-is-layout-flex\">\n<div class=\"wp-block-column is-layout-flow wp-block-column-is-layout-flow\" style=\"flex-basis:66.66%\">\n<p>Unsere Yogasparte wird geleitet von <strong>Nadine<\/strong>.<\/p>\n<p>Interessierte k\u00f6nnen sich gerne bei ihr direkt melden unter:<\/p>\n<p><a href=\"tel:+491637767946\">0163 7767946<\/a> per WhattsApp oder telefonisch.<\/p>\n<p>Nat\u00fcrlich auch \u00fcber das Kontaktformular oder per Mail an <a href=\"mailto:info@tvgrebin.de\">info@tvgrebin.de<\/a><\/p>\n<hr \/>\n<\/div>\n\n\n\n<div class=\"wp-block-column is-layout-flow wp-block-column-is-layout-flow\" style=\"flex-basis:33.33%\">\n<figure class=\"wp-block-image size-full\"><img loading=\"lazy\" decoding=\"async\" width=\"852\" height=\"852\" src=\"https:\/\/www.tvgrebin.de\/wp-content\/uploads\/2022\/12\/nadine-1.jpg\" alt=\"\" class=\"wp-image-949\"\/><\/figure>\n<\/div>\n<\/div>\n\n\n\n<div class=\"wp-block-columns is-layout-flex wp-container-core-columns-is-layout-9d6595d7 wp-block-columns-is-layout-flex\">\n<div class=\"wp-block-column is-layout-flow wp-block-column-is-layout-flow\"><div class=\"wp-block-image\">\n<figure class=\"aligncenter size-full is-resized\"><img loading=\"lazy\" decoding=\"async\" src=\"https:\/\/www.tvgrebin.de\/wp-content\/uploads\/2022\/12\/nadine-3.jpg\" alt=\"\" class=\"wp-image-950\" width=\"307\" height=\"410\"\/><\/figure>\n<\/div><\/div>\n\n\n\n<div class=\"wp-block-column is-layout-flow wp-block-column-is-layout-flow\">\n<blockquote>\n<p style=\"text-align: center;\"><span style=\"color: #000000;\">Ich bin seit 2008 Yogatrainerin und nutze regelm\u00e4\u00dfig Seminare in Ashrams, um mir neue Inhalte von Theorie und Praxis anzueignen. <\/span><\/p>\n<hr \/>\n<p style=\"text-align: center;\"><span style=\"color: #000000;\">Hier habe ich einige Infos \u00fcber die Yogastile f\u00fcr euch zusammengetragen, die ich unterrichte. <br \/>Ich freue mich auf euch, bis bald!<\/span><\/p>\n<\/blockquote>\n<\/div>\n<\/div>\n\n\n\n<div class=\"wp-block-columns is-layout-flex wp-container-core-columns-is-layout-9d6595d7 wp-block-columns-is-layout-flex\">\n<div class=\"wp-block-column is-layout-flow wp-block-column-is-layout-flow\" style=\"flex-basis:100%\">\n<div class=\"wp-block-columns is-layout-flex wp-container-core-columns-is-layout-9d6595d7 wp-block-columns-is-layout-flex\">\n<div class=\"wp-block-column is-layout-flow wp-block-column-is-layout-flow\">\n<p style=\"text-align: center;\"><strong>Der Einsteiger-Hatha Yoga<br \/><\/strong>Im klassischen Hatha Yoga werden Asanas mit Atem\u00fcbungen und Meditation in Einklang gebracht.<\/p>\n<\/div>\n\n\n\n<div class=\"wp-block-column is-layout-flow wp-block-column-is-layout-flow\">\n<p style=\"text-align: center;\"><strong>Vinyasa Flow &#8211; bleibe im Fluss<\/strong><br \/>Hier werden Asanas zu kreativen Bewegungsabfolgen zusammengestellt, sodass ein anstrengender, aber flie\u00dfender \u00dcbungsstil (Flow) entsteht.<\/p>\n<\/div>\n\n\n\n<div class=\"wp-block-column is-layout-flow wp-block-column-is-layout-flow\">\n<p style=\"text-align: center;\"><strong>Tiefe Entspannung &#8211; Yin Yoga<\/strong><br \/>Die Asanas werden sehr lange gehalten, K\u00f6rper und Geist k\u00f6nnen loslassen und so tiefe Entspannung erfahren. <br \/>Yin Yoga dehnt besonders deine Faszien bzw. dein Bindegewebe.<\/p>\n<\/div>\n<\/div>\n<\/div>\n<\/div>\n\n\n\n<div class=\"wp-block-columns is-layout-flex wp-container-core-columns-is-layout-9d6595d7 wp-block-columns-is-layout-flex\">\n<div class=\"wp-block-column is-layout-flow wp-block-column-is-layout-flow\">\n<p style=\"text-align: center;\"><strong>R\u00fcckenyoga &#8211; <br \/>sanft und effektiv<br \/><\/strong>Gezielte Asanas st\u00e4rken aktiv deinen R\u00fccken und k\u00f6nnen Verspannungen und Schmerzen l\u00f6sen.<span style=\"font-size: large;\"><br \/><\/span><\/p>\n<\/div>\n\n\n\n<div class=\"wp-block-column is-layout-flow wp-block-column-is-layout-flow\">\n<p style=\"text-align: center;\"><strong>Power-Yoga &#8211; &#8222;Be strong&#8220;<\/strong><br \/>Bei diesem kraftvollen und intensiven Yogastil, werden die Positionen l\u00e4nger gehalten und du trainierst deine Kraft und Balance.<\/p>\n<\/div>\n\n\n\n<div class=\"wp-block-column is-layout-flow wp-block-column-is-layout-flow\">\n<p style=\"text-align: center;\"><strong>Yogilates &#8211; <\/strong><br \/><strong>die Mischung macht\u00b4s<\/strong><br \/>Eine Kombination aus Yoga und Pilates. Zur St\u00e4rkung des sog. Powerhouses &#8211; der Muskulatur der K\u00f6rpermitte, wie innerer Bauchmuskeln und des Beckenbodens.<\/p>\n<\/div>\n<\/div>\n\n\n\n<div class=\"wp-block-columns is-layout-flex wp-container-core-columns-is-layout-9d6595d7 wp-block-columns-is-layout-flex\">\n<div class=\"wp-block-column is-layout-flow wp-block-column-is-layout-flow\" style=\"flex-basis:33.33%\">\n<p style=\"text-align: center;\"><strong>Faszien Yoga &#8211; <br \/>Verspannungen ad\u00e9!<br \/><\/strong>Aktives Stretching sowie Balance und Mobility-Training machen deine Faszien geschmeidig, l\u00f6sen Verspannungen und verbessern deine Leistungs- und Regenerationsf\u00e4higkeit.<\/p>\n<\/div>\n\n\n\n<div class=\"wp-block-column is-layout-flow wp-block-column-is-layout-flow\" style=\"flex-basis:66.66%\"><div class=\"wp-block-image\">\n<figure class=\"aligncenter size-full is-resized\"><img loading=\"lazy\" decoding=\"async\" src=\"https:\/\/www.tvgrebin.de\/wp-content\/uploads\/2022\/12\/nadine-2.jpg\" alt=\"\" class=\"wp-image-951\" width=\"262\" height=\"262\"\/><\/figure>\n<\/div><\/div>\n<\/div>\n","protected":false},"excerpt":{"rendered":"<p>&#8211; Die innere und \u00e4u\u00dfere Balance &#8211; Die vielf\u00e4ltigen positiven Effekte, die durch Yoga erzeilt werden k\u00f6nnen, gehen von physischen Effekten, wie Linderung einiger Durchblutungsst\u00f6rungen und Schlafst\u00f6rungen oder Verbesserungen von chronischen Kopfschmerzen, bis zu positiven Verl\u00e4ufen akuter Nacken- und R\u00fcckenschmerzen.Kraft, Flexibilit\u00e4t, Gleichgewichtssinn und Muskelausdauer sind nur einige der anvisierten Bereiche des k\u00f6rperlichen Yoga-Trainings. Die positiven<\/p>\n<div class=\"read-more\"><a href=\"https:\/\/www.tvgrebin.de\/index.php\/sportangebote\/yoga\/\" title=\"Read More\">Weiterlesen<i class=\"icon icon-angle-right\"><\/i><\/a><\/div>\n","protected":false},"author":2,"featured_media":886,"parent":22,"menu_order":0,"comment_status":"open","ping_status":"closed","template":"","meta":{"footnotes":""},"class_list":["post-141","page","type-page","status-publish","has-post-thumbnail"],"yoast_head":"<!-- This site is optimized with the Yoast SEO plugin v27.4 - https:\/\/yoast.com\/product\/yoast-seo-wordpress\/ -->\n<title>Yoga - TV Grebin<\/title>\n<meta name=\"robots\" content=\"index, follow, max-snippet:-1, max-image-preview:large, max-video-preview:-1\" \/>\n<link rel=\"canonical\" href=\"https:\/\/www.tvgrebin.de\/index.php\/sportangebote\/yoga\/\" \/>\n<meta property=\"og:locale\" content=\"de_DE\" \/>\n<meta property=\"og:type\" content=\"article\" \/>\n<meta property=\"og:title\" content=\"Yoga - TV Grebin\" \/>\n<meta property=\"og:description\" content=\"&#8211; Die innere und \u00e4u\u00dfere Balance &#8211; Die vielf\u00e4ltigen positiven Effekte, die durch Yoga erzeilt werden k\u00f6nnen, gehen von physischen Effekten, wie Linderung einiger Durchblutungsst\u00f6rungen und Schlafst\u00f6rungen oder Verbesserungen von chronischen Kopfschmerzen, bis zu positiven Verl\u00e4ufen akuter Nacken- und R\u00fcckenschmerzen.Kraft, Flexibilit\u00e4t, Gleichgewichtssinn und Muskelausdauer sind nur einige der anvisierten Bereiche des k\u00f6rperlichen Yoga-Trainings. Die positivenWeiterlesen\" \/>\n<meta property=\"og:url\" content=\"https:\/\/www.tvgrebin.de\/index.php\/sportangebote\/yoga\/\" \/>\n<meta property=\"og:site_name\" content=\"TV Grebin\" \/>\n<meta property=\"article:modified_time\" content=\"2022-12-09T11:31:15+00:00\" \/>\n<meta property=\"og:image\" content=\"https:\/\/www.tvgrebin.de\/wp-content\/uploads\/2022\/12\/joshua-woroniecki-5nwt_aN2E0-unsplash.jpg\" \/>\n\t<meta property=\"og:image:width\" content=\"1200\" \/>\n\t<meta property=\"og:image:height\" content=\"816\" \/>\n\t<meta property=\"og:image:type\" content=\"image\/jpeg\" \/>\n<meta name=\"twitter:card\" content=\"summary_large_image\" \/>\n<meta name=\"twitter:label1\" content=\"Gesch\u00e4tzte Lesezeit\" \/>\n\t<meta name=\"twitter:data1\" content=\"3\u00a0Minuten\" \/>\n<script type=\"application\/ld+json\" class=\"yoast-schema-graph\">{\"@context\":\"https:\\\/\\\/schema.org\",\"@graph\":[{\"@type\":\"WebPage\",\"@id\":\"https:\\\/\\\/www.tvgrebin.de\\\/index.php\\\/sportangebote\\\/yoga\\\/\",\"url\":\"https:\\\/\\\/www.tvgrebin.de\\\/index.php\\\/sportangebote\\\/yoga\\\/\",\"name\":\"Yoga - TV Grebin\",\"isPartOf\":{\"@id\":\"https:\\\/\\\/www.tvgrebin.de\\\/#website\"},\"primaryImageOfPage\":{\"@id\":\"https:\\\/\\\/www.tvgrebin.de\\\/index.php\\\/sportangebote\\\/yoga\\\/#primaryimage\"},\"image\":{\"@id\":\"https:\\\/\\\/www.tvgrebin.de\\\/index.php\\\/sportangebote\\\/yoga\\\/#primaryimage\"},\"thumbnailUrl\":\"https:\\\/\\\/www.tvgrebin.de\\\/wp-content\\\/uploads\\\/2022\\\/12\\\/joshua-woroniecki-5nwt_aN2E0-unsplash.jpg\",\"datePublished\":\"2022-06-12T19:55:32+00:00\",\"dateModified\":\"2022-12-09T11:31:15+00:00\",\"breadcrumb\":{\"@id\":\"https:\\\/\\\/www.tvgrebin.de\\\/index.php\\\/sportangebote\\\/yoga\\\/#breadcrumb\"},\"inLanguage\":\"de\",\"potentialAction\":[{\"@type\":\"ReadAction\",\"target\":[\"https:\\\/\\\/www.tvgrebin.de\\\/index.php\\\/sportangebote\\\/yoga\\\/\"]}]},{\"@type\":\"ImageObject\",\"inLanguage\":\"de\",\"@id\":\"https:\\\/\\\/www.tvgrebin.de\\\/index.php\\\/sportangebote\\\/yoga\\\/#primaryimage\",\"url\":\"https:\\\/\\\/www.tvgrebin.de\\\/wp-content\\\/uploads\\\/2022\\\/12\\\/joshua-woroniecki-5nwt_aN2E0-unsplash.jpg\",\"contentUrl\":\"https:\\\/\\\/www.tvgrebin.de\\\/wp-content\\\/uploads\\\/2022\\\/12\\\/joshua-woroniecki-5nwt_aN2E0-unsplash.jpg\",\"width\":1200,\"height\":816},{\"@type\":\"BreadcrumbList\",\"@id\":\"https:\\\/\\\/www.tvgrebin.de\\\/index.php\\\/sportangebote\\\/yoga\\\/#breadcrumb\",\"itemListElement\":[{\"@type\":\"ListItem\",\"position\":1,\"name\":\"Startseite\",\"item\":\"https:\\\/\\\/www.tvgrebin.de\\\/\"},{\"@type\":\"ListItem\",\"position\":2,\"name\":\"Sportangebote\",\"item\":\"https:\\\/\\\/www.tvgrebin.de\\\/index.php\\\/sportangebote\\\/\"},{\"@type\":\"ListItem\",\"position\":3,\"name\":\"Yoga\"}]},{\"@type\":\"WebSite\",\"@id\":\"https:\\\/\\\/www.tvgrebin.de\\\/#website\",\"url\":\"https:\\\/\\\/www.tvgrebin.de\\\/\",\"name\":\"TV Grebin\",\"description\":\"Turn- und Sportverein von 1927\",\"publisher\":{\"@id\":\"https:\\\/\\\/www.tvgrebin.de\\\/#organization\"},\"potentialAction\":[{\"@type\":\"SearchAction\",\"target\":{\"@type\":\"EntryPoint\",\"urlTemplate\":\"https:\\\/\\\/www.tvgrebin.de\\\/?s={search_term_string}\"},\"query-input\":{\"@type\":\"PropertyValueSpecification\",\"valueRequired\":true,\"valueName\":\"search_term_string\"}}],\"inLanguage\":\"de\"},{\"@type\":\"Organization\",\"@id\":\"https:\\\/\\\/www.tvgrebin.de\\\/#organization\",\"name\":\"TV Grebin\",\"url\":\"https:\\\/\\\/www.tvgrebin.de\\\/\",\"logo\":{\"@type\":\"ImageObject\",\"inLanguage\":\"de\",\"@id\":\"https:\\\/\\\/www.tvgrebin.de\\\/#\\\/schema\\\/logo\\\/image\\\/\",\"url\":\"\",\"contentUrl\":\"\",\"caption\":\"TV Grebin\"},\"image\":{\"@id\":\"https:\\\/\\\/www.tvgrebin.de\\\/#\\\/schema\\\/logo\\\/image\\\/\"}}]}<\/script>\n<!-- \/ Yoast SEO plugin. -->","yoast_head_json":{"title":"Yoga - TV Grebin","robots":{"index":"index","follow":"follow","max-snippet":"max-snippet:-1","max-image-preview":"max-image-preview:large","max-video-preview":"max-video-preview:-1"},"canonical":"https:\/\/www.tvgrebin.de\/index.php\/sportangebote\/yoga\/","og_locale":"de_DE","og_type":"article","og_title":"Yoga - TV Grebin","og_description":"&#8211; Die innere und \u00e4u\u00dfere Balance &#8211; Die vielf\u00e4ltigen positiven Effekte, die durch Yoga erzeilt werden k\u00f6nnen, gehen von physischen Effekten, wie Linderung einiger Durchblutungsst\u00f6rungen und Schlafst\u00f6rungen oder Verbesserungen von chronischen Kopfschmerzen, bis zu positiven Verl\u00e4ufen akuter Nacken- und R\u00fcckenschmerzen.Kraft, Flexibilit\u00e4t, Gleichgewichtssinn und Muskelausdauer sind nur einige der anvisierten Bereiche des k\u00f6rperlichen Yoga-Trainings. Die positivenWeiterlesen","og_url":"https:\/\/www.tvgrebin.de\/index.php\/sportangebote\/yoga\/","og_site_name":"TV Grebin","article_modified_time":"2022-12-09T11:31:15+00:00","og_image":[{"width":1200,"height":816,"url":"https:\/\/www.tvgrebin.de\/wp-content\/uploads\/2022\/12\/joshua-woroniecki-5nwt_aN2E0-unsplash.jpg","type":"image\/jpeg"}],"twitter_card":"summary_large_image","twitter_misc":{"Gesch\u00e4tzte Lesezeit":"3\u00a0Minuten"},"schema":{"@context":"https:\/\/schema.org","@graph":[{"@type":"WebPage","@id":"https:\/\/www.tvgrebin.de\/index.php\/sportangebote\/yoga\/","url":"https:\/\/www.tvgrebin.de\/index.php\/sportangebote\/yoga\/","name":"Yoga - TV Grebin","isPartOf":{"@id":"https:\/\/www.tvgrebin.de\/#website"},"primaryImageOfPage":{"@id":"https:\/\/www.tvgrebin.de\/index.php\/sportangebote\/yoga\/#primaryimage"},"image":{"@id":"https:\/\/www.tvgrebin.de\/index.php\/sportangebote\/yoga\/#primaryimage"},"thumbnailUrl":"https:\/\/www.tvgrebin.de\/wp-content\/uploads\/2022\/12\/joshua-woroniecki-5nwt_aN2E0-unsplash.jpg","datePublished":"2022-06-12T19:55:32+00:00","dateModified":"2022-12-09T11:31:15+00:00","breadcrumb":{"@id":"https:\/\/www.tvgrebin.de\/index.php\/sportangebote\/yoga\/#breadcrumb"},"inLanguage":"de","potentialAction":[{"@type":"ReadAction","target":["https:\/\/www.tvgrebin.de\/index.php\/sportangebote\/yoga\/"]}]},{"@type":"ImageObject","inLanguage":"de","@id":"https:\/\/www.tvgrebin.de\/index.php\/sportangebote\/yoga\/#primaryimage","url":"https:\/\/www.tvgrebin.de\/wp-content\/uploads\/2022\/12\/joshua-woroniecki-5nwt_aN2E0-unsplash.jpg","contentUrl":"https:\/\/www.tvgrebin.de\/wp-content\/uploads\/2022\/12\/joshua-woroniecki-5nwt_aN2E0-unsplash.jpg","width":1200,"height":816},{"@type":"BreadcrumbList","@id":"https:\/\/www.tvgrebin.de\/index.php\/sportangebote\/yoga\/#breadcrumb","itemListElement":[{"@type":"ListItem","position":1,"name":"Startseite","item":"https:\/\/www.tvgrebin.de\/"},{"@type":"ListItem","position":2,"name":"Sportangebote","item":"https:\/\/www.tvgrebin.de\/index.php\/sportangebote\/"},{"@type":"ListItem","position":3,"name":"Yoga"}]},{"@type":"WebSite","@id":"https:\/\/www.tvgrebin.de\/#website","url":"https:\/\/www.tvgrebin.de\/","name":"TV Grebin","description":"Turn- und Sportverein von 1927","publisher":{"@id":"https:\/\/www.tvgrebin.de\/#organization"},"potentialAction":[{"@type":"SearchAction","target":{"@type":"EntryPoint","urlTemplate":"https:\/\/www.tvgrebin.de\/?s={search_term_string}"},"query-input":{"@type":"PropertyValueSpecification","valueRequired":true,"valueName":"search_term_string"}}],"inLanguage":"de"},{"@type":"Organization","@id":"https:\/\/www.tvgrebin.de\/#organization","name":"TV Grebin","url":"https:\/\/www.tvgrebin.de\/","logo":{"@type":"ImageObject","inLanguage":"de","@id":"https:\/\/www.tvgrebin.de\/#\/schema\/logo\/image\/","url":"","contentUrl":"","caption":"TV Grebin"},"image":{"@id":"https:\/\/www.tvgrebin.de\/#\/schema\/logo\/image\/"}}]}},"_links":{"self":[{"href":"https:\/\/www.tvgrebin.de\/index.php\/wp-json\/wp\/v2\/pages\/141","targetHints":{"allow":["GET"]}}],"collection":[{"href":"https:\/\/www.tvgrebin.de\/index.php\/wp-json\/wp\/v2\/pages"}],"about":[{"href":"https:\/\/www.tvgrebin.de\/index.php\/wp-json\/wp\/v2\/types\/page"}],"author":[{"embeddable":true,"href":"https:\/\/www.tvgrebin.de\/index.php\/wp-json\/wp\/v2\/users\/2"}],"replies":[{"embeddable":true,"href":"https:\/\/www.tvgrebin.de\/index.php\/wp-json\/wp\/v2\/comments?post=141"}],"version-history":[{"count":8,"href":"https:\/\/www.tvgrebin.de\/index.php\/wp-json\/wp\/v2\/pages\/141\/revisions"}],"predecessor-version":[{"id":952,"href":"https:\/\/www.tvgrebin.de\/index.php\/wp-json\/wp\/v2\/pages\/141\/revisions\/952"}],"up":[{"embeddable":true,"href":"https:\/\/www.tvgrebin.de\/index.php\/wp-json\/wp\/v2\/pages\/22"}],"wp:featuredmedia":[{"embeddable":true,"href":"https:\/\/www.tvgrebin.de\/index.php\/wp-json\/wp\/v2\/media\/886"}],"wp:attachment":[{"href":"https:\/\/www.tvgrebin.de\/index.php\/wp-json\/wp\/v2\/media?parent=141"}],"curies":[{"name":"wp","href":"https:\/\/api.w.org\/{rel}","templated":true}]}}