{"id":1226,"date":"2025-01-19T11:58:01","date_gmt":"2025-01-19T10:58:01","guid":{"rendered":"https:\/\/www.tvgrebin.de\/?page_id=1226"},"modified":"2025-08-21T20:05:34","modified_gmt":"2025-08-21T18:05:34","slug":"judo","status":"publish","type":"page","link":"https:\/\/www.tvgrebin.de\/index.php\/sportangebote\/judo\/","title":{"rendered":"Judo"},"content":{"rendered":"\n<div class=\"wp-block-columns is-layout-flex wp-container-core-columns-is-layout-9d6595d7 wp-block-columns-is-layout-flex\">\n<div class=\"wp-block-column is-layout-flow wp-block-column-is-layout-flow\" style=\"flex-basis:66.66%\">\n<p>Judo ist eine Kampfsportart, welche w\u00f6rtlich \u00fcbersetzt etwa &#8222;der sanfte Weg&#8220; bedeutet. Nicht aber die Techniken im einzelnen oder gar die Dynamik von Judo sind damit gemeint, sondern eher die Tatsache, dass die Techniken darauf ausgelegt sind, die Bewegungsrichtung -\/energie seines Gegen\u00fcbers f\u00fcr die eigene Verteidigung nutzbar zu machen. Weiterhin werden Judoka schon zu Beginn an die Zehn Judowerte herangef\u00fchrt, welche in ihrer Gesamtheit ein respektvolles, h\u00f6fliches, aber auch mutiges Miteinander auferlegen. Dadurch sind sie fr\u00fch in der Lage, mit mutiger Zur\u00fcckhaltung auf bestimmte Situationen deeskalierend einzuwirken.\u00a0 \u00a0<\/p>\n<hr \/>\n<\/div>\n\n\n\n<div class=\"wp-block-column is-layout-flow wp-block-column-is-layout-flow\" style=\"flex-basis:33.33%\">\n<figure class=\"wp-block-image size-large\"><img loading=\"lazy\" decoding=\"async\" width=\"1024\" height=\"1024\" src=\"https:\/\/www.tvgrebin.de\/wp-content\/uploads\/2025\/01\/TV-Grebin-Judo-final-1024x1024.png\" alt=\"\" class=\"wp-image-1233\" srcset=\"https:\/\/www.tvgrebin.de\/wp-content\/uploads\/2025\/01\/TV-Grebin-Judo-final-1024x1024.png 1024w, https:\/\/www.tvgrebin.de\/wp-content\/uploads\/2025\/01\/TV-Grebin-Judo-final-300x300.png 300w, https:\/\/www.tvgrebin.de\/wp-content\/uploads\/2025\/01\/TV-Grebin-Judo-final-150x150.png 150w, https:\/\/www.tvgrebin.de\/wp-content\/uploads\/2025\/01\/TV-Grebin-Judo-final-768x768.png 768w, https:\/\/www.tvgrebin.de\/wp-content\/uploads\/2025\/01\/TV-Grebin-Judo-final-254x254.png 254w, https:\/\/www.tvgrebin.de\/wp-content\/uploads\/2025\/01\/TV-Grebin-Judo-final.png 1063w\" sizes=\"auto, (max-width: 1024px) 100vw, 1024px\" \/><\/figure>\n<\/div>\n<\/div>\n\n\n\n<h2 class=\"wp-block-heading\">Zeiten:<\/h2>\n\n\n\n<p>Unser Training findet im Vereinsheim des TV Grebin statt. Zu folgenden Trainingszeiten bieten wir allen Interessierten mit und ohne Vorerfahrung Judo an:<\/p>\n\n\n<div class=\"wp-block-image\">\n<figure class=\"aligncenter size-full\"><img loading=\"lazy\" decoding=\"async\" width=\"960\" height=\"720\" src=\"https:\/\/www.tvgrebin.de\/wp-content\/uploads\/2025\/08\/Trainingszeiten-2025-1.jpg\" alt=\"\" class=\"wp-image-1460\" srcset=\"https:\/\/www.tvgrebin.de\/wp-content\/uploads\/2025\/08\/Trainingszeiten-2025-1.jpg 960w, https:\/\/www.tvgrebin.de\/wp-content\/uploads\/2025\/08\/Trainingszeiten-2025-1-300x225.jpg 300w, https:\/\/www.tvgrebin.de\/wp-content\/uploads\/2025\/08\/Trainingszeiten-2025-1-768x576.jpg 768w, https:\/\/www.tvgrebin.de\/wp-content\/uploads\/2025\/08\/Trainingszeiten-2025-1-339x254.jpg 339w\" sizes=\"auto, (max-width: 960px) 100vw, 960px\" \/><\/figure>\n<\/div>\n\n\n<p class=\"has-text-align-center\"><\/p>\n\n\n\n<h2 class=\"wp-block-heading has-text-align-center\"><\/h2>\n\n\n\n<p><\/p>\n\n\n\n<h2 class=\"wp-block-heading has-text-align-center\">Macht mit uns das Deutsche Sportabzeichen<\/h2>\n\n\n<div class=\"wp-block-image\">\n<figure class=\"aligncenter size-full\"><img loading=\"lazy\" decoding=\"async\" width=\"400\" height=\"80\" src=\"https:\/\/www.tvgrebin.de\/wp-content\/uploads\/2025\/05\/logo-sportabzeichen.png\" alt=\"\" class=\"wp-image-1437\" srcset=\"https:\/\/www.tvgrebin.de\/wp-content\/uploads\/2025\/05\/logo-sportabzeichen.png 400w, https:\/\/www.tvgrebin.de\/wp-content\/uploads\/2025\/05\/logo-sportabzeichen-300x60.png 300w\" sizes=\"auto, (max-width: 400px) 100vw, 400px\" \/><\/figure>\n<\/div>\n\n\n<p>Im Juni 2025 bietet die Judosparte TV Grebin das &#8222;Deutsche Sportabzeichen&#8220; an. Jeder ab dem 6. Lebensjahr ist dazu berechtig. Bei Interesse meldet euch dazu bei uns in unseren WhatsApp-Gruppen oder per Mail mit eurem Namen und Alter bei uns an. Auch Nichtmitglieder k\u00f6nnen k\u00f6nnen am Sportabzeichen Teilnehmen. Die \u00d6rtlichkeiten h\u00e4ngen von der Beteiligung ab und werden rechtzeitig bekannt gegeben. Bei Fragen, meldet euch bei uns. <\/p>\n\n\n\n<p><\/p>\n","protected":false},"excerpt":{"rendered":"<p>Judo ist eine Kampfsportart, welche w\u00f6rtlich \u00fcbersetzt etwa &#8222;der sanfte Weg&#8220; bedeutet. Nicht aber die Techniken im einzelnen oder gar die Dynamik von Judo sind damit gemeint, sondern eher die Tatsache, dass die Techniken darauf ausgelegt sind, die Bewegungsrichtung -\/energie seines Gegen\u00fcbers f\u00fcr die eigene Verteidigung nutzbar zu machen. Weiterhin werden Judoka schon zu Beginn<\/p>\n<div class=\"read-more\"><a href=\"https:\/\/www.tvgrebin.de\/index.php\/sportangebote\/judo\/\" title=\"Read More\">Weiterlesen<i class=\"icon icon-angle-right\"><\/i><\/a><\/div>\n","protected":false},"author":1,"featured_media":1267,"parent":22,"menu_order":0,"comment_status":"open","ping_status":"closed","template":"","meta":{"footnotes":""},"class_list":["post-1226","page","type-page","status-publish","has-post-thumbnail"],"yoast_head":"<!-- This site is optimized with the Yoast SEO plugin v27.5 - https:\/\/yoast.com\/product\/yoast-seo-wordpress\/ -->\n<title>Judo - TV Grebin<\/title>\n<meta name=\"robots\" content=\"index, follow, max-snippet:-1, max-image-preview:large, max-video-preview:-1\" \/>\n<link rel=\"canonical\" href=\"https:\/\/www.tvgrebin.de\/index.php\/sportangebote\/judo\/\" \/>\n<meta property=\"og:locale\" content=\"de_DE\" \/>\n<meta property=\"og:type\" content=\"article\" \/>\n<meta property=\"og:title\" content=\"Judo - TV Grebin\" \/>\n<meta property=\"og:description\" content=\"Judo ist eine Kampfsportart, welche w\u00f6rtlich \u00fcbersetzt etwa &#8222;der sanfte Weg&#8220; bedeutet. Nicht aber die Techniken im einzelnen oder gar die Dynamik von Judo sind damit gemeint, sondern eher die Tatsache, dass die Techniken darauf ausgelegt sind, die Bewegungsrichtung -\/energie seines Gegen\u00fcbers f\u00fcr die eigene Verteidigung nutzbar zu machen. Weiterhin werden Judoka schon zu BeginnWeiterlesen\" \/>\n<meta property=\"og:url\" content=\"https:\/\/www.tvgrebin.de\/index.php\/sportangebote\/judo\/\" \/>\n<meta property=\"og:site_name\" content=\"TV Grebin\" \/>\n<meta property=\"article:modified_time\" content=\"2025-08-21T18:05:34+00:00\" \/>\n<meta property=\"og:image\" content=\"https:\/\/www.tvgrebin.de\/wp-content\/uploads\/2025\/01\/Main.jpg\" \/>\n\t<meta property=\"og:image:width\" content=\"1111\" \/>\n\t<meta property=\"og:image:height\" content=\"1148\" \/>\n\t<meta property=\"og:image:type\" content=\"image\/jpeg\" \/>\n<meta name=\"twitter:card\" content=\"summary_large_image\" \/>\n<meta name=\"twitter:label1\" content=\"Gesch\u00e4tzte Lesezeit\" \/>\n\t<meta name=\"twitter:data1\" content=\"2\u00a0Minuten\" \/>\n<script type=\"application\/ld+json\" class=\"yoast-schema-graph\">{\"@context\":\"https:\\\/\\\/schema.org\",\"@graph\":[{\"@type\":\"WebPage\",\"@id\":\"https:\\\/\\\/www.tvgrebin.de\\\/index.php\\\/sportangebote\\\/judo\\\/\",\"url\":\"https:\\\/\\\/www.tvgrebin.de\\\/index.php\\\/sportangebote\\\/judo\\\/\",\"name\":\"Judo - TV Grebin\",\"isPartOf\":{\"@id\":\"https:\\\/\\\/www.tvgrebin.de\\\/#website\"},\"primaryImageOfPage\":{\"@id\":\"https:\\\/\\\/www.tvgrebin.de\\\/index.php\\\/sportangebote\\\/judo\\\/#primaryimage\"},\"image\":{\"@id\":\"https:\\\/\\\/www.tvgrebin.de\\\/index.php\\\/sportangebote\\\/judo\\\/#primaryimage\"},\"thumbnailUrl\":\"https:\\\/\\\/www.tvgrebin.de\\\/wp-content\\\/uploads\\\/2025\\\/01\\\/Main.jpg\",\"datePublished\":\"2025-01-19T10:58:01+00:00\",\"dateModified\":\"2025-08-21T18:05:34+00:00\",\"breadcrumb\":{\"@id\":\"https:\\\/\\\/www.tvgrebin.de\\\/index.php\\\/sportangebote\\\/judo\\\/#breadcrumb\"},\"inLanguage\":\"de\",\"potentialAction\":[{\"@type\":\"ReadAction\",\"target\":[\"https:\\\/\\\/www.tvgrebin.de\\\/index.php\\\/sportangebote\\\/judo\\\/\"]}]},{\"@type\":\"ImageObject\",\"inLanguage\":\"de\",\"@id\":\"https:\\\/\\\/www.tvgrebin.de\\\/index.php\\\/sportangebote\\\/judo\\\/#primaryimage\",\"url\":\"https:\\\/\\\/www.tvgrebin.de\\\/wp-content\\\/uploads\\\/2025\\\/01\\\/Main.jpg\",\"contentUrl\":\"https:\\\/\\\/www.tvgrebin.de\\\/wp-content\\\/uploads\\\/2025\\\/01\\\/Main.jpg\",\"width\":1111,\"height\":1148},{\"@type\":\"BreadcrumbList\",\"@id\":\"https:\\\/\\\/www.tvgrebin.de\\\/index.php\\\/sportangebote\\\/judo\\\/#breadcrumb\",\"itemListElement\":[{\"@type\":\"ListItem\",\"position\":1,\"name\":\"Startseite\",\"item\":\"https:\\\/\\\/www.tvgrebin.de\\\/\"},{\"@type\":\"ListItem\",\"position\":2,\"name\":\"Sportangebote\",\"item\":\"https:\\\/\\\/www.tvgrebin.de\\\/index.php\\\/sportangebote\\\/\"},{\"@type\":\"ListItem\",\"position\":3,\"name\":\"Judo\"}]},{\"@type\":\"WebSite\",\"@id\":\"https:\\\/\\\/www.tvgrebin.de\\\/#website\",\"url\":\"https:\\\/\\\/www.tvgrebin.de\\\/\",\"name\":\"TV Grebin\",\"description\":\"Turn- und Sportverein von 1927\",\"publisher\":{\"@id\":\"https:\\\/\\\/www.tvgrebin.de\\\/#organization\"},\"potentialAction\":[{\"@type\":\"SearchAction\",\"target\":{\"@type\":\"EntryPoint\",\"urlTemplate\":\"https:\\\/\\\/www.tvgrebin.de\\\/?s={search_term_string}\"},\"query-input\":{\"@type\":\"PropertyValueSpecification\",\"valueRequired\":true,\"valueName\":\"search_term_string\"}}],\"inLanguage\":\"de\"},{\"@type\":\"Organization\",\"@id\":\"https:\\\/\\\/www.tvgrebin.de\\\/#organization\",\"name\":\"TV Grebin\",\"url\":\"https:\\\/\\\/www.tvgrebin.de\\\/\",\"logo\":{\"@type\":\"ImageObject\",\"inLanguage\":\"de\",\"@id\":\"https:\\\/\\\/www.tvgrebin.de\\\/#\\\/schema\\\/logo\\\/image\\\/\",\"url\":\"\",\"contentUrl\":\"\",\"caption\":\"TV Grebin\"},\"image\":{\"@id\":\"https:\\\/\\\/www.tvgrebin.de\\\/#\\\/schema\\\/logo\\\/image\\\/\"}}]}<\/script>\n<!-- \/ Yoast SEO plugin. -->","yoast_head_json":{"title":"Judo - TV Grebin","robots":{"index":"index","follow":"follow","max-snippet":"max-snippet:-1","max-image-preview":"max-image-preview:large","max-video-preview":"max-video-preview:-1"},"canonical":"https:\/\/www.tvgrebin.de\/index.php\/sportangebote\/judo\/","og_locale":"de_DE","og_type":"article","og_title":"Judo - TV Grebin","og_description":"Judo ist eine Kampfsportart, welche w\u00f6rtlich \u00fcbersetzt etwa &#8222;der sanfte Weg&#8220; bedeutet. Nicht aber die Techniken im einzelnen oder gar die Dynamik von Judo sind damit gemeint, sondern eher die Tatsache, dass die Techniken darauf ausgelegt sind, die Bewegungsrichtung -\/energie seines Gegen\u00fcbers f\u00fcr die eigene Verteidigung nutzbar zu machen. Weiterhin werden Judoka schon zu BeginnWeiterlesen","og_url":"https:\/\/www.tvgrebin.de\/index.php\/sportangebote\/judo\/","og_site_name":"TV Grebin","article_modified_time":"2025-08-21T18:05:34+00:00","og_image":[{"width":1111,"height":1148,"url":"https:\/\/www.tvgrebin.de\/wp-content\/uploads\/2025\/01\/Main.jpg","type":"image\/jpeg"}],"twitter_card":"summary_large_image","twitter_misc":{"Gesch\u00e4tzte Lesezeit":"2\u00a0Minuten"},"schema":{"@context":"https:\/\/schema.org","@graph":[{"@type":"WebPage","@id":"https:\/\/www.tvgrebin.de\/index.php\/sportangebote\/judo\/","url":"https:\/\/www.tvgrebin.de\/index.php\/sportangebote\/judo\/","name":"Judo - TV Grebin","isPartOf":{"@id":"https:\/\/www.tvgrebin.de\/#website"},"primaryImageOfPage":{"@id":"https:\/\/www.tvgrebin.de\/index.php\/sportangebote\/judo\/#primaryimage"},"image":{"@id":"https:\/\/www.tvgrebin.de\/index.php\/sportangebote\/judo\/#primaryimage"},"thumbnailUrl":"https:\/\/www.tvgrebin.de\/wp-content\/uploads\/2025\/01\/Main.jpg","datePublished":"2025-01-19T10:58:01+00:00","dateModified":"2025-08-21T18:05:34+00:00","breadcrumb":{"@id":"https:\/\/www.tvgrebin.de\/index.php\/sportangebote\/judo\/#breadcrumb"},"inLanguage":"de","potentialAction":[{"@type":"ReadAction","target":["https:\/\/www.tvgrebin.de\/index.php\/sportangebote\/judo\/"]}]},{"@type":"ImageObject","inLanguage":"de","@id":"https:\/\/www.tvgrebin.de\/index.php\/sportangebote\/judo\/#primaryimage","url":"https:\/\/www.tvgrebin.de\/wp-content\/uploads\/2025\/01\/Main.jpg","contentUrl":"https:\/\/www.tvgrebin.de\/wp-content\/uploads\/2025\/01\/Main.jpg","width":1111,"height":1148},{"@type":"BreadcrumbList","@id":"https:\/\/www.tvgrebin.de\/index.php\/sportangebote\/judo\/#breadcrumb","itemListElement":[{"@type":"ListItem","position":1,"name":"Startseite","item":"https:\/\/www.tvgrebin.de\/"},{"@type":"ListItem","position":2,"name":"Sportangebote","item":"https:\/\/www.tvgrebin.de\/index.php\/sportangebote\/"},{"@type":"ListItem","position":3,"name":"Judo"}]},{"@type":"WebSite","@id":"https:\/\/www.tvgrebin.de\/#website","url":"https:\/\/www.tvgrebin.de\/","name":"TV Grebin","description":"Turn- und Sportverein von 1927","publisher":{"@id":"https:\/\/www.tvgrebin.de\/#organization"},"potentialAction":[{"@type":"SearchAction","target":{"@type":"EntryPoint","urlTemplate":"https:\/\/www.tvgrebin.de\/?s={search_term_string}"},"query-input":{"@type":"PropertyValueSpecification","valueRequired":true,"valueName":"search_term_string"}}],"inLanguage":"de"},{"@type":"Organization","@id":"https:\/\/www.tvgrebin.de\/#organization","name":"TV Grebin","url":"https:\/\/www.tvgrebin.de\/","logo":{"@type":"ImageObject","inLanguage":"de","@id":"https:\/\/www.tvgrebin.de\/#\/schema\/logo\/image\/","url":"","contentUrl":"","caption":"TV Grebin"},"image":{"@id":"https:\/\/www.tvgrebin.de\/#\/schema\/logo\/image\/"}}]}},"_links":{"self":[{"href":"https:\/\/www.tvgrebin.de\/index.php\/wp-json\/wp\/v2\/pages\/1226","targetHints":{"allow":["GET"]}}],"collection":[{"href":"https:\/\/www.tvgrebin.de\/index.php\/wp-json\/wp\/v2\/pages"}],"about":[{"href":"https:\/\/www.tvgrebin.de\/index.php\/wp-json\/wp\/v2\/types\/page"}],"author":[{"embeddable":true,"href":"https:\/\/www.tvgrebin.de\/index.php\/wp-json\/wp\/v2\/users\/1"}],"replies":[{"embeddable":true,"href":"https:\/\/www.tvgrebin.de\/index.php\/wp-json\/wp\/v2\/comments?post=1226"}],"version-history":[{"count":16,"href":"https:\/\/www.tvgrebin.de\/index.php\/wp-json\/wp\/v2\/pages\/1226\/revisions"}],"predecessor-version":[{"id":1475,"href":"https:\/\/www.tvgrebin.de\/index.php\/wp-json\/wp\/v2\/pages\/1226\/revisions\/1475"}],"up":[{"embeddable":true,"href":"https:\/\/www.tvgrebin.de\/index.php\/wp-json\/wp\/v2\/pages\/22"}],"wp:featuredmedia":[{"embeddable":true,"href":"https:\/\/www.tvgrebin.de\/index.php\/wp-json\/wp\/v2\/media\/1267"}],"wp:attachment":[{"href":"https:\/\/www.tvgrebin.de\/index.php\/wp-json\/wp\/v2\/media?parent=1226"}],"curies":[{"name":"wp","href":"https:\/\/api.w.org\/{rel}","templated":true}]}}