{"id":1078,"date":"2023-03-02T08:06:40","date_gmt":"2023-03-02T07:06:40","guid":{"rendered":"https:\/\/www.tvgrebin.de\/?page_id=1078"},"modified":"2023-03-02T08:09:56","modified_gmt":"2023-03-02T07:09:56","slug":"cocktailnight-februar-2023","status":"publish","type":"page","link":"https:\/\/www.tvgrebin.de\/index.php\/cocktailnight-februar-2023\/","title":{"rendered":"Cocktailnight &#8211; Februar 2023"},"content":{"rendered":"\n<div class=\"wp-block-columns is-layout-flex wp-container-core-columns-is-layout-9d6595d7 wp-block-columns-is-layout-flex\">\n<div class=\"wp-block-column is-layout-flow wp-block-column-is-layout-flow\">\n<p>Am 25.02.2023 war es das erste Mal so weit und das Sportheim des TV Grebin war sommerlich dekoriert und farbenfroh geschm\u00fcckt f\u00fcr die Cocktailnight&#8230;<\/p>\n<p>Im Vorverkauf gingen bereits 60 Karten \u00fcber den Tisch und auch an der Abendkasse wurden noch Besucher*innen eingelassen. Ein Drink for free auf der Einlasskarte und die Hawaiikette umgeh\u00e4ngt, ging es dann \u00fcber die Tanzfl\u00e4che hin\u00fcber zu der Bar.<\/p>\n<p>Pina Colada, Teqila Sunrise, Caipi, Cuba Libre und unseren Sektcocktail Gulfstream habt ihr uns quasi aus den H\u00e4nden gerissen.<\/p>\n<p>Durch viele Snack-Spenden war das spendenbasierte Buffet reich gedeckt und die Einnahmen kamen dem Verein zugute, Danke daf\u00fcr!<\/p>\n<\/div>\n\n\n\n<div class=\"wp-block-column is-layout-flow wp-block-column-is-layout-flow\">\n<figure class=\"wp-block-image size-large\"><img loading=\"lazy\" decoding=\"async\" width=\"724\" height=\"1024\" src=\"https:\/\/www.tvgrebin.de\/wp-content\/uploads\/2023\/01\/Cocktailnight-724x1024.jpg\" alt=\"\" class=\"wp-image-1051\" srcset=\"https:\/\/www.tvgrebin.de\/wp-content\/uploads\/2023\/01\/Cocktailnight-724x1024.jpg 724w, https:\/\/www.tvgrebin.de\/wp-content\/uploads\/2023\/01\/Cocktailnight-212x300.jpg 212w, https:\/\/www.tvgrebin.de\/wp-content\/uploads\/2023\/01\/Cocktailnight-768x1086.jpg 768w, https:\/\/www.tvgrebin.de\/wp-content\/uploads\/2023\/01\/Cocktailnight-1086x1536.jpg 1086w, https:\/\/www.tvgrebin.de\/wp-content\/uploads\/2023\/01\/Cocktailnight-1448x2048.jpg 1448w, https:\/\/www.tvgrebin.de\/wp-content\/uploads\/2023\/01\/Cocktailnight-scaled.jpg 848w\" sizes=\"auto, (max-width: 724px) 100vw, 724px\" \/><\/figure>\n<\/div>\n<\/div>\n\n\n<p>Die Tanzfl\u00e4che wurde gerockt, den ganzen Abend gab es einfach geile Mukke und nat\u00fcrlich eure besten W\u00fcnsche.<\/p>\n<h3 style=\"text-align: center;\"><span style=\"color: #ff0000;\">Fazit des Abends:<\/span><\/h3>\n<p style=\"text-align: center;\">Alle hatten Spa\u00df! Grebin hat gefeiert! &#8211; es war eine meeeega geile Party mit euch.<\/p>\n<hr>\n<p style=\"text-align: center;\">Wir hoffen, dass Grebin damit vielleicht eine fest etablierte Veranstaltung in der &#8222;sauren Gurken Zeit&#8220; des Februars gewonnen hat &#8211; vielleicht dann aufs n\u00e4chste Jahr \ud83d\ude09<\/p>","protected":false},"excerpt":{"rendered":"<p>Am 25.02.2023 war es das erste Mal so weit und das Sportheim des TV Grebin war sommerlich dekoriert und farbenfroh geschm\u00fcckt f\u00fcr die Cocktailnight&#8230; Im Vorverkauf gingen bereits 60 Karten \u00fcber den Tisch und auch an der Abendkasse wurden noch Besucher*innen eingelassen. Ein Drink for free auf der Einlasskarte und die Hawaiikette umgeh\u00e4ngt, ging es<\/p>\n<div class=\"read-more\"><a href=\"https:\/\/www.tvgrebin.de\/index.php\/cocktailnight-februar-2023\/\" title=\"Read More\">Weiterlesen<i class=\"icon icon-angle-right\"><\/i><\/a><\/div>\n","protected":false},"author":1,"featured_media":0,"parent":0,"menu_order":0,"comment_status":"closed","ping_status":"closed","template":"","meta":{"footnotes":""},"class_list":["post-1078","page","type-page","status-publish"],"yoast_head":"<!-- This site is optimized with the Yoast SEO plugin v27.5 - https:\/\/yoast.com\/product\/yoast-seo-wordpress\/ -->\n<title>Cocktailnight - Februar 2023 - TV Grebin<\/title>\n<meta name=\"robots\" content=\"index, follow, max-snippet:-1, max-image-preview:large, max-video-preview:-1\" \/>\n<link rel=\"canonical\" href=\"https:\/\/www.tvgrebin.de\/index.php\/cocktailnight-februar-2023\/\" \/>\n<meta property=\"og:locale\" content=\"de_DE\" \/>\n<meta property=\"og:type\" content=\"article\" \/>\n<meta property=\"og:title\" content=\"Cocktailnight - Februar 2023 - TV Grebin\" \/>\n<meta property=\"og:description\" content=\"Am 25.02.2023 war es das erste Mal so weit und das Sportheim des TV Grebin war sommerlich dekoriert und farbenfroh geschm\u00fcckt f\u00fcr die Cocktailnight&#8230; Im Vorverkauf gingen bereits 60 Karten \u00fcber den Tisch und auch an der Abendkasse wurden noch Besucher*innen eingelassen. Ein Drink for free auf der Einlasskarte und die Hawaiikette umgeh\u00e4ngt, ging esWeiterlesen\" \/>\n<meta property=\"og:url\" content=\"https:\/\/www.tvgrebin.de\/index.php\/cocktailnight-februar-2023\/\" \/>\n<meta property=\"og:site_name\" content=\"TV Grebin\" \/>\n<meta property=\"article:modified_time\" content=\"2023-03-02T07:09:56+00:00\" \/>\n<meta property=\"og:image\" content=\"https:\/\/www.tvgrebin.de\/wp-content\/uploads\/2023\/01\/Cocktailnight-724x1024.jpg\" \/>\n<meta name=\"twitter:card\" content=\"summary_large_image\" \/>\n<meta name=\"twitter:label1\" content=\"Gesch\u00e4tzte Lesezeit\" \/>\n\t<meta name=\"twitter:data1\" content=\"2\u00a0Minuten\" \/>\n<script type=\"application\/ld+json\" class=\"yoast-schema-graph\">{\"@context\":\"https:\\\/\\\/schema.org\",\"@graph\":[{\"@type\":\"WebPage\",\"@id\":\"https:\\\/\\\/www.tvgrebin.de\\\/index.php\\\/cocktailnight-februar-2023\\\/\",\"url\":\"https:\\\/\\\/www.tvgrebin.de\\\/index.php\\\/cocktailnight-februar-2023\\\/\",\"name\":\"Cocktailnight - Februar 2023 - TV Grebin\",\"isPartOf\":{\"@id\":\"https:\\\/\\\/www.tvgrebin.de\\\/#website\"},\"primaryImageOfPage\":{\"@id\":\"https:\\\/\\\/www.tvgrebin.de\\\/index.php\\\/cocktailnight-februar-2023\\\/#primaryimage\"},\"image\":{\"@id\":\"https:\\\/\\\/www.tvgrebin.de\\\/index.php\\\/cocktailnight-februar-2023\\\/#primaryimage\"},\"thumbnailUrl\":\"https:\\\/\\\/www.tvgrebin.de\\\/wp-content\\\/uploads\\\/2023\\\/01\\\/Cocktailnight-724x1024.jpg\",\"datePublished\":\"2023-03-02T07:06:40+00:00\",\"dateModified\":\"2023-03-02T07:09:56+00:00\",\"breadcrumb\":{\"@id\":\"https:\\\/\\\/www.tvgrebin.de\\\/index.php\\\/cocktailnight-februar-2023\\\/#breadcrumb\"},\"inLanguage\":\"de\",\"potentialAction\":[{\"@type\":\"ReadAction\",\"target\":[\"https:\\\/\\\/www.tvgrebin.de\\\/index.php\\\/cocktailnight-februar-2023\\\/\"]}]},{\"@type\":\"ImageObject\",\"inLanguage\":\"de\",\"@id\":\"https:\\\/\\\/www.tvgrebin.de\\\/index.php\\\/cocktailnight-februar-2023\\\/#primaryimage\",\"url\":\"https:\\\/\\\/www.tvgrebin.de\\\/wp-content\\\/uploads\\\/2023\\\/01\\\/Cocktailnight-724x1024.jpg\",\"contentUrl\":\"https:\\\/\\\/www.tvgrebin.de\\\/wp-content\\\/uploads\\\/2023\\\/01\\\/Cocktailnight-724x1024.jpg\"},{\"@type\":\"BreadcrumbList\",\"@id\":\"https:\\\/\\\/www.tvgrebin.de\\\/index.php\\\/cocktailnight-februar-2023\\\/#breadcrumb\",\"itemListElement\":[{\"@type\":\"ListItem\",\"position\":1,\"name\":\"Startseite\",\"item\":\"https:\\\/\\\/www.tvgrebin.de\\\/\"},{\"@type\":\"ListItem\",\"position\":2,\"name\":\"Cocktailnight &#8211; Februar 2023\"}]},{\"@type\":\"WebSite\",\"@id\":\"https:\\\/\\\/www.tvgrebin.de\\\/#website\",\"url\":\"https:\\\/\\\/www.tvgrebin.de\\\/\",\"name\":\"TV Grebin\",\"description\":\"Turn- und Sportverein von 1927\",\"publisher\":{\"@id\":\"https:\\\/\\\/www.tvgrebin.de\\\/#organization\"},\"potentialAction\":[{\"@type\":\"SearchAction\",\"target\":{\"@type\":\"EntryPoint\",\"urlTemplate\":\"https:\\\/\\\/www.tvgrebin.de\\\/?s={search_term_string}\"},\"query-input\":{\"@type\":\"PropertyValueSpecification\",\"valueRequired\":true,\"valueName\":\"search_term_string\"}}],\"inLanguage\":\"de\"},{\"@type\":\"Organization\",\"@id\":\"https:\\\/\\\/www.tvgrebin.de\\\/#organization\",\"name\":\"TV Grebin\",\"url\":\"https:\\\/\\\/www.tvgrebin.de\\\/\",\"logo\":{\"@type\":\"ImageObject\",\"inLanguage\":\"de\",\"@id\":\"https:\\\/\\\/www.tvgrebin.de\\\/#\\\/schema\\\/logo\\\/image\\\/\",\"url\":\"\",\"contentUrl\":\"\",\"caption\":\"TV Grebin\"},\"image\":{\"@id\":\"https:\\\/\\\/www.tvgrebin.de\\\/#\\\/schema\\\/logo\\\/image\\\/\"}}]}<\/script>\n<!-- \/ Yoast SEO plugin. -->","yoast_head_json":{"title":"Cocktailnight - Februar 2023 - TV Grebin","robots":{"index":"index","follow":"follow","max-snippet":"max-snippet:-1","max-image-preview":"max-image-preview:large","max-video-preview":"max-video-preview:-1"},"canonical":"https:\/\/www.tvgrebin.de\/index.php\/cocktailnight-februar-2023\/","og_locale":"de_DE","og_type":"article","og_title":"Cocktailnight - Februar 2023 - TV Grebin","og_description":"Am 25.02.2023 war es das erste Mal so weit und das Sportheim des TV Grebin war sommerlich dekoriert und farbenfroh geschm\u00fcckt f\u00fcr die Cocktailnight&#8230; Im Vorverkauf gingen bereits 60 Karten \u00fcber den Tisch und auch an der Abendkasse wurden noch Besucher*innen eingelassen. Ein Drink for free auf der Einlasskarte und die Hawaiikette umgeh\u00e4ngt, ging esWeiterlesen","og_url":"https:\/\/www.tvgrebin.de\/index.php\/cocktailnight-februar-2023\/","og_site_name":"TV Grebin","article_modified_time":"2023-03-02T07:09:56+00:00","og_image":[{"url":"https:\/\/www.tvgrebin.de\/wp-content\/uploads\/2023\/01\/Cocktailnight-724x1024.jpg","type":"","width":"","height":""}],"twitter_card":"summary_large_image","twitter_misc":{"Gesch\u00e4tzte Lesezeit":"2\u00a0Minuten"},"schema":{"@context":"https:\/\/schema.org","@graph":[{"@type":"WebPage","@id":"https:\/\/www.tvgrebin.de\/index.php\/cocktailnight-februar-2023\/","url":"https:\/\/www.tvgrebin.de\/index.php\/cocktailnight-februar-2023\/","name":"Cocktailnight - Februar 2023 - TV Grebin","isPartOf":{"@id":"https:\/\/www.tvgrebin.de\/#website"},"primaryImageOfPage":{"@id":"https:\/\/www.tvgrebin.de\/index.php\/cocktailnight-februar-2023\/#primaryimage"},"image":{"@id":"https:\/\/www.tvgrebin.de\/index.php\/cocktailnight-februar-2023\/#primaryimage"},"thumbnailUrl":"https:\/\/www.tvgrebin.de\/wp-content\/uploads\/2023\/01\/Cocktailnight-724x1024.jpg","datePublished":"2023-03-02T07:06:40+00:00","dateModified":"2023-03-02T07:09:56+00:00","breadcrumb":{"@id":"https:\/\/www.tvgrebin.de\/index.php\/cocktailnight-februar-2023\/#breadcrumb"},"inLanguage":"de","potentialAction":[{"@type":"ReadAction","target":["https:\/\/www.tvgrebin.de\/index.php\/cocktailnight-februar-2023\/"]}]},{"@type":"ImageObject","inLanguage":"de","@id":"https:\/\/www.tvgrebin.de\/index.php\/cocktailnight-februar-2023\/#primaryimage","url":"https:\/\/www.tvgrebin.de\/wp-content\/uploads\/2023\/01\/Cocktailnight-724x1024.jpg","contentUrl":"https:\/\/www.tvgrebin.de\/wp-content\/uploads\/2023\/01\/Cocktailnight-724x1024.jpg"},{"@type":"BreadcrumbList","@id":"https:\/\/www.tvgrebin.de\/index.php\/cocktailnight-februar-2023\/#breadcrumb","itemListElement":[{"@type":"ListItem","position":1,"name":"Startseite","item":"https:\/\/www.tvgrebin.de\/"},{"@type":"ListItem","position":2,"name":"Cocktailnight &#8211; Februar 2023"}]},{"@type":"WebSite","@id":"https:\/\/www.tvgrebin.de\/#website","url":"https:\/\/www.tvgrebin.de\/","name":"TV Grebin","description":"Turn- und Sportverein von 1927","publisher":{"@id":"https:\/\/www.tvgrebin.de\/#organization"},"potentialAction":[{"@type":"SearchAction","target":{"@type":"EntryPoint","urlTemplate":"https:\/\/www.tvgrebin.de\/?s={search_term_string}"},"query-input":{"@type":"PropertyValueSpecification","valueRequired":true,"valueName":"search_term_string"}}],"inLanguage":"de"},{"@type":"Organization","@id":"https:\/\/www.tvgrebin.de\/#organization","name":"TV Grebin","url":"https:\/\/www.tvgrebin.de\/","logo":{"@type":"ImageObject","inLanguage":"de","@id":"https:\/\/www.tvgrebin.de\/#\/schema\/logo\/image\/","url":"","contentUrl":"","caption":"TV Grebin"},"image":{"@id":"https:\/\/www.tvgrebin.de\/#\/schema\/logo\/image\/"}}]}},"_links":{"self":[{"href":"https:\/\/www.tvgrebin.de\/index.php\/wp-json\/wp\/v2\/pages\/1078","targetHints":{"allow":["GET"]}}],"collection":[{"href":"https:\/\/www.tvgrebin.de\/index.php\/wp-json\/wp\/v2\/pages"}],"about":[{"href":"https:\/\/www.tvgrebin.de\/index.php\/wp-json\/wp\/v2\/types\/page"}],"author":[{"embeddable":true,"href":"https:\/\/www.tvgrebin.de\/index.php\/wp-json\/wp\/v2\/users\/1"}],"replies":[{"embeddable":true,"href":"https:\/\/www.tvgrebin.de\/index.php\/wp-json\/wp\/v2\/comments?post=1078"}],"version-history":[{"count":3,"href":"https:\/\/www.tvgrebin.de\/index.php\/wp-json\/wp\/v2\/pages\/1078\/revisions"}],"predecessor-version":[{"id":1083,"href":"https:\/\/www.tvgrebin.de\/index.php\/wp-json\/wp\/v2\/pages\/1078\/revisions\/1083"}],"wp:attachment":[{"href":"https:\/\/www.tvgrebin.de\/index.php\/wp-json\/wp\/v2\/media?parent=1078"}],"curies":[{"name":"wp","href":"https:\/\/api.w.org\/{rel}","templated":true}]}}